{"id":8950,"date":"2017-03-30T11:28:47","date_gmt":"2017-03-30T08:28:47","guid":{"rendered":"https:\/\/profloors.ee\/c%d0%bf%d0%be%d1%80%d1%82%d0%b8%d0%b2%d0%bd%d1%8b%d0%b9-%d0%b8%d0%bd%d0%b2%d0%b5%d0%bd%d1%82%d0%b0%d1%80%d1%8c\/istmedtribuunid\/statsionaarsed-valisspordivaljakute-tribuunid\/"},"modified":"2022-01-28T17:00:46","modified_gmt":"2022-01-28T15:00:46","slug":"statsionaarsed-valisspordivaljakute-tribuunid","status":"publish","type":"page","link":"https:\/\/profloors.ee\/ru\/c%d0%bf%d0%be%d1%80%d1%82%d0%b8%d0%b2%d0%bd%d1%8b%d0%b9-%d0%b8%d0%bd%d0%b2%d0%b5%d0%bd%d1%82%d0%b0%d1%80%d1%8c\/istmedtribuunid\/statsionaarsed-valisspordivaljakute-tribuunid\/","title":{"rendered":"\u0421\u0442\u0430\u0446\u0438\u043e\u043d\u0430\u0440\u043d\u0430\u044f \u0442\u0440\u0438\u0431\u0443\u043d\u0430 \u0434\u043b\u044f \u0441\u043f\u043e\u0440\u0442\u0437\u0430\u043b\u043e\u0432 \u0438 \u0434\u043b\u044f \u0432\u043d\u0435\u0448\u043d\u0438\u0445 \u043e\u0431\u044a\u0435\u043a\u0442\u043e\u0432 \u0441 \u043f\u043b\u0430\u0441\u0442\u0438\u043a\u043e\u0432\u044b\u043c\u0438 \u0441\u0438\u0434\u0435\u043d\u044c\u044f\u043c\u0438"},"content":{"rendered":"<div  class=\"fusion-fullwidth fullwidth-box hundred-percent-fullwidth\"  style='background-color: rgba(255,255,255,0);background-position: center center;background-repeat: no-repeat;padding-top:0px;padding-right:40px;padding-bottom:0px;padding-left:40px;'><div class=\"fusion-builder-row fusion-row \"><div  class=\"fusion-layout-column fusion_builder_column fusion_builder_column_1_1  fusion-one-full fusion-column-first fusion-column-last fusion-column-no-min-height 1_1\"  style='margin-top:0px;margin-bottom:0px;'>\n\t\t\t<div class=\"fusion-column-wrapper\" style=\"background-position:left top;background-repeat:no-repeat;-webkit-background-size:cover;-moz-background-size:cover;-o-background-size:cover;background-size:cover;\"  data-bg-url=\"\">\n\t\t\t\t<div class=\"fusion-blog-shortcode fusion-blog-shortcode-1 fusion-blog-archive fusion-blog-layout-grid-wrapper fusion-blog-infinite\"><style type=\"text\/css\">.fusion-blog-shortcode-1 .fusion-blog-layout-grid .fusion-post-grid{padding:20px;}.fusion-blog-shortcode-1 .fusion-posts-container{margin-left: -20px !important; margin-right:-20px !important;}<\/style><div class=\"fusion-posts-container fusion-posts-container-infinite fusion-blog-layout-grid fusion-blog-layout-grid-3 isotope\" data-pages=\"0\" data-grid-col-space=\"40\" style=\"margin: -20px -20px 0;height:500px;\"><article id=\"post-12231\" class=\"fusion-post-grid post-12231 post type-post status-publish format-standard has-post-thumbnail hentry category-statsionaarsed-valisspordivaljakute-tribuunid-ru\">\n<div class=\"fusion-post-wrapper\">                <!--<a class=\"link-to-blog\" href=\"https:\/\/profloors.ee\/ru\/statsionaarsed-valisspordivaljakute-tribuunid-ru\/umara-voi-sirge-katusega-statsionaarne-tribuun\/\">-->\n                    \n\n\n\t<div class=\"fusion-flexslider flexslider fusion-flexslider-loading fusion-post-slideshow\">\n\t\t<ul class=\"slides\">\n\t\t\t\n\t\t\t\t\t\t\t\t\t\t\t\t\t\t\t\t\t\t<li>\n<div class=\"fusion-image-wrapper\" aria-haspopup=\"true\">\n\n\t\n\t\t<a href=\"https:\/\/profloors.ee\/ru\/statsionaarsed-valisspordivaljakute-tribuunid-ru\/umara-voi-sirge-katusega-statsionaarne-tribuun\/\">\n\t\t\t\n\t\t\t\t\t<img loading=\"lazy\" decoding=\"async\" width=\"1158\" height=\"488\" src=\"https:\/\/profloors.ee\/wp-content\/uploads\/2024\/01\/\u00dcmara-katusega-statsionaarne-trib\u00fc\u00fcn-2-400x169.jpg\" class=\"attachment-full size-full wp-post-image\" alt=\"\" srcset=\"https:\/\/profloors.ee\/wp-content\/uploads\/2024\/01\/\u00dcmara-katusega-statsionaarne-trib\u00fc\u00fcn-2-200x84.jpg 200w, https:\/\/profloors.ee\/wp-content\/uploads\/2024\/01\/\u00dcmara-katusega-statsionaarne-trib\u00fc\u00fcn-2-400x169.jpg 400w, https:\/\/profloors.ee\/wp-content\/uploads\/2024\/01\/\u00dcmara-katusega-statsionaarne-trib\u00fc\u00fcn-2-600x253.jpg 600w, https:\/\/profloors.ee\/wp-content\/uploads\/2024\/01\/\u00dcmara-katusega-statsionaarne-trib\u00fc\u00fcn-2-800x337.jpg 800w, https:\/\/profloors.ee\/wp-content\/uploads\/2024\/01\/\u00dcmara-katusega-statsionaarne-trib\u00fc\u00fcn-2.jpg 1158w\" sizes=\"auto, (min-width: 824px) 363px, (min-width: 732px) 545px, (min-width: 640px) 732px, 100vw\" \/>\n\t\n\n\t\t<\/a>\n\n\t\n<\/div>\n<\/li>\n\t\t\t\n\t\t\t\t\t\t\t\t\t\t\t\t\t\t\t\t\t\t\t\t\t\t\t\t\t\t\t\t\t\t\t\t\t\t\t\t\t\t\t\t\t\t\t\t\t\t\t\t\t\t\t\t\t\t\t\t\t\t\t\t\t\t\t\t\t\t\t\t\t\t\t<\/ul>\n\t<\/div>\n<div class=\"fusion-post-content-wrapper\"><div class=\"fusion-post-content post-content\"><h2 class=\"blog-shortcode-post-title entry-title\"><a href=\"https:\/\/profloors.ee\/ru\/statsionaarsed-valisspordivaljakute-tribuunid-ru\/umara-voi-sirge-katusega-statsionaarne-tribuun\/\">\u00dcmara v\u00f5i sirge katusega statsionaarne trib\u00fc\u00fcn<\/a><\/h2>                <!--<\/a>-->\n                <div class=\"fusion-post-content-container\"><p><\/p><\/div>                        <div class=\"single-product-button\">\n                            <a class=\"fusion-button button-flat button-round button-large button-custom button-1 product-button\"\n                               href=\"https:\/\/profloors.ee\/ru\/statsionaarsed-valisspordivaljakute-tribuunid-ru\/umara-voi-sirge-katusega-statsionaarne-tribuun\/#color-card\">Galerii<\/a>\n                        <\/div>\n                    <\/div><\/div><div class=\"fusion-clearfix\"><\/div><\/div>\n<\/article>\n<article id=\"post-9626\" class=\"fusion-post-grid post-9626 post type-post status-publish format-standard has-post-thumbnail hentry category-statsionaarsed-valisspordivaljakute-tribuunid-ru\">\n<div class=\"fusion-post-wrapper\">                <!--<a class=\"link-to-blog\" href=\"https:\/\/profloors.ee\/ru\/statsionaarsed-valisspordivaljakute-tribuunid-ru\/statsionaarsed-tribuunid\/\">-->\n                    \n\n\n\t<div class=\"fusion-flexslider flexslider fusion-flexslider-loading fusion-post-slideshow\">\n\t\t<ul class=\"slides\">\n\t\t\t\n\t\t\t\t\t\t\t\t\t\t\t\t\t\t\t\t\t\t<li>\n<div class=\"fusion-image-wrapper\" aria-haspopup=\"true\">\n\n\t\n\t\t<a href=\"https:\/\/profloors.ee\/ru\/statsionaarsed-valisspordivaljakute-tribuunid-ru\/statsionaarsed-tribuunid\/\">\n\t\t\t\n\t\t\t\t\t<img loading=\"lazy\" decoding=\"async\" width=\"1024\" height=\"768\" src=\"https:\/\/profloors.ee\/wp-content\/uploads\/2021\/03\/Kohtla-J\u00e4rve-Spordi-ja-tervisekeskuse-ujula-trib\u00fc\u00fcn-400x300.jpg\" class=\"attachment-full size-full wp-post-image\" alt=\"\" srcset=\"https:\/\/profloors.ee\/wp-content\/uploads\/2021\/03\/Kohtla-J\u00e4rve-Spordi-ja-tervisekeskuse-ujula-trib\u00fc\u00fcn-200x150.jpg 200w, https:\/\/profloors.ee\/wp-content\/uploads\/2021\/03\/Kohtla-J\u00e4rve-Spordi-ja-tervisekeskuse-ujula-trib\u00fc\u00fcn-400x300.jpg 400w, https:\/\/profloors.ee\/wp-content\/uploads\/2021\/03\/Kohtla-J\u00e4rve-Spordi-ja-tervisekeskuse-ujula-trib\u00fc\u00fcn-600x450.jpg 600w, https:\/\/profloors.ee\/wp-content\/uploads\/2021\/03\/Kohtla-J\u00e4rve-Spordi-ja-tervisekeskuse-ujula-trib\u00fc\u00fcn-800x600.jpg 800w, https:\/\/profloors.ee\/wp-content\/uploads\/2021\/03\/Kohtla-J\u00e4rve-Spordi-ja-tervisekeskuse-ujula-trib\u00fc\u00fcn.jpg 1024w\" sizes=\"auto, (min-width: 824px) 363px, (min-width: 732px) 545px, (min-width: 640px) 732px, 100vw\" \/>\n\t\n\n\t\t<\/a>\n\n\t\n<\/div>\n<\/li>\n\t\t\t\n\t\t\t\t\t\t\t\t\t\t\t\t\t\t\t\t\t\t\t\t\t\t\t\t\t\t\t\t\t\t\t\t\t\t\t\t\t\t\t\t\t\t\t\t\t\t\t\t\t\t\t\t\t\t\t\t\t\t\t\t\t\t\t\t\t\t\t\t\t\t\t<\/ul>\n\t<\/div>\n<div class=\"fusion-post-content-wrapper\"><div class=\"fusion-post-content post-content\"><h2 class=\"blog-shortcode-post-title entry-title\"><a href=\"https:\/\/profloors.ee\/ru\/statsionaarsed-valisspordivaljakute-tribuunid-ru\/statsionaarsed-tribuunid\/\">Statsionaarsed trib\u00fc\u00fcnid<\/a><\/h2>                <!--<\/a>-->\n                <div class=\"fusion-post-content-container\"><p><\/p><\/div>                        <div class=\"single-product-button\">\n                            <a class=\"fusion-button button-flat button-round button-large button-custom button-1 product-button\"\n                               href=\"https:\/\/profloors.ee\/ru\/statsionaarsed-valisspordivaljakute-tribuunid-ru\/statsionaarsed-tribuunid\/#color-card\">Galerii<\/a>\n                        <\/div>\n                    <\/div><\/div><div class=\"fusion-clearfix\"><\/div><\/div>\n<\/article>\n<div class=\"fusion-clearfix\"><\/div><\/div>\n\t\t\t\t\t\t\t\t\t<div class='pagination clearfix'>\n\t\t\t\n\t\t\t\n\t\t\t\n\t\t\t\n\t\t\t<\/div>\n\t\t\t\t\t<\/div><div class=\"fusion-clearfix\"><\/div>\n\n\t\t\t<\/div>\n\t\t<\/div><\/div><\/div>\n","protected":false},"excerpt":{"rendered":"","protected":false},"author":1,"featured_media":9572,"parent":3474,"menu_order":30,"comment_status":"closed","ping_status":"closed","template":"","meta":{"_acf_changed":false,"footnotes":""},"class_list":["post-8950","page","type-page","status-publish","has-post-thumbnail","hentry"],"acf":[],"_links":{"self":[{"href":"https:\/\/profloors.ee\/ru\/wp-json\/wp\/v2\/pages\/8950","targetHints":{"allow":["GET"]}}],"collection":[{"href":"https:\/\/profloors.ee\/ru\/wp-json\/wp\/v2\/pages"}],"about":[{"href":"https:\/\/profloors.ee\/ru\/wp-json\/wp\/v2\/types\/page"}],"author":[{"embeddable":true,"href":"https:\/\/profloors.ee\/ru\/wp-json\/wp\/v2\/users\/1"}],"replies":[{"embeddable":true,"href":"https:\/\/profloors.ee\/ru\/wp-json\/wp\/v2\/comments?post=8950"}],"version-history":[{"count":4,"href":"https:\/\/profloors.ee\/ru\/wp-json\/wp\/v2\/pages\/8950\/revisions"}],"predecessor-version":[{"id":10670,"href":"https:\/\/profloors.ee\/ru\/wp-json\/wp\/v2\/pages\/8950\/revisions\/10670"}],"up":[{"embeddable":true,"href":"https:\/\/profloors.ee\/ru\/wp-json\/wp\/v2\/pages\/3474"}],"wp:featuredmedia":[{"embeddable":true,"href":"https:\/\/profloors.ee\/ru\/wp-json\/wp\/v2\/media\/9572"}],"wp:attachment":[{"href":"https:\/\/profloors.ee\/ru\/wp-json\/wp\/v2\/media?parent=8950"}],"curies":[{"name":"wp","href":"https:\/\/api.w.org\/{rel}","templated":true}]}}