{"id":8835,"date":"2017-03-30T11:29:45","date_gmt":"2017-03-30T08:29:45","guid":{"rendered":"https:\/\/profloors.ee\/c%d0%bf%d0%be%d1%80%d1%82%d0%b8%d0%b2%d0%bd%d1%8b%d0%b9-%d0%b8%d0%bd%d0%b2%d0%b5%d0%bd%d1%82%d0%b0%d1%80%d1%8c\/istmedtribuunid\/teleskooptribuunid\/"},"modified":"2022-01-28T16:48:50","modified_gmt":"2022-01-28T14:48:50","slug":"teleskooptribuunid","status":"publish","type":"page","link":"https:\/\/profloors.ee\/ru\/c%d0%bf%d0%be%d1%80%d1%82%d0%b8%d0%b2%d0%bd%d1%8b%d0%b9-%d0%b8%d0%bd%d0%b2%d0%b5%d0%bd%d1%82%d0%b0%d1%80%d1%8c\/istmedtribuunid\/teleskooptribuunid\/","title":{"rendered":"\u0422\u0435\u043b\u0435\u0441\u043a\u043e\u043f\u0438\u0447\u0435\u0441\u043a\u0438\u0435 \u0442\u0440\u0438\u0431\u0443\u043d\u044b \u0434\u043b\u0430 \u0437\u0430\u043b\u043e\u0432"},"content":{"rendered":"<div  class=\"fusion-fullwidth fullwidth-box hundred-percent-fullwidth\"  style='background-color: rgba(255,255,255,0);background-position: center center;background-repeat: no-repeat;padding-top:0px;padding-right:40px;padding-bottom:0px;padding-left:40px;'><div class=\"fusion-builder-row fusion-row \"><div  class=\"fusion-layout-column fusion_builder_column fusion_builder_column_1_1  fusion-one-full fusion-column-first fusion-column-last fusion-column-no-min-height 1_1\"  style='margin-top:0px;margin-bottom:0px;'>\n\t\t\t<div class=\"fusion-column-wrapper\" style=\"background-position:left top;background-repeat:no-repeat;-webkit-background-size:cover;-moz-background-size:cover;-o-background-size:cover;background-size:cover;\"  data-bg-url=\"\">\n\t\t\t\t<div class=\"fusion-blog-shortcode fusion-blog-shortcode-1 fusion-blog-archive fusion-blog-layout-grid-wrapper fusion-blog-infinite\"><style type=\"text\/css\">.fusion-blog-shortcode-1 .fusion-blog-layout-grid .fusion-post-grid{padding:20px;}.fusion-blog-shortcode-1 .fusion-posts-container{margin-left: -20px !important; margin-right:-20px !important;}<\/style><div class=\"fusion-posts-container fusion-posts-container-infinite fusion-blog-layout-grid fusion-blog-layout-grid-3 isotope\" data-pages=\"0\" data-grid-col-space=\"40\" style=\"margin: -20px -20px 0;height:500px;\"><article id=\"post-10466\" class=\"fusion-post-grid post-10466 post type-post status-publish format-standard has-post-thumbnail hentry category-teleskooptribuunid-ru\">\n<div class=\"fusion-post-wrapper\">                <!--<a class=\"link-to-blog\" href=\"https:\/\/profloors.ee\/ru\/teleskooptribuunid-ru\/teleskooptribuunid-pehmete-istmetega\/\">-->\n                    \n\n\n\t<div class=\"fusion-flexslider flexslider fusion-flexslider-loading fusion-post-slideshow\">\n\t\t<ul class=\"slides\">\n\t\t\t\n\t\t\t\t\t\t\t\t\t\t\t\t\t\t\t\t\t\t<li>\n<div class=\"fusion-image-wrapper\" aria-haspopup=\"true\">\n\n\t\n\t\t<a href=\"https:\/\/profloors.ee\/ru\/teleskooptribuunid-ru\/teleskooptribuunid-pehmete-istmetega\/\">\n\t\t\t\n\t\t\t\t\t<img loading=\"lazy\" decoding=\"async\" width=\"1024\" height=\"768\" src=\"https:\/\/profloors.ee\/wp-content\/uploads\/2022\/01\/R\u00f5uge-rahvamaja-teleskooptrib\u00fc\u00fcn-400x300.jpg\" class=\"attachment-full size-full wp-post-image\" alt=\"\" srcset=\"https:\/\/profloors.ee\/wp-content\/uploads\/2022\/01\/R\u00f5uge-rahvamaja-teleskooptrib\u00fc\u00fcn-200x150.jpg 200w, https:\/\/profloors.ee\/wp-content\/uploads\/2022\/01\/R\u00f5uge-rahvamaja-teleskooptrib\u00fc\u00fcn-400x300.jpg 400w, https:\/\/profloors.ee\/wp-content\/uploads\/2022\/01\/R\u00f5uge-rahvamaja-teleskooptrib\u00fc\u00fcn-600x450.jpg 600w, https:\/\/profloors.ee\/wp-content\/uploads\/2022\/01\/R\u00f5uge-rahvamaja-teleskooptrib\u00fc\u00fcn-800x600.jpg 800w, https:\/\/profloors.ee\/wp-content\/uploads\/2022\/01\/R\u00f5uge-rahvamaja-teleskooptrib\u00fc\u00fcn.jpg 1024w\" sizes=\"auto, (min-width: 824px) 363px, (min-width: 732px) 545px, (min-width: 640px) 732px, 100vw\" \/>\n\t\n\n\t\t<\/a>\n\n\t\n<\/div>\n<\/li>\n\t\t\t\n\t\t\t\t\t\t\t\t\t\t\t\t\t\t\t\t\t\t\t\t\t\t\t\t\t\t\t\t\t\t\t\t\t\t\t\t\t\t\t\t\t\t\t\t\t\t\t\t\t\t\t\t\t\t\t\t\t\t\t\t\t\t\t\t\t\t\t\t\t\t\t<\/ul>\n\t<\/div>\n<div class=\"fusion-post-content-wrapper\"><div class=\"fusion-post-content post-content\"><h2 class=\"blog-shortcode-post-title entry-title\"><a href=\"https:\/\/profloors.ee\/ru\/teleskooptribuunid-ru\/teleskooptribuunid-pehmete-istmetega\/\">Teleskooptrib\u00fc\u00fcnid riidest istmetega<\/a><\/h2>                <!--<\/a>-->\n                <div class=\"fusion-post-content-container\"><p><\/p><\/div>                        <div class=\"single-product-button\">\n                            <a class=\"fusion-button button-flat button-round button-large button-custom button-1 product-button\"\n                               href=\"https:\/\/profloors.ee\/ru\/teleskooptribuunid-ru\/teleskooptribuunid-pehmete-istmetega\/#color-card\">Galerii<\/a>\n                        <\/div>\n                    <\/div><\/div><div class=\"fusion-clearfix\"><\/div><\/div>\n<\/article>\n<article id=\"post-8886\" class=\"fusion-post-grid post-8886 post type-post status-publish format-standard has-post-thumbnail hentry category-teleskooptribuunid-ru\">\n<div class=\"fusion-post-wrapper\">                <!--<a class=\"link-to-blog\" href=\"https:\/\/profloors.ee\/ru\/teleskooptribuunid-ru\/teleskooptribuunid\/\">-->\n                    \n\n\n\t<div class=\"fusion-flexslider flexslider fusion-flexslider-loading fusion-post-slideshow\">\n\t\t<ul class=\"slides\">\n\t\t\t\n\t\t\t\t\t\t\t\t\t\t\t\t\t\t\t\t\t\t<li>\n<div class=\"fusion-image-wrapper\" aria-haspopup=\"true\">\n\n\t\n\t\t<a href=\"https:\/\/profloors.ee\/ru\/teleskooptribuunid-ru\/teleskooptribuunid\/\">\n\t\t\t\n\t\t\t\t\t<img loading=\"lazy\" decoding=\"async\" width=\"2016\" height=\"1512\" src=\"https:\/\/profloors.ee\/wp-content\/uploads\/2020\/04\/Elva-Spordihoone-3-400x300.jpg\" class=\"attachment-full size-full wp-post-image\" alt=\"\" srcset=\"https:\/\/profloors.ee\/wp-content\/uploads\/2020\/04\/Elva-Spordihoone-3-200x150.jpg 200w, https:\/\/profloors.ee\/wp-content\/uploads\/2020\/04\/Elva-Spordihoone-3-400x300.jpg 400w, https:\/\/profloors.ee\/wp-content\/uploads\/2020\/04\/Elva-Spordihoone-3-600x450.jpg 600w, https:\/\/profloors.ee\/wp-content\/uploads\/2020\/04\/Elva-Spordihoone-3-800x600.jpg 800w, https:\/\/profloors.ee\/wp-content\/uploads\/2020\/04\/Elva-Spordihoone-3-1200x900.jpg 1200w, https:\/\/profloors.ee\/wp-content\/uploads\/2020\/04\/Elva-Spordihoone-3.jpg 2016w\" sizes=\"auto, (min-width: 824px) 363px, (min-width: 732px) 545px, (min-width: 640px) 732px, 100vw\" \/>\n\t\n\n\t\t<\/a>\n\n\t\n<\/div>\n<\/li>\n\t\t\t\n\t\t\t\t\t\t\t\t\t\t\t\t\t\t\t\t\t\t\t\t\t\t\t\t\t\t\t\t\t\t\t\t\t\t\t\t\t\t\t\t\t\t\t\t\t\t\t\t\t\t\t\t\t\t\t\t\t\t\t\t\t\t\t\t\t\t\t\t\t\t\t<\/ul>\n\t<\/div>\n<div class=\"fusion-post-content-wrapper\"><div class=\"fusion-post-content post-content\"><h2 class=\"blog-shortcode-post-title entry-title\"><a href=\"https:\/\/profloors.ee\/ru\/teleskooptribuunid-ru\/teleskooptribuunid\/\">\u0422\u0435\u043b\u0435\u0441\u043a\u043e\u043f\u0438\u0447\u0435\u0441\u043a\u0438\u0435 \u0442\u0440\u0438\u0431\u0443\u043d\u044b \u0441 \u043f\u043b\u0430\u0441\u0442\u0438\u043a\u043e\u0432\u044b\u043c\u0438 \u0441\u0438\u0434\u0435\u043d\u044c\u044f\u043c\u0438<\/a><\/h2>                <!--<\/a>-->\n                <div class=\"fusion-post-content-container\"><p><\/p><\/div>                        <div class=\"single-product-button\">\n                            <a class=\"fusion-button button-flat button-round button-large button-custom button-1 product-button\"\n                               href=\"https:\/\/profloors.ee\/ru\/teleskooptribuunid-ru\/teleskooptribuunid\/#color-card\">Galerii<\/a>\n                        <\/div>\n                    <\/div><\/div><div class=\"fusion-clearfix\"><\/div><\/div>\n<\/article>\n<div class=\"fusion-clearfix\"><\/div><\/div>\n\t\t\t\t\t\t\t\t\t<div class='pagination clearfix'>\n\t\t\t\n\t\t\t\n\t\t\t\n\t\t\t\n\t\t\t<\/div>\n\t\t\t\t\t<\/div><div class=\"fusion-clearfix\"><\/div>\n\n\t\t\t<\/div>\n\t\t<\/div><\/div><\/div>\n","protected":false},"excerpt":{"rendered":"","protected":false},"author":1,"featured_media":8966,"parent":3474,"menu_order":50,"comment_status":"closed","ping_status":"closed","template":"","meta":{"_acf_changed":false,"footnotes":""},"class_list":["post-8835","page","type-page","status-publish","has-post-thumbnail","hentry"],"acf":[],"_links":{"self":[{"href":"https:\/\/profloors.ee\/ru\/wp-json\/wp\/v2\/pages\/8835","targetHints":{"allow":["GET"]}}],"collection":[{"href":"https:\/\/profloors.ee\/ru\/wp-json\/wp\/v2\/pages"}],"about":[{"href":"https:\/\/profloors.ee\/ru\/wp-json\/wp\/v2\/types\/page"}],"author":[{"embeddable":true,"href":"https:\/\/profloors.ee\/ru\/wp-json\/wp\/v2\/users\/1"}],"replies":[{"embeddable":true,"href":"https:\/\/profloors.ee\/ru\/wp-json\/wp\/v2\/comments?post=8835"}],"version-history":[{"count":3,"href":"https:\/\/profloors.ee\/ru\/wp-json\/wp\/v2\/pages\/8835\/revisions"}],"predecessor-version":[{"id":10665,"href":"https:\/\/profloors.ee\/ru\/wp-json\/wp\/v2\/pages\/8835\/revisions\/10665"}],"up":[{"embeddable":true,"href":"https:\/\/profloors.ee\/ru\/wp-json\/wp\/v2\/pages\/3474"}],"wp:featuredmedia":[{"embeddable":true,"href":"https:\/\/profloors.ee\/ru\/wp-json\/wp\/v2\/media\/8966"}],"wp:attachment":[{"href":"https:\/\/profloors.ee\/ru\/wp-json\/wp\/v2\/media?parent=8835"}],"curies":[{"name":"wp","href":"https:\/\/api.w.org\/{rel}","templated":true}]}}