{"id":3498,"date":"2017-02-14T13:39:00","date_gmt":"2017-02-14T11:39:00","guid":{"rendered":"https:\/\/profloors.ee\/%d0%be%d1%82%d0%ba%d1%80%d1%8b%d1%82%d1%8b%d0%b5-%d1%81%d0%bf%d0%be%d1%80%d1%82%d0%bf%d0%bb%d0%be%d1%89%d0%b0%d0%b4%d0%ba%d0%b8-2\/pallimangu-valjakud\/"},"modified":"2017-11-02T15:28:43","modified_gmt":"2017-11-02T13:28:43","slug":"pallimangu-valjakud","status":"publish","type":"page","link":"https:\/\/profloors.ee\/ru\/%d0%be%d1%82%d0%ba%d1%80%d1%8b%d1%82%d1%8b%d0%b5-%d1%81%d0%bf%d0%be%d1%80%d1%82%d0%bf%d0%bb%d0%be%d1%89%d0%b0%d0%b4%d0%ba%d0%b8-2\/pallimangu-valjakud\/","title":{"rendered":"\u041f\u043b\u043e\u0449\u0430\u0434\u043a\u0438 \u0434\u043b\u044f \u0440\u0430\u0437\u043b\u0438\u0447\u043d\u044b\u0445 \u0432\u0438\u0434\u043e\u0432 \u0441\u043f\u043e\u0440\u0442\u0430"},"content":{"rendered":"<div  class=\"fusion-fullwidth fullwidth-box hundred-percent-fullwidth\"  style='background-color: rgba(255,255,255,0);background-position: center center;background-repeat: no-repeat;padding-top:0px;padding-right:40px;padding-bottom:0px;padding-left:40px;'><div class=\"fusion-builder-row fusion-row \"><div  class=\"fusion-layout-column fusion_builder_column fusion_builder_column_1_1  fusion-one-full fusion-column-first fusion-column-last fusion-column-no-min-height 1_1\"  style='margin-top:0px;margin-bottom:0px;'>\n\t\t\t<div class=\"fusion-column-wrapper\" style=\"background-position:left top;background-repeat:no-repeat;-webkit-background-size:cover;-moz-background-size:cover;-o-background-size:cover;background-size:cover;\"  data-bg-url=\"\">\n\t\t\t\t<div class=\"fusion-blog-shortcode fusion-blog-shortcode-1 fusion-blog-archive fusion-blog-layout-grid-wrapper fusion-blog-infinite\"><style type=\"text\/css\">.fusion-blog-shortcode-1 .fusion-blog-layout-grid .fusion-post-grid{padding:20px;}.fusion-blog-shortcode-1 .fusion-posts-container{margin-left: -20px !important; margin-right:-20px !important;}<\/style><div class=\"fusion-posts-container fusion-posts-container-infinite fusion-blog-layout-grid fusion-blog-layout-grid-3 isotope\" data-pages=\"0\" data-grid-col-space=\"40\" style=\"margin: -20px -20px 0;height:500px;\"><article id=\"post-8687\" class=\"fusion-post-grid post-8687 post type-post status-publish format-standard has-post-thumbnail hentry category-pallimangu-valjakud-ru category-valisspordivaljakud-ru\">\n<div class=\"fusion-post-wrapper\">                <!--<a class=\"link-to-blog\" href=\"https:\/\/profloors.ee\/ru\/pallimangu-valjakud-ru\/plastik-plaatkate\/\">-->\n                    \n\n\n\t<div class=\"fusion-flexslider flexslider fusion-flexslider-loading fusion-post-slideshow\">\n\t\t<ul class=\"slides\">\n\t\t\t\n\t\t\t\t\t\t\t\t\t\t\t\t\t\t\t\t\t\t<li>\n<div class=\"fusion-image-wrapper\" aria-haspopup=\"true\">\n\n\t\n\t\t<a href=\"https:\/\/profloors.ee\/ru\/pallimangu-valjakud-ru\/plastik-plaatkate\/\">\n\t\t\t\n\t\t\t\t\t<img loading=\"lazy\" decoding=\"async\" width=\"1024\" height=\"576\" src=\"https:\/\/profloors.ee\/wp-content\/uploads\/2017\/03\/Juri-staadioni-korvpallivaljakud-Profloors-O-01-FIBA-3x3-1.jpg\" class=\"attachment-full size-full wp-post-image\" alt=\"\" srcset=\"https:\/\/profloors.ee\/wp-content\/uploads\/2017\/03\/Juri-staadioni-korvpallivaljakud-Profloors-O-01-FIBA-3x3-1-200x113.jpg 200w, https:\/\/profloors.ee\/wp-content\/uploads\/2017\/03\/Juri-staadioni-korvpallivaljakud-Profloors-O-01-FIBA-3x3-1-400x225.jpg 400w, https:\/\/profloors.ee\/wp-content\/uploads\/2017\/03\/Juri-staadioni-korvpallivaljakud-Profloors-O-01-FIBA-3x3-1-600x338.jpg 600w, https:\/\/profloors.ee\/wp-content\/uploads\/2017\/03\/Juri-staadioni-korvpallivaljakud-Profloors-O-01-FIBA-3x3-1-800x450.jpg 800w, https:\/\/profloors.ee\/wp-content\/uploads\/2017\/03\/Juri-staadioni-korvpallivaljakud-Profloors-O-01-FIBA-3x3-1.jpg 1024w\" sizes=\"auto, (min-width: 824px) 363px, (min-width: 732px) 545px, (min-width: 640px) 732px, 100vw\" \/>\n\t\n\n\t\t<\/a>\n\n\t\n<\/div>\n<\/li>\n\t\t\t\n\t\t\t\t\t\t\t\t\t\t\t\t\t\t\t\t\t\t\t\t\t\t\t\t\t\t\t\t\t\t\t\t\t\t\t\t\t\t\t\t\t\t\t\t\t\t\t\t\t\t\t\t\t\t\t\t\t\t\t\t\t\t\t\t\t\t\t\t\t\t\t<\/ul>\n\t<\/div>\n<div class=\"fusion-post-content-wrapper\"><div class=\"fusion-post-content post-content\"><h2 class=\"blog-shortcode-post-title entry-title\"><a href=\"https:\/\/profloors.ee\/ru\/pallimangu-valjakud-ru\/plastik-plaatkate\/\">Plastik plaatkate Profloors O-01<\/a><\/h2>                <!--<\/a>-->\n                <div class=\"fusion-post-content-container\"><p><\/p><\/div>                        <div class=\"single-product-button\">\n                            <a class=\"fusion-button button-flat button-round button-large button-custom button-1 product-button\"\n                               href=\"https:\/\/profloors.ee\/ru\/pallimangu-valjakud-ru\/plastik-plaatkate\/#color-card\">Galerii<\/a>\n                        <\/div>\n                    <\/div><\/div><div class=\"fusion-clearfix\"><\/div><\/div>\n<\/article>\n<article id=\"post-10293\" class=\"fusion-post-grid post-10293 post type-post status-publish format-standard has-post-thumbnail hentry category-pallimangu-valjakud-ru\">\n<div class=\"fusion-post-wrapper\">                <!--<a class=\"link-to-blog\" href=\"https:\/\/profloors.ee\/ru\/pallimangu-valjakud-ru\/elastne-sportplaatkate-enlio-ses\/\">-->\n                    \n\n\n\t<div class=\"fusion-flexslider flexslider fusion-flexslider-loading fusion-post-slideshow\">\n\t\t<ul class=\"slides\">\n\t\t\t\n\t\t\t\t\t\t\t\t\t\t\t\t\t\t\t\t\t\t<li>\n<div class=\"fusion-image-wrapper\" aria-haspopup=\"true\">\n\n\t\n\t\t<a href=\"https:\/\/profloors.ee\/ru\/pallimangu-valjakud-ru\/elastne-sportplaatkate-enlio-ses\/\">\n\t\t\t\n\t\t\t\t\t<img loading=\"lazy\" decoding=\"async\" width=\"1024\" height=\"768\" src=\"https:\/\/profloors.ee\/wp-content\/uploads\/2021\/11\/Sillam\u00e4e-basketball-court-tiles-Enlio-SES-400x300.jpg\" class=\"attachment-full size-full wp-post-image\" alt=\"\" srcset=\"https:\/\/profloors.ee\/wp-content\/uploads\/2021\/11\/Sillam\u00e4e-basketball-court-tiles-Enlio-SES-200x150.jpg 200w, https:\/\/profloors.ee\/wp-content\/uploads\/2021\/11\/Sillam\u00e4e-basketball-court-tiles-Enlio-SES-400x300.jpg 400w, https:\/\/profloors.ee\/wp-content\/uploads\/2021\/11\/Sillam\u00e4e-basketball-court-tiles-Enlio-SES-600x450.jpg 600w, https:\/\/profloors.ee\/wp-content\/uploads\/2021\/11\/Sillam\u00e4e-basketball-court-tiles-Enlio-SES-800x600.jpg 800w, https:\/\/profloors.ee\/wp-content\/uploads\/2021\/11\/Sillam\u00e4e-basketball-court-tiles-Enlio-SES.jpg 1024w\" sizes=\"auto, (min-width: 824px) 363px, (min-width: 732px) 545px, (min-width: 640px) 732px, 100vw\" \/>\n\t\n\n\t\t<\/a>\n\n\t\n<\/div>\n<\/li>\n\t\t\t\n\t\t\t\t\t\t\t\t\t\t\t\t\t\t\t\t\t\t\t\t\t\t\t\t\t\t\t\t\t\t\t\t\t\t\t\t\t\t\t\t\t\t\t\t\t\t\t\t\t\t\t\t\t\t\t\t\t\t\t\t\t\t\t\t\t\t\t\t\t\t\t<\/ul>\n\t<\/div>\n<div class=\"fusion-post-content-wrapper\"><div class=\"fusion-post-content post-content\"><h2 class=\"blog-shortcode-post-title entry-title\"><a href=\"https:\/\/profloors.ee\/ru\/pallimangu-valjakud-ru\/elastne-sportplaatkate-enlio-ses\/\">Elastne sportplaatkate Enlio SES, FIBA ametlik kate<\/a><\/h2>                <!--<\/a>-->\n                <div class=\"fusion-post-content-container\"><p><\/p><\/div>                        <div class=\"single-product-button\">\n                            <a class=\"fusion-button button-flat button-round button-large button-custom button-1 product-button\"\n                               href=\"https:\/\/profloors.ee\/ru\/pallimangu-valjakud-ru\/elastne-sportplaatkate-enlio-ses\/#color-card\">Galerii<\/a>\n                        <\/div>\n                    <\/div><\/div><div class=\"fusion-clearfix\"><\/div><\/div>\n<\/article>\n<article id=\"post-6923\" class=\"fusion-post-grid post-6923 post type-post status-publish format-standard has-post-thumbnail hentry category-pallimangu-valjakud-ru category-tennis-2-ru\">\n<div class=\"fusion-post-wrapper\">                <!--<a class=\"link-to-blog\" href=\"https:\/\/profloors.ee\/ru\/tennis-2-ru\/profloors-epdm-tartaankate\/\">-->\n                    \n\n\n\t<div class=\"fusion-flexslider flexslider fusion-flexslider-loading fusion-post-slideshow\">\n\t\t<ul class=\"slides\">\n\t\t\t\n\t\t\t\t\t\t\t\t\t\t\t\t\t\t\t\t\t\t<li>\n<div class=\"fusion-image-wrapper\" aria-haspopup=\"true\">\n\n\t\n\t\t<a href=\"https:\/\/profloors.ee\/ru\/tennis-2-ru\/profloors-epdm-tartaankate\/\">\n\t\t\t\n\t\t\t\t\t<img loading=\"lazy\" decoding=\"async\" width=\"1024\" height=\"767\" src=\"https:\/\/profloors.ee\/wp-content\/uploads\/2017\/03\/Jelgava-valispallimanguvaljak-tartaanist-Conica-2S.jpg\" class=\"attachment-full size-full wp-post-image\" alt=\"\" srcset=\"https:\/\/profloors.ee\/wp-content\/uploads\/2017\/03\/Jelgava-valispallimanguvaljak-tartaanist-Conica-2S-200x150.jpg 200w, https:\/\/profloors.ee\/wp-content\/uploads\/2017\/03\/Jelgava-valispallimanguvaljak-tartaanist-Conica-2S-400x300.jpg 400w, https:\/\/profloors.ee\/wp-content\/uploads\/2017\/03\/Jelgava-valispallimanguvaljak-tartaanist-Conica-2S-600x449.jpg 600w, https:\/\/profloors.ee\/wp-content\/uploads\/2017\/03\/Jelgava-valispallimanguvaljak-tartaanist-Conica-2S-800x599.jpg 800w, https:\/\/profloors.ee\/wp-content\/uploads\/2017\/03\/Jelgava-valispallimanguvaljak-tartaanist-Conica-2S.jpg 1024w\" sizes=\"auto, (min-width: 824px) 363px, (min-width: 732px) 545px, (min-width: 640px) 732px, 100vw\" \/>\n\t\n\n\t\t<\/a>\n\n\t\n<\/div>\n<\/li>\n\t\t\t\n\t\t\t\t\t\t\t\t\t\t\t\t\t\t\t\t\t\t\t\t\t\t\t\t\t\t\t\t\t\t\t\t\t\t\t\t\t\t\t\t\t\t\t\t\t\t\t\t\t\t\t\t\t\t\t\t\t\t\t\t\t\t\t\t\t\t\t\t\t\t\t<\/ul>\n\t<\/div>\n<div class=\"fusion-post-content-wrapper\"><div class=\"fusion-post-content post-content\"><h2 class=\"blog-shortcode-post-title entry-title\"><a href=\"https:\/\/profloors.ee\/ru\/tennis-2-ru\/profloors-epdm-tartaankate\/\">Profloors EPDM tartaankate Conipur 2S FIBA<\/a><\/h2>                <!--<\/a>-->\n                <div class=\"fusion-post-content-container\"><p><\/p><\/div>                        <div class=\"single-product-button\">\n                            <a class=\"fusion-button button-flat button-round button-large button-custom button-1 product-button\"\n                               href=\"https:\/\/www.conica.com\/en\/products\/conipur-2s\/\" target=\"_blank\">Lisainfo Conica kodulehelt<\/a>\n                        <\/div>\n                                            <div class=\"single-product-button\">\n                            <a class=\"fusion-button button-flat button-round button-large button-custom button-1 product-button\"\n                               href=\"https:\/\/profloors.ee\/ru\/tennis-2-ru\/profloors-epdm-tartaankate\/#color-card\">Galerii<\/a>\n                        <\/div>\n                    <\/div><\/div><div class=\"fusion-clearfix\"><\/div><\/div>\n<\/article>\n<article id=\"post-6956\" class=\"fusion-post-grid post-6956 post type-post status-publish format-standard has-post-thumbnail hentry category-pallimangu-valjakud-ru\">\n<div class=\"fusion-post-wrapper\">                <!--<a class=\"link-to-blog\" href=\"https:\/\/profloors.ee\/ru\/pallimangu-valjakud-ru\/profloors-sp-tartaankate\/\">-->\n                    \n\n\n\t<div class=\"fusion-flexslider flexslider fusion-flexslider-loading fusion-post-slideshow\">\n\t\t<ul class=\"slides\">\n\t\t\t\n\t\t\t\t\t\t\t\t\t\t\t\t\t\t\t\t\t\t<li>\n<div class=\"fusion-image-wrapper\" aria-haspopup=\"true\">\n\n\t\n\t\t<a href=\"https:\/\/profloors.ee\/ru\/pallimangu-valjakud-ru\/profloors-sp-tartaankate\/\">\n\t\t\t\n\t\t\t\t\t<img loading=\"lazy\" decoding=\"async\" width=\"1024\" height=\"768\" src=\"https:\/\/profloors.ee\/wp-content\/uploads\/2017\/02\/Haanja-pallim\u00e4nguv\u00e4ljak-1-400x300.jpg\" class=\"attachment-full size-full wp-post-image\" alt=\"\" srcset=\"https:\/\/profloors.ee\/wp-content\/uploads\/2017\/02\/Haanja-pallim\u00e4nguv\u00e4ljak-1-200x150.jpg 200w, https:\/\/profloors.ee\/wp-content\/uploads\/2017\/02\/Haanja-pallim\u00e4nguv\u00e4ljak-1-400x300.jpg 400w, https:\/\/profloors.ee\/wp-content\/uploads\/2017\/02\/Haanja-pallim\u00e4nguv\u00e4ljak-1-600x450.jpg 600w, https:\/\/profloors.ee\/wp-content\/uploads\/2017\/02\/Haanja-pallim\u00e4nguv\u00e4ljak-1-800x600.jpg 800w, https:\/\/profloors.ee\/wp-content\/uploads\/2017\/02\/Haanja-pallim\u00e4nguv\u00e4ljak-1.jpg 1024w\" sizes=\"auto, (min-width: 824px) 363px, (min-width: 732px) 545px, (min-width: 640px) 732px, 100vw\" \/>\n\t\n\n\t\t<\/a>\n\n\t\n<\/div>\n<\/li>\n\t\t\t\n\t\t\t\t\t\t\t\t\t\t\t\t\t\t\t\t\t\t\t\t\t\t\t\t\t\t\t\t\t\t\t\t\t\t\t\t\t\t\t\t\t\t\t\t\t\t\t\t\t\t\t\t\t\t\t\t\t\t\t\t\t\t\t\t\t\t\t\t\t\t\t<\/ul>\n\t<\/div>\n<div class=\"fusion-post-content-wrapper\"><div class=\"fusion-post-content post-content\"><h2 class=\"blog-shortcode-post-title entry-title\"><a href=\"https:\/\/profloors.ee\/ru\/pallimangu-valjakud-ru\/profloors-sp-tartaankate\/\">Profloors SP tartaankate<\/a><\/h2>                <!--<\/a>-->\n                <div class=\"fusion-post-content-container\"><p><\/p><\/div>                        <div class=\"single-product-button\">\n                            <a class=\"fusion-button button-flat button-round button-large button-custom button-1 product-button\"\n                               href=\"https:\/\/profloors.ee\/ru\/pallimangu-valjakud-ru\/profloors-sp-tartaankate\/#color-card\">Galerii<\/a>\n                        <\/div>\n                    <\/div><\/div><div class=\"fusion-clearfix\"><\/div><\/div>\n<\/article>\n<article id=\"post-6959\" class=\"fusion-post-grid post-6959 post type-post status-publish format-standard has-post-thumbnail hentry category-tennis-2-ru category-pallimangu-valjakud-ru category-valisspordivaljakud-ru\">\n<div class=\"fusion-post-wrapper\">                <!--<a class=\"link-to-blog\" href=\"https:\/\/profloors.ee\/ru\/tennis-2-ru\/lano-sports-multiplay-2220-kunstmurukate\/\">-->\n                    \n\n\n\t<div class=\"fusion-flexslider flexslider fusion-flexslider-loading fusion-post-slideshow\">\n\t\t<ul class=\"slides\">\n\t\t\t\n\t\t\t\t\t\t\t\t\t\t\t\t\t\t\t\t\t\t<li>\n<div class=\"fusion-image-wrapper\" aria-haspopup=\"true\">\n\n\t\n\t\t<a href=\"https:\/\/profloors.ee\/ru\/tennis-2-ru\/lano-sports-multiplay-2220-kunstmurukate\/\">\n\t\t\t\n\t\t\t\t\t<img loading=\"lazy\" decoding=\"async\" width=\"1024\" height=\"768\" src=\"https:\/\/profloors.ee\/wp-content\/uploads\/2021\/10\/T\u00f5rva-staadioni-pallim\u00e4nguv\u00e4ljak-1-400x300.jpg\" class=\"attachment-full size-full wp-post-image\" alt=\"\" srcset=\"https:\/\/profloors.ee\/wp-content\/uploads\/2021\/10\/T\u00f5rva-staadioni-pallim\u00e4nguv\u00e4ljak-1-200x150.jpg 200w, https:\/\/profloors.ee\/wp-content\/uploads\/2021\/10\/T\u00f5rva-staadioni-pallim\u00e4nguv\u00e4ljak-1-400x300.jpg 400w, https:\/\/profloors.ee\/wp-content\/uploads\/2021\/10\/T\u00f5rva-staadioni-pallim\u00e4nguv\u00e4ljak-1-600x450.jpg 600w, https:\/\/profloors.ee\/wp-content\/uploads\/2021\/10\/T\u00f5rva-staadioni-pallim\u00e4nguv\u00e4ljak-1-800x600.jpg 800w, https:\/\/profloors.ee\/wp-content\/uploads\/2021\/10\/T\u00f5rva-staadioni-pallim\u00e4nguv\u00e4ljak-1.jpg 1024w\" sizes=\"auto, (min-width: 824px) 363px, (min-width: 732px) 545px, (min-width: 640px) 732px, 100vw\" \/>\n\t\n\n\t\t<\/a>\n\n\t\n<\/div>\n<\/li>\n\t\t\t\n\t\t\t\t\t\t\t\t\t\t\t\t\t\t\t\t\t\t\t\t\t\t\t\t\t\t\t\t\t\t\t\t\t\t\t\t\t\t\t\t\t\t\t\t\t\t\t\t\t\t\t\t\t\t\t\t\t\t\t\t\t\t\t\t\t\t\t\t\t\t\t<\/ul>\n\t<\/div>\n<div class=\"fusion-post-content-wrapper\"><div class=\"fusion-post-content post-content\"><h2 class=\"blog-shortcode-post-title entry-title\"><a href=\"https:\/\/profloors.ee\/ru\/tennis-2-ru\/lano-sports-multiplay-2220-kunstmurukate\/\">Lano Sports Multiplay 2220 kunstmurukate<\/a><\/h2>                <!--<\/a>-->\n                <div class=\"fusion-post-content-container\"><p><\/p><\/div>                        <div class=\"single-product-button\">\n                            <a class=\"fusion-button button-flat button-round button-large button-custom button-1 product-button\"\n                               href=\"https:\/\/www.lanosports.com\/en\/sports\/multisport\" target=\"_blank\">Lisainfo Lano Sports kodulehelt<\/a>\n                        <\/div>\n                                            <div class=\"single-product-button\">\n                            <a class=\"fusion-button button-flat button-round button-large button-custom button-1 product-button\"\n                               href=\"https:\/\/profloors.ee\/ru\/tennis-2-ru\/lano-sports-multiplay-2220-kunstmurukate\/#color-card\">Galerii<\/a>\n                        <\/div>\n                    <\/div><\/div><div class=\"fusion-clearfix\"><\/div><\/div>\n<\/article>\n<article id=\"post-4769\" class=\"fusion-post-grid post-4769 post type-post status-publish format-standard has-post-thumbnail hentry category-pallimangu-valjakud-ru\">\n<div class=\"fusion-post-wrapper\">                <!--<a class=\"link-to-blog\" href=\"https:\/\/profloors.ee\/ru\/pallimangu-valjakud-ru\/casali-sport-supersoft\/\">-->\n                    \n\n\n\t<div class=\"fusion-flexslider flexslider fusion-flexslider-loading fusion-post-slideshow\">\n\t\t<ul class=\"slides\">\n\t\t\t\n\t\t\t\t\t\t\t\t\t\t\t\t\t\t\t\t\t\t<li>\n<div class=\"fusion-image-wrapper\" aria-haspopup=\"true\">\n\n\t\n\t\t<a href=\"https:\/\/profloors.ee\/ru\/pallimangu-valjakud-ru\/casali-sport-supersoft\/\">\n\t\t\t\n\t\t\t\t\t<img loading=\"lazy\" decoding=\"async\" width=\"1080\" height=\"810\" src=\"https:\/\/profloors.ee\/wp-content\/uploads\/2017\/03\/Newbury-Primary-School-Casali-Supersoft-400x300.jpg\" class=\"attachment-full size-full wp-post-image\" alt=\"\" srcset=\"https:\/\/profloors.ee\/wp-content\/uploads\/2017\/03\/Newbury-Primary-School-Casali-Supersoft-200x150.jpg 200w, https:\/\/profloors.ee\/wp-content\/uploads\/2017\/03\/Newbury-Primary-School-Casali-Supersoft-400x300.jpg 400w, https:\/\/profloors.ee\/wp-content\/uploads\/2017\/03\/Newbury-Primary-School-Casali-Supersoft-600x450.jpg 600w, https:\/\/profloors.ee\/wp-content\/uploads\/2017\/03\/Newbury-Primary-School-Casali-Supersoft-800x600.jpg 800w, https:\/\/profloors.ee\/wp-content\/uploads\/2017\/03\/Newbury-Primary-School-Casali-Supersoft.jpg 1080w\" sizes=\"auto, (min-width: 824px) 363px, (min-width: 732px) 545px, (min-width: 640px) 732px, 100vw\" \/>\n\t\n\n\t\t<\/a>\n\n\t\n<\/div>\n<\/li>\n\t\t\t\n\t\t\t\t\t\t\t\t\t\t\t\t\t\t\t\t\t\t\t\t\t\t\t\t\t\t\t\t\t\t\t\t\t\t\t\t\t\t\t\t\t\t\t\t\t\t\t\t\t\t\t\t\t\t\t\t\t\t\t\t\t\t\t\t\t\t\t\t\t\t\t<\/ul>\n\t<\/div>\n<div class=\"fusion-post-content-wrapper\"><div class=\"fusion-post-content post-content\"><h2 class=\"blog-shortcode-post-title entry-title\"><a href=\"https:\/\/profloors.ee\/ru\/pallimangu-valjakud-ru\/casali-sport-supersoft\/\">Casali Supersoft akr\u00fc\u00fclvaikkate<\/a><\/h2>                <!--<\/a>-->\n                <div class=\"fusion-post-content-container\"><p><\/p><\/div>                        <div class=\"single-product-button\">\n                            <a class=\"fusion-button button-flat button-round button-large button-custom button-1 product-button\"\n                               href=\"http:\/\/www.casalisport.com\/en\/supersoft_ws\" target=\"_blank\">Lisainfo Casali Sport kodulehelt<\/a>\n                        <\/div>\n                                            <div class=\"single-product-button\">\n                            <a class=\"fusion-button button-flat button-round button-large button-custom button-1 product-button\"\n                               href=\"https:\/\/profloors.ee\/ru\/pallimangu-valjakud-ru\/casali-sport-supersoft\/#color-card\">Galerii<\/a>\n                        <\/div>\n                    <\/div><\/div><div class=\"fusion-clearfix\"><\/div><\/div>\n<\/article>\n<article id=\"post-6919\" class=\"fusion-post-grid post-6919 post type-post status-publish format-standard has-post-thumbnail hentry category-tennis-2-ru category-pallimangu-valjakud-ru category-tennis-ru\">\n<div class=\"fusion-post-wrapper\">                <!--<a class=\"link-to-blog\" href=\"https:\/\/profloors.ee\/ru\/tennis-2-ru\/casali-sport-confosport\/\">-->\n                    \n\n\n\t<div class=\"fusion-flexslider flexslider fusion-flexslider-loading fusion-post-slideshow\">\n\t\t<ul class=\"slides\">\n\t\t\t\n\t\t\t\t\t\t\t\t\t\t\t\t\t\t\t\t\t\t<li>\n<div class=\"fusion-image-wrapper\" aria-haspopup=\"true\">\n\n\t\n\t\t<a href=\"https:\/\/profloors.ee\/ru\/tennis-2-ru\/casali-sport-confosport\/\">\n\t\t\t\n\t\t\t\t\t<img loading=\"lazy\" decoding=\"async\" width=\"1600\" height=\"500\" src=\"https:\/\/profloors.ee\/wp-content\/uploads\/2017\/03\/Casali-Confosport-blue-400x125.jpg\" class=\"attachment-full size-full wp-post-image\" alt=\"\" srcset=\"https:\/\/profloors.ee\/wp-content\/uploads\/2017\/03\/Casali-Confosport-blue-200x63.jpg 200w, https:\/\/profloors.ee\/wp-content\/uploads\/2017\/03\/Casali-Confosport-blue-400x125.jpg 400w, https:\/\/profloors.ee\/wp-content\/uploads\/2017\/03\/Casali-Confosport-blue-600x188.jpg 600w, https:\/\/profloors.ee\/wp-content\/uploads\/2017\/03\/Casali-Confosport-blue-800x250.jpg 800w, https:\/\/profloors.ee\/wp-content\/uploads\/2017\/03\/Casali-Confosport-blue-1200x375.jpg 1200w, https:\/\/profloors.ee\/wp-content\/uploads\/2017\/03\/Casali-Confosport-blue.jpg 1600w\" sizes=\"auto, (min-width: 824px) 363px, (min-width: 732px) 545px, (min-width: 640px) 732px, 100vw\" \/>\n\t\n\n\t\t<\/a>\n\n\t\n<\/div>\n<\/li>\n\t\t\t\n\t\t\t\t\t\t\t\t\t\t\t\t\t\t\t\t\t\t\t\t\t\t\t\t\t\t\t\t\t\t\t\t\t\t\t\t\t\t\t\t\t\t\t\t\t\t\t\t\t\t\t\t\t\t\t\t\t\t\t\t\t\t\t\t\t\t\t\t\t\t\t<\/ul>\n\t<\/div>\n<div class=\"fusion-post-content-wrapper\"><div class=\"fusion-post-content post-content\"><h2 class=\"blog-shortcode-post-title entry-title\"><a href=\"https:\/\/profloors.ee\/ru\/tennis-2-ru\/casali-sport-confosport\/\">Casali Confosport akr\u00fc\u00fclvaikkate<\/a><\/h2>                <!--<\/a>-->\n                <div class=\"fusion-post-content-container\"><p><\/p><\/div>                        <div class=\"single-product-button\">\n                            <a class=\"fusion-button button-flat button-round button-large button-custom button-1 product-button\"\n                               href=\"http:\/\/www.casalisport.com\/en\/confosport_t\" target=\"_blank\">Lisainfo Casali Sport kodulehelt<\/a>\n                        <\/div>\n                                            <div class=\"single-product-button\">\n                            <a class=\"fusion-button button-flat button-round button-large button-custom button-1 product-button\"\n                               href=\"https:\/\/profloors.ee\/ru\/tennis-2-ru\/casali-sport-confosport\/#color-card\">Galerii<\/a>\n                        <\/div>\n                    <\/div><\/div><div class=\"fusion-clearfix\"><\/div><\/div>\n<\/article>\n<article id=\"post-4806\" class=\"fusion-post-grid post-4806 post type-post status-publish format-standard has-post-thumbnail hentry category-pallimangu-valjakud-ru\">\n<div class=\"fusion-post-wrapper\">                <!--<a class=\"link-to-blog\" href=\"https:\/\/profloors.ee\/ru\/pallimangu-valjakud-ru\/casali-sport-polysport\/\">-->\n                    \n\n\n\t<div class=\"fusion-flexslider flexslider fusion-flexslider-loading fusion-post-slideshow\">\n\t\t<ul class=\"slides\">\n\t\t\t\n\t\t\t\t\t\t\t\t\t\t\t\t\t\t\t\t\t\t<li>\n<div class=\"fusion-image-wrapper\" aria-haspopup=\"true\">\n\n\t\n\t\t<a href=\"https:\/\/profloors.ee\/ru\/pallimangu-valjakud-ru\/casali-sport-polysport\/\">\n\t\t\t\n\t\t\t\t\t<img loading=\"lazy\" decoding=\"async\" width=\"1024\" height=\"768\" src=\"https:\/\/profloors.ee\/wp-content\/uploads\/2017\/02\/L\u00e4\u00e4nemere-G\u00fcmnaasiumi-pallim\u00e4nguplatsid-400x300.jpg\" class=\"attachment-full size-full wp-post-image\" alt=\"\" srcset=\"https:\/\/profloors.ee\/wp-content\/uploads\/2017\/02\/L\u00e4\u00e4nemere-G\u00fcmnaasiumi-pallim\u00e4nguplatsid-200x150.jpg 200w, https:\/\/profloors.ee\/wp-content\/uploads\/2017\/02\/L\u00e4\u00e4nemere-G\u00fcmnaasiumi-pallim\u00e4nguplatsid-400x300.jpg 400w, https:\/\/profloors.ee\/wp-content\/uploads\/2017\/02\/L\u00e4\u00e4nemere-G\u00fcmnaasiumi-pallim\u00e4nguplatsid-600x450.jpg 600w, https:\/\/profloors.ee\/wp-content\/uploads\/2017\/02\/L\u00e4\u00e4nemere-G\u00fcmnaasiumi-pallim\u00e4nguplatsid-800x600.jpg 800w, https:\/\/profloors.ee\/wp-content\/uploads\/2017\/02\/L\u00e4\u00e4nemere-G\u00fcmnaasiumi-pallim\u00e4nguplatsid.jpg 1024w\" sizes=\"auto, (min-width: 824px) 363px, (min-width: 732px) 545px, (min-width: 640px) 732px, 100vw\" \/>\n\t\n\n\t\t<\/a>\n\n\t\n<\/div>\n<\/li>\n\t\t\t\n\t\t\t\t\t\t\t\t\t\t\t\t\t\t\t\t\t\t\t\t\t\t\t\t\t\t\t\t\t\t\t\t\t\t\t\t\t\t\t\t\t\t\t\t\t\t\t\t\t\t\t\t\t\t\t\t\t\t\t\t\t\t\t\t\t\t\t\t\t\t\t<\/ul>\n\t<\/div>\n<div class=\"fusion-post-content-wrapper\"><div class=\"fusion-post-content post-content\"><h2 class=\"blog-shortcode-post-title entry-title\"><a href=\"https:\/\/profloors.ee\/ru\/pallimangu-valjakud-ru\/casali-sport-polysport\/\">Casali Polysport akr\u00fc\u00fclvaikkate<\/a><\/h2>                <!--<\/a>-->\n                <div class=\"fusion-post-content-container\"><p><\/p><\/div>                        <div class=\"single-product-button\">\n                            <a class=\"fusion-button button-flat button-round button-large button-custom button-1 product-button\"\n                               href=\"http:\/\/www.casalisport.com\/en\/polysport_ws\" target=\"_blank\">Lisainfo Casali Sport kodulehelt<\/a>\n                        <\/div>\n                                            <div class=\"single-product-button\">\n                            <a class=\"fusion-button button-flat button-round button-large button-custom button-1 product-button\"\n                               href=\"https:\/\/profloors.ee\/ru\/pallimangu-valjakud-ru\/casali-sport-polysport\/#color-card\">Galerii<\/a>\n                        <\/div>\n                    <\/div><\/div><div class=\"fusion-clearfix\"><\/div><\/div>\n<\/article>\n<div class=\"fusion-clearfix\"><\/div><\/div>\n\t\t\t\t\t\t\t\t\t<div class='pagination clearfix'>\n\t\t\t\n\t\t\t\n\t\t\t\n\t\t\t\n\t\t\t<\/div>\n\t\t\t\t\t<\/div><div class=\"fusion-clearfix\"><\/div>\n\n\t\t\t<\/div>\n\t\t<\/div><\/div><\/div>\n","protected":false},"excerpt":{"rendered":"","protected":false},"author":1,"featured_media":13061,"parent":3318,"menu_order":20,"comment_status":"closed","ping_status":"closed","template":"","meta":{"_acf_changed":false,"footnotes":""},"class_list":["post-3498","page","type-page","status-publish","has-post-thumbnail","hentry"],"acf":[],"_links":{"self":[{"href":"https:\/\/profloors.ee\/ru\/wp-json\/wp\/v2\/pages\/3498","targetHints":{"allow":["GET"]}}],"collection":[{"href":"https:\/\/profloors.ee\/ru\/wp-json\/wp\/v2\/pages"}],"about":[{"href":"https:\/\/profloors.ee\/ru\/wp-json\/wp\/v2\/types\/page"}],"author":[{"embeddable":true,"href":"https:\/\/profloors.ee\/ru\/wp-json\/wp\/v2\/users\/1"}],"replies":[{"embeddable":true,"href":"https:\/\/profloors.ee\/ru\/wp-json\/wp\/v2\/comments?post=3498"}],"version-history":[{"count":2,"href":"https:\/\/profloors.ee\/ru\/wp-json\/wp\/v2\/pages\/3498\/revisions"}],"predecessor-version":[{"id":7413,"href":"https:\/\/profloors.ee\/ru\/wp-json\/wp\/v2\/pages\/3498\/revisions\/7413"}],"up":[{"embeddable":true,"href":"https:\/\/profloors.ee\/ru\/wp-json\/wp\/v2\/pages\/3318"}],"wp:featuredmedia":[{"embeddable":true,"href":"https:\/\/profloors.ee\/ru\/wp-json\/wp\/v2\/media\/13061"}],"wp:attachment":[{"href":"https:\/\/profloors.ee\/ru\/wp-json\/wp\/v2\/media?parent=3498"}],"curies":[{"name":"wp","href":"https:\/\/api.w.org\/{rel}","templated":true}]}}