{"id":3440,"date":"2017-02-10T16:02:54","date_gmt":"2017-02-10T14:02:54","guid":{"rendered":"https:\/\/profloors.ee\/%d0%bd%d0%b0%d0%bf%d0%be%d0%bb%d1%8c%d0%bd%d1%8b%d0%b5-%d0%bf%d0%be%d0%ba%d1%80%d1%8b%d1%82%d0%b8%d1%8f\/uhiskondlik-homogeenne-pvc\/"},"modified":"2017-11-01T17:06:59","modified_gmt":"2017-11-01T15:06:59","slug":"uhiskondlik-homogeenne-pvc","status":"publish","type":"page","link":"https:\/\/profloors.ee\/ru\/%d0%bd%d0%b0%d0%bf%d0%be%d0%bb%d1%8c%d0%bd%d1%8b%d0%b5-%d0%bf%d0%be%d0%ba%d1%80%d1%8b%d1%82%d0%b8%d1%8f\/uhiskondlik-homogeenne-pvc\/","title":{"rendered":"\u0413\u043e\u043c\u043e\u0433\u0435\u043d\u043d\u043e\u0435 \u043da\u043f\u043e\u043b\u044c\u043do\u0435 \u043f\u043e\u043a\u0440\u044b\u0442\u0438\u0435"},"content":{"rendered":"<div  class=\"fusion-fullwidth fullwidth-box hundred-percent-fullwidth\"  style='background-color: rgba(255,255,255,0);background-position: center center;background-repeat: no-repeat;padding-top:0px;padding-right:40px;padding-bottom:0px;padding-left:40px;'><div class=\"fusion-builder-row fusion-row \"><div  class=\"fusion-layout-column fusion_builder_column fusion_builder_column_1_1  fusion-one-full fusion-column-first fusion-column-last fusion-column-no-min-height 1_1\"  style='margin-top:0px;margin-bottom:0px;'>\n\t\t\t<div class=\"fusion-column-wrapper\" style=\"background-position:left top;background-repeat:no-repeat;-webkit-background-size:cover;-moz-background-size:cover;-o-background-size:cover;background-size:cover;\"  data-bg-url=\"\">\n\t\t\t\t<div class=\"fusion-blog-shortcode fusion-blog-shortcode-1 fusion-blog-archive fusion-blog-layout-grid-wrapper fusion-blog-infinite\"><style type=\"text\/css\">.fusion-blog-shortcode-1 .fusion-blog-layout-grid .fusion-post-grid{padding:20px;}.fusion-blog-shortcode-1 .fusion-posts-container{margin-left: -20px !important; margin-right:-20px !important;}<\/style><div class=\"fusion-posts-container fusion-posts-container-infinite fusion-blog-layout-grid fusion-blog-layout-grid-3 isotope\" data-pages=\"0\" data-grid-col-space=\"40\" style=\"margin: -20px -20px 0;height:500px;\"><article id=\"post-4852\" class=\"fusion-post-grid post-4852 post type-post status-publish format-standard has-post-thumbnail hentry category-homogeenne-pvc-ru\">\n<div class=\"fusion-post-wrapper\">                <!--<a class=\"link-to-blog\" href=\"https:\/\/profloors.ee\/ru\/homogeenne-pvc-ru\/garis_pur\/\">-->\n                    \n\n\n\t<div class=\"fusion-flexslider flexslider fusion-flexslider-loading fusion-post-slideshow\">\n\t\t<ul class=\"slides\">\n\t\t\t\n\t\t\t\t\t\t\t\t\t\t\t\t\t\t\t\t\t\t<li>\n<div class=\"fusion-image-wrapper\" aria-haspopup=\"true\">\n\n\t\n\t\t<a href=\"https:\/\/profloors.ee\/ru\/homogeenne-pvc-ru\/garis_pur\/\">\n\t\t\t\n\t\t\t\t\t<img loading=\"lazy\" decoding=\"async\" width=\"800\" height=\"600\" src=\"https:\/\/profloors.ee\/wp-content\/uploads\/2017\/02\/LINO-GARIS-400x300.jpg\" class=\"attachment-full size-full wp-post-image\" alt=\"\" srcset=\"https:\/\/profloors.ee\/wp-content\/uploads\/2017\/02\/LINO-GARIS-200x150.jpg 200w, https:\/\/profloors.ee\/wp-content\/uploads\/2017\/02\/LINO-GARIS-400x300.jpg 400w, https:\/\/profloors.ee\/wp-content\/uploads\/2017\/02\/LINO-GARIS-600x450.jpg 600w, https:\/\/profloors.ee\/wp-content\/uploads\/2017\/02\/LINO-GARIS.jpg 800w\" sizes=\"auto, (min-width: 824px) 363px, (min-width: 732px) 545px, (min-width: 640px) 732px, 100vw\" \/>\n\t\n\n\t\t<\/a>\n\n\t\n<\/div>\n<\/li>\n\t\t\t\n\t\t\t\t\t\t\t\t\t\t\t\t\t\t\t\t\t\t\t\t\t\t\t\t\t\t\t\t\t\t\t\t\t\t\t\t\t\t\t\t\t\t\t\t\t\t\t\t\t\t\t\t\t\t\t\t\t\t\t\t\t\t\t\t\t\t\t\t\t\t\t<\/ul>\n\t<\/div>\n<div class=\"fusion-post-content-wrapper\"><div class=\"fusion-post-content post-content\"><h2 class=\"blog-shortcode-post-title entry-title\"><a href=\"https:\/\/profloors.ee\/ru\/homogeenne-pvc-ru\/garis_pur\/\">Garis PUR<\/a><\/h2>                <!--<\/a>-->\n                <div class=\"fusion-post-content-container\"><p><\/p><\/div>                            <div class=\"single-product-button\">\n                                <!--\n                                <a class=\"fusion-button button-flat button-round button-large button-custom button-1 product-button\"\n                                   href=\"\">                                <\/a>-->\n                                <a class=\"fusion-modal-text-link fusion-button button-flat button-round button-large button-custom button-1 product-button\" data-toggle=\"modal\" data-target=\".fusion-modal.tooteinfo4852\" href=\"#\">Tooteinfo<\/a>                            <\/div>\n                            <div class=\"fusion-modal modal fade modal-1 tooteinfo4852\" tabindex=\"-1\" role=\"dialog\" aria-labelledby=\"modal-heading-1\" aria-hidden=\"true\" id=\"tooteinfo4852\"><style type=\"text\/css\">.modal-1 .modal-header, .modal-1 .modal-footer{border-color:#ebebeb;}<\/style><div class=\"modal-dialog modal-lg\"><div class=\"modal-content fusion-modal-content\" style=\"background-color:#f6f6f6\"><div class=\"modal-header\"><button class=\"close\" type=\"button\" data-dismiss=\"modal\" aria-hidden=\"true\">&times;<\/button><h3 class=\"modal-title\" id=\"modal-heading-1\" data-dismiss=\"modal\" aria-hidden=\"true\">Tooteinfo<\/h3><a href=http:\/\/test.artmedia.ee\/profloors\/\" class=\"modal-link\">test.artmedia.ee\/profloors\/<\/a><img decoding=\"async\" src=\"http:\/\/test.artmedia.ee\/profloors\/wp-content\/uploads\/2017\/01\/logo.png\" class=\"modal-logo\" \/><\/div><div class=\"modal-body\"><div class=\"table-1 product-table\">\n<table width=\"100%\">\n<thead>\n<tr>\n<th>Spetsifikatsioon<\/th>\n<th>Standard<\/th>\n<th>Tulemus<\/th>\n<\/tr>\n<\/thead>\n<tbody>\n<tr>\n<td>P\u00f5randa t\u00fc\u00fcp<\/td>\n<td>EN649<\/td>\n<td>\u00dchekihiline homogeenne p\u00f5randakate PUR + kaitsekihiga<\/td>\n<\/tr>\n<tr>\n<td>Materjal<\/td>\n<td><\/td>\n<td>PVC rullis<\/td>\n<\/tr>\n<tr>\n<td>PUR +<\/td>\n<td><\/td>\n<td>\u00a0PUR<\/td>\n<\/tr>\n<tr>\n<td>V\u00e4rvi toone<\/td>\n<td><\/td>\n<td>8<\/td>\n<\/tr>\n<\/tbody>\n<\/table>\n<\/div>\n<div class=\"table-1 product-table\">\n<table width=\"100%\">\n<thead>\n<tr>\n<th>Omadused<\/th>\n<th>Standard<\/th>\n<th>\u00dchik<\/th>\n<th>Tulemus<\/th>\n<\/tr>\n<\/thead>\n<tbody>\n<tr>\n<td>Tulekindlus<\/td>\n<td>EN13501-1<\/td>\n<td>klass<\/td>\n<td>Bfl-S1<\/td>\n<\/tr>\n<tr>\n<td>Libisemiskindlus<\/td>\n<td>DIN 51130<\/td>\n<td>grupp<\/td>\n<td>R 10<\/td>\n<\/tr>\n<tr>\n<td>L\u00f6\u00f6giheli summutamine<\/td>\n<td>ISO140-8<\/td>\n<td>dB<\/td>\n<td>3<\/td>\n<\/tr>\n<\/tbody>\n<\/table>\n<\/div>\n<div class=\"table-1 product-table\">\n<table style=\"width: 98.6962%; height: 614px;\" width=\"100%\">\n<thead>\n<tr style=\"height: 24px;\">\n<th style=\"height: 24px; width: 44.6817%;\">Peamised parameetrid<\/th>\n<th style=\"height: 24px; width: 16.3327%;\">Standard<\/th>\n<th style=\"height: 24px; width: 13.0435%;\">\u00dchik<\/th>\n<th style=\"height: 24px; width: 24.2029%;\">Tulemus<\/th>\n<\/tr>\n<\/thead>\n<tbody>\n<tr style=\"height: 27px;\">\n<td style=\"height: 27px; width: 44.6817%;\">m<sup>2<\/sup>rullis<\/td>\n<td style=\"height: 27px; width: 16.3327%;\">EN 426<\/td>\n<td style=\"height: 27px; width: 13.0435%;\">m<sup>2<\/sup><\/td>\n<td style=\"height: 27px; width: 24.2029%;\">18<\/td>\n<\/tr>\n<tr style=\"height: 24px;\">\n<td style=\"height: 24px; width: 44.6817%;\">Rulli pikkus<\/td>\n<td style=\"height: 24px; width: 16.3327%;\">EN 426<\/td>\n<td style=\"height: 24px; width: 13.0435%;\">m<\/td>\n<td style=\"height: 24px; width: 24.2029%;\">12<\/td>\n<\/tr>\n<tr style=\"height: 24px;\">\n<td style=\"height: 24px; width: 44.6817%;\">Rulli laius<\/td>\n<td style=\"height: 24px; width: 16.3327%;\">EN 426<\/td>\n<td style=\"height: 24px; width: 13.0435%;\">mm<\/td>\n<td style=\"height: 24px; width: 24.2029%;\">1500<\/td>\n<\/tr>\n<tr style=\"height: 24px;\">\n<td style=\"height: 24px; width: 44.6817%;\">Kogupaksus<\/td>\n<td style=\"height: 24px; width: 16.3327%;\">EN 428<\/td>\n<td style=\"height: 24px; width: 13.0435%;\">mm<\/td>\n<td style=\"height: 24px; width: 24.2029%;\">2,0<\/td>\n<\/tr>\n<tr style=\"height: 24px;\">\n<td style=\"height: 24px; width: 44.6817%;\">Kulutuskihi paksus<\/td>\n<td style=\"height: 24px; width: 16.3327%;\">EN 429<\/td>\n<td style=\"height: 24px; width: 13.0435%;\">mm<\/td>\n<td style=\"height: 24px; width: 24.2029%;\">2,0<\/td>\n<\/tr>\n<tr style=\"height: 27px;\">\n<td style=\"height: 27px; width: 44.6817%;\">Pinna\u00fchiku kaal<\/td>\n<td style=\"height: 27px; width: 16.3327%;\">EN 430<\/td>\n<td style=\"height: 27px; width: 13.0435%;\">g\/m<sup>2<\/sup><\/td>\n<td style=\"height: 27px; width: 24.2029%;\">2900<\/td>\n<\/tr>\n<tr style=\"height: 24px;\">\n<td style=\"height: 24px; width: 44.6817%;\">J\u00e4\u00e4v deformatsioon<\/td>\n<td style=\"height: 24px; width: 16.3327%;\">EN 433<\/td>\n<td style=\"height: 24px; width: 13.0435%;\">mm<\/td>\n<td style=\"height: 24px; width: 24.2029%;\">\u2264 0,1<\/td>\n<\/tr>\n<tr style=\"height: 24px;\">\n<td style=\"height: 24px; width: 44.6817%;\">M\u00f5\u00f5tmete stabiilsus<\/td>\n<td style=\"height: 24px; width: 16.3327%;\">EN 434<\/td>\n<td style=\"height: 24px; width: 13.0435%;\">%<\/td>\n<td style=\"height: 24px; width: 24.2029%;\">\u2264 0,4<\/td>\n<\/tr>\n<tr style=\"height: 24px;\">\n<td style=\"height: 24px; width: 44.6817%;\">V\u00e4rvikindlus<\/td>\n<td style=\"height: 24px; width: 16.3327%;\">ISO 105-B02<\/td>\n<td style=\"height: 24px; width: 13.0435%;\">klass<\/td>\n<td style=\"height: 24px; width: 24.2029%;\">min 6<\/td>\n<\/tr>\n<tr style=\"height: 24px;\">\n<td style=\"height: 24px; width: 44.6817%;\">Kulutusgrupp<\/td>\n<td style=\"height: 24px; width: 16.3327%;\">EN649<\/td>\n<td style=\"height: 24px; width: 13.0435%;\">klass<\/td>\n<td style=\"height: 24px; width: 24.2029%;\">T<\/td>\n<\/tr>\n<tr style=\"height: 27px;\">\n<td style=\"height: 27px; width: 44.6817%;\">Elektritakistus<\/td>\n<td style=\"height: 27px; width: 16.3327%;\">EN 14041<\/td>\n<td style=\"height: 27px; width: 13.0435%;\">\u2126<\/td>\n<td style=\"height: 27px; width: 24.2029%;\">\n<div id=\"main\">\n<div class=\"container loop\">\n<div class=\"post type_product has_image\" role=\"main\">\n<div class=\"row headrow\">\n<div class=\"six columns\">\n<div class=\"excerpt\">\n<p>\u2264 1\u00b710<sup>9<\/sup><\/p>\n<\/div>\n<\/div>\n<\/div>\n<\/div>\n<\/div>\n<\/div>\n<\/td>\n<\/tr>\n<tr style=\"height: 24px;\">\n<td style=\"height: 24px; width: 44.6817%;\">Stabiilsus kuumuses<\/td>\n<td style=\"height: 24px; width: 16.3327%;\"><\/td>\n<td style=\"height: 24px; width: 13.0435%;\"><\/td>\n<td style=\"height: 24px; width: 24.2029%;\">hea<\/td>\n<\/tr>\n<tr style=\"height: 24px;\">\n<td style=\"height: 24px; width: 44.6817%;\">Niiskuskindlus<\/td>\n<td style=\"height: 24px; width: 16.3327%;\">\u00a0EN684<\/td>\n<td style=\"height: 24px; width: 13.0435%;\"><\/td>\n<td style=\"height: 24px; width: 24.2029%;\">\u2265400H\/50mm<\/td>\n<\/tr>\n<tr style=\"height: 24px;\">\n<td style=\"height: 24px; width: 44.6817%;\">Vastupidavus hallitusele<\/td>\n<td style=\"height: 24px; width: 16.3327%;\"><\/td>\n<td style=\"height: 24px; width: 13.0435%;\"><\/td>\n<td style=\"height: 24px; width: 24.2029%;\">vastupidav<\/td>\n<\/tr>\n<tr style=\"height: 24px;\">\n<td style=\"height: 24px; width: 44.6817%;\">Vastupidavus kemikaalidele<\/td>\n<td style=\"height: 24px; width: 16.3327%;\">EN 423<\/td>\n<td style=\"height: 24px; width: 13.0435%;\"><\/td>\n<td style=\"height: 24px; width: 24.2029%;\">v\u00e4ga vastupidav<\/td>\n<\/tr>\n<tr style=\"height: 21px;\">\n<td style=\"height: 21px; width: 44.6817%;\">Kuumkeevitus<\/td>\n<td style=\"height: 21px; width: 16.3327%;\"><\/td>\n<td style=\"height: 21px; width: 13.0435%;\"><\/td>\n<td style=\"height: 21px; width: 24.2029%;\">jah<\/td>\n<\/tr>\n<tr style=\"height: 24px;\">\n<td style=\"height: 24px; width: 44.6817%;\">VOC<\/td>\n<td style=\"height: 24px; width: 16.3327%;\"><\/td>\n<td style=\"height: 24px; width: 13.0435%;\"><\/td>\n<td style=\"height: 24px; width: 24.2029%;\">vastab<\/td>\n<\/tr>\n<tr style=\"height: 21px;\">\n<td style=\"height: 21px; width: 44.6817%;\">Formaldeh\u00fc\u00fcdi emissioon<\/td>\n<td style=\"height: 21px; width: 16.3327%;\"><\/td>\n<td style=\"height: 21px; width: 13.0435%;\"><\/td>\n<td style=\"height: 21px; width: 24.2029%;\">E1<\/td>\n<\/tr>\n<\/tbody>\n<\/table>\n<table>\n<tbody>\n<tr>\n<td><strong>Klassifikatsioon \/ kasutusvaldkond<\/strong><\/td>\n<td><\/td>\n<td><\/td>\n<td><\/td>\n<\/tr>\n<tr>\n<td>\u00a0Eluruumid<\/td>\n<td>EN 685, 649<\/td>\n<td>\u00a0 klass<\/td>\n<td>\u00a0\u00a0\u00a0 21-23<\/td>\n<\/tr>\n<tr>\n<td>\u00a0\u00c4riruumid<\/td>\n<td>EN 685, 649<\/td>\n<td>\u00a0 klass<\/td>\n<td>\u00a0\u00a0\u00a0 31-34<\/td>\n<\/tr>\n<tr>\n<td>\u00a0T\u00f6\u00f6stusruumid<\/td>\n<td>EN 685, 649<\/td>\n<td>\u00a0 klass<\/td>\n<td>\u00a0\u00a0\u00a0 41-43<\/td>\n<\/tr>\n<tr>\n<td><\/td>\n<td><\/td>\n<td><\/td>\n<td><\/td>\n<\/tr>\n<\/tbody>\n<tbody>\n<tr>\n<td><strong>Lisa omadused<\/strong> :<\/td>\n<\/tr>\n<tr>\n<td>\u00a0 antibakteriaalne<\/td>\n<\/tr>\n<tr>\n<td>\u00a0 p\u00fcsivate staatiliste omadustega<\/td>\n<\/tr>\n<tr>\n<td>\u00a0 kontoritooli rataste taluvus EN 425 typ W<\/td>\n<\/tr>\n<tr>\n<td>\u00a0 talub &#171;ratastransporti&#187;<\/td>\n<\/tr>\n<tr>\n<td>\u00a0 sobiv p\u00f5randak\u00fctte jaoks max.29 \u00b0C<\/td>\n<\/tr>\n<\/tbody>\n<\/table>\n<\/div>\n<\/div><div class=\"modal-footer\"><a href=\"#\" class=\"fusion-button button-default button-medium button default medium print-btn\">Print<\/a><a class=\"fusion-button button-default button-medium button default medium\" data-dismiss=\"modal\">Close<\/a><\/div><\/div><\/div><\/div>                                                    <div class=\"single-product-button\">\n                            <a class=\"fusion-button button-flat button-round button-large button-custom button-1 product-button\"\n                               href=\"https:\/\/www.fatrafloor.cz\/en\/products\/pvc-floor-coverings\/lino-pvc-in-rolls\/garis\/\" target=\"_blank\">Lisainfo Fatra kodulehelt<\/a>\n                        <\/div>\n                    <\/div><\/div><div class=\"fusion-clearfix\"><\/div><\/div>\n<\/article>\n<div class=\"fusion-clearfix\"><\/div><\/div>\n\t\t\t\t\t\t\t\t\t<div class='pagination clearfix'>\n\t\t\t\n\t\t\t\n\t\t\t\n\t\t\t\n\t\t\t<\/div>\n\t\t\t\t\t<\/div><div class=\"fusion-clearfix\"><\/div>\n\n\t\t\t<\/div>\n\t\t<\/div><\/div><\/div>\n","protected":false},"excerpt":{"rendered":"","protected":false},"author":1,"featured_media":4060,"parent":3267,"menu_order":20,"comment_status":"closed","ping_status":"closed","template":"","meta":{"_acf_changed":false,"footnotes":""},"class_list":["post-3440","page","type-page","status-publish","has-post-thumbnail","hentry"],"acf":[],"_links":{"self":[{"href":"https:\/\/profloors.ee\/ru\/wp-json\/wp\/v2\/pages\/3440","targetHints":{"allow":["GET"]}}],"collection":[{"href":"https:\/\/profloors.ee\/ru\/wp-json\/wp\/v2\/pages"}],"about":[{"href":"https:\/\/profloors.ee\/ru\/wp-json\/wp\/v2\/types\/page"}],"author":[{"embeddable":true,"href":"https:\/\/profloors.ee\/ru\/wp-json\/wp\/v2\/users\/1"}],"replies":[{"embeddable":true,"href":"https:\/\/profloors.ee\/ru\/wp-json\/wp\/v2\/comments?post=3440"}],"version-history":[{"count":2,"href":"https:\/\/profloors.ee\/ru\/wp-json\/wp\/v2\/pages\/3440\/revisions"}],"predecessor-version":[{"id":7374,"href":"https:\/\/profloors.ee\/ru\/wp-json\/wp\/v2\/pages\/3440\/revisions\/7374"}],"up":[{"embeddable":true,"href":"https:\/\/profloors.ee\/ru\/wp-json\/wp\/v2\/pages\/3267"}],"wp:featuredmedia":[{"embeddable":true,"href":"https:\/\/profloors.ee\/ru\/wp-json\/wp\/v2\/media\/4060"}],"wp:attachment":[{"href":"https:\/\/profloors.ee\/ru\/wp-json\/wp\/v2\/media?parent=3440"}],"curies":[{"name":"wp","href":"https:\/\/api.w.org\/{rel}","templated":true}]}}