{"id":3297,"date":"2017-03-02T14:36:24","date_gmt":"2017-03-02T12:36:24","guid":{"rendered":"http:\/\/test.artmedia.ee\/profloors\/?page_id=3297\/"},"modified":"2024-11-08T15:19:24","modified_gmt":"2024-11-08T13:19:24","slug":"%d0%be-%d0%ba%d0%be%d0%bc%d0%bf%d0%b0%d0%bd%d0%b8%d0%b8","status":"publish","type":"page","link":"https:\/\/profloors.ee\/ru\/%d0%be-%d0%ba%d0%be%d0%bc%d0%bf%d0%b0%d0%bd%d0%b8%d0%b8\/","title":{"rendered":"\u041e \u043a\u043e\u043c\u043f\u0430\u043d\u0438\u0438"},"content":{"rendered":"<p><div  class=\"fusion-fullwidth fullwidth-box nonhundred-percent-fullwidth\"  style='background-color: rgba(255,255,255,0);background-position: center center;background-repeat: no-repeat;padding-top:0px;padding-right:50px;padding-bottom:0px;padding-left:0px;'><div class=\"fusion-builder-row fusion-row \"><div  class=\"fusion-layout-column fusion_builder_column fusion_builder_column_1_1  fusion-one-full fusion-column-first fusion-column-last 1_1\"  style='margin-top:0px;margin-bottom:0px;'>\n\t\t\t<div class=\"fusion-column-wrapper\" style=\"background-position:left top;background-repeat:no-repeat;-webkit-background-size:cover;-moz-background-size:cover;-o-background-size:cover;background-size:cover;\"  data-bg-url=\"\">\n\t\t\t\t<h3>Profloors O\u00dc \u2013 \u043f\u0440\u0435\u0434\u043f\u0440\u0438\u044f\u0442\u0438\u0435, \u0441\u043e\u0437\u0434\u0430\u043d\u043d\u043e\u0435 \u0432 2007 \u0433\u043e\u0434\u0443 \u043f\u043e \u0438\u043d\u0438\u0446\u0438\u0430\u0442\u0438\u0432\u0435 \u044d\u0441\u0442\u043e\u043d\u0441\u043a\u043e\u0433\u043e \u0447\u0430\u0441\u0442\u043d\u043e\u0433\u043e \u043a\u0430\u043f\u0438\u0442\u0430\u043b\u0430. \u041e\u0431\u043b\u0430\u0441\u0442\u044c\u044e \u0434\u0435\u044f\u0442\u0435\u043b\u044c\u043d\u043e\u0441\u0442\u0438 \u043f\u0440\u0435\u0434\u043f\u0440\u0438\u044f\u0442\u0438\u044f \u044f\u0432\u043b\u044f\u0435\u0442\u0441\u044f \u043f\u0440\u043e\u0434\u0430\u0436\u0430 \u0438 \u0443\u043a\u043b\u0430\u0434\u043a\u0430 \u043d\u0430\u043f\u043e\u043b\u044c\u043d\u044b\u0445 \u043f\u043e\u043a\u0440\u044b\u0442\u0438\u0439 \u0438 \u043c\u0430\u0442\u0435\u0440\u0438\u0430\u043b\u043e\u0432 \u043f\u043e\u043a\u0440\u044b\u0442\u0438\u0439 \u0434\u043b\u044f \u0441\u043f\u043e\u0440\u0442\u0438\u0432\u043d\u044b\u0445 \u043f\u043e\u043b\u043e\u0432, \u0430 \u0442\u0430\u043a\u0436\u0435 \u0441\u0442\u0440\u043e\u0438\u0442\u0435\u043b\u044c\u0441\u0442\u0432\u043e \u0441\u043f\u043e\u0440\u0442\u0438\u0432\u043d\u044b\u0445 \u0441\u043e\u043e\u0440\u0443\u0436\u0435\u043d\u0438\u0439.<\/h3>\n<div class=\"fusion-clearfix\"><\/div>\n\n\t\t\t<\/div>\n\t\t<\/div><\/div><\/div><div  class=\"fusion-fullwidth fullwidth-box nonhundred-percent-fullwidth\"  style='background-color: rgba(255,255,255,0);background-position: center center;background-repeat: no-repeat;padding-top:20px;padding-right:50px;padding-bottom:20px;padding-left:0px;'><div class=\"fusion-builder-row fusion-row \"><div  class=\"fusion-layout-column fusion_builder_column fusion_builder_column_1_2  fusion-one-half fusion-column-first 1_2\"  style='margin-top:0px;margin-bottom:0px;width:50%;width:calc(50% - ( ( 4% ) * 0.5 ) );margin-right: 4%;'>\n\t\t\t<div class=\"fusion-column-wrapper\" style=\"background-position:left top;background-repeat:no-repeat;-webkit-background-size:cover;-moz-background-size:cover;-o-background-size:cover;background-size:cover;\"  data-bg-url=\"\">\n\t\t\t\t<p>Profloors O\u00dc \u043f\u0440\u0435\u0434\u0441\u0442\u0430\u0432\u043b\u044f\u0435\u0442 \u0432 \u042d\u0441\u0442\u043e\u043d\u0438\u0438 \u0441\u043b\u0435\u0434\u0443\u044e\u0449\u0438\u0435 \u0442\u043e\u0440\u0433\u043e\u0432\u044b\u0435 \u043c\u0430\u0440\u043a\u0438:<\/p>\n<p><strong>Fatra<\/strong> (\u043d\u0430\u043f\u043e\u043b\u044c\u043d\u044b\u0435 \u041f\u0412\u0425-\u043f\u043e\u043a\u0440\u044b\u0442\u0438\u044f, \u044d\u043b\u0435\u043a\u0442\u0440\u043e\u0441\u0442\u0430\u0442\u0438\u0447\u043d\u044b\u0435 \u043f\u043e\u043b\u044b),<br \/>\n<strong>Haro Sports\u00a0<\/strong>( \u0434\u0435\u0440\u0435\u0432\u044f\u043d\u043d\u044b\u0435 \u0431\u0430\u0441\u043a\u0435\u0442\u0431\u043e\u043b\u044c\u043d\u044b\u0435 \u0441\u043f\u043e\u0440\u0442\u0438\u0432\u043d\u044b\u0435 \u043f\u043b\u043e\u0449\u0430\u0434\u043a\u0438 FIBA),<br \/>\n<b>Conica Sport Flooring<\/b> (\u0431\u0435\u0433\u043e\u0432\u044b\u0435 \u0442\u0430\u0440\u0442\u0430\u043d\u043e\u0432\u044b\u0435 \u0434\u043e\u0440\u043e\u0436\u043a\u0438 WA),<br \/>\n<b>BSG<\/b> (\u0431\u0435\u0433\u043e\u0432\u044b\u0435 \u0442\u0430\u0440\u0442\u0430\u043d\u043e\u0432\u044b\u0435 \u0434\u043e\u0440\u043e\u0436\u043a\u0438 WA),<br \/>\n<strong>Casali Sport<\/strong> \u043d\u0430 \u043e\u0441\u043d\u043e\u0432\u0435 \u0430\u043a\u0440\u0438\u043b\u043e\u0432\u044b\u0445 \u0441\u043c\u043e\u043b\u00a0\u0438 PU-\u043f\u043e\u043a\u0440\u044b\u0442\u0438\u044f(\u0442\u0435\u043d\u043d\u0438\u0441\u043d\u044b\u0435 \u043f\u043b\u043e\u0449\u0430\u0434\u043a\u0438 ITF, \u0440\u0430\u0437\u043b\u0438\u0447\u043d\u044b\u0435 \u043f\u043b\u043e\u0449\u0430\u0434\u043a\u0438 \u0434\u043b\u044f \u0438\u0433\u0440\u044b \u0441 \u043c\u044f\u0447\u043e\u043c),<br \/>\n<strong>Robbins Sport Surfaces<\/strong> (\u0431\u0430\u0441\u043a\u0435\u0442\u0431\u043e\u043b\u044c\u043d\u044b\u0435 \u043f\u043b\u043e\u0449\u0430\u0434\u043a\u0438 \u0438\u0437 \u0442\u0432\u0435\u0440\u0434\u043e\u0433\u043e \u043a\u043b\u0435\u043d\u0430 FIBA)<br \/>\n<strong>Mondo<\/strong> (\u0440\u0430\u0437\u043d\u044b\u0435 \u0441\u043f\u043e\u0440\u0442\u0438\u0432\u043d\u044b\u0435 \u043f\u043e\u043a\u0440\u044b\u0442\u0438\u044f \u0434\u043b\u044f \u0437\u0430\u043a\u0440\u044b\u0442\u044b\u0445 \u0438 \u043e\u0442\u043a\u0440\u044b\u0442\u044b\u0445 \u043f\u043b\u043e\u0449\u0430\u0434\u043e\u043a, \u0441\u043f\u043e\u0440\u0442\u0438\u0432\u043d\u044b\u0439 \u0438\u043d\u0432\u0435\u043d\u0442\u0430\u0440\u044c),<br \/>\n<strong>Lano Sports<\/strong> (\u043f\u043b\u043e\u0449\u0430\u0434\u043a\u0438 \u0441 \u0438\u0441\u043a\u0443\u0441\u0441\u0442\u0432\u0435\u043d\u043d\u044b\u043c \u0442\u0440\u0430\u0432\u044f\u043d\u044b\u043c \u043f\u043e\u043a\u0440\u044b\u0442\u0438\u0435\u043c \u2013 \u0444\u0443\u0442\u0431\u043e\u043b\u044c\u043d\u044b\u0435 FIFA, \u0442\u0435\u043d\u043d\u0438\u0441\u043d\u044b\u0435),<\/p>\n<p>\u041f\u0440\u043e\u0434\u0430\u0435\u043c \u0438 \u043c\u043e\u043d\u0442\u0438\u0440\u0443\u0435\u043c \u0442\u0430\u043a\u0436\u0435 \u0441\u043f\u043e\u0440\u0442\u0438\u0432\u043d\u044b\u0439 \u0438\u043d\u0432\u0435\u043d\u0442\u0430\u0440\u044c <strong>Polsport, Pesmenpol, Nautronic, Dimasport<\/strong> \u0438 <strong>Benz-Sport.<\/strong><\/p>\n<p>\u041d\u0430\u0448 \u043f\u0435\u0440\u0441\u043e\u043d\u0430\u043b \u043e\u0431\u043b\u0430\u0434\u0430\u0435\u0442 29-\u043b\u0435\u0442\u043d\u0438\u043c \u043e\u043f\u044b\u0442\u043e\u043c \u043f\u043e \u0443\u043a\u043b\u0430\u0434\u043a\u0435 \u043f\u043e\u043b\u043e\u0432 \u0434\u043b\u044f \u043a\u043e\u043c\u043c\u0435\u0440\u0447\u0435\u0441\u043a\u0438\u0445 \u043f\u043b\u043e\u0449\u0430\u0434\u0435\u0439, \u0448\u043a\u043e\u043b, \u0434\u0435\u0442\u0441\u043a\u0438\u0445 \u0441\u0430\u0434\u043e\u0432, \u0431\u043e\u043b\u044c\u043d\u0438\u0446 \u0438 \u0442.\u043f. \u043f\u043e\u043b\u043e\u0432, \u0430 \u0442\u0430\u043a\u0436\u0435 \u043f\u043e \u0441\u0442\u0440\u043e\u0438\u0442\u0435\u043b\u044c\u0441\u0442\u0432\u0443 \u043e\u0442\u043a\u0440\u044b\u0442\u044b\u0445 \u0441\u043f\u043e\u0440\u0442\u0438\u0432\u043d\u044b\u0445 \u0441\u043e\u043e\u0440\u0443\u0436\u0435\u043d\u0438\u0439, \u0442\u0435\u043d\u043d\u0438\u0441\u043d\u044b\u0445 \u0438 \u0444\u0443\u0442\u0431\u043e\u043b\u044c\u043d\u044b\u0445 \u043f\u043b\u043e\u0449\u0430\u0434\u043e\u043a \u0438 \u043f\u0440\u043e\u0447\u0438\u0445 \u0430\u043d\u0430\u043b\u043e\u0433\u0438\u0447\u043d\u044b\u0445 \u043e\u0431\u044a\u0435\u043a\u0442\u043e\u0432.<\/p>\n<div class=\"fusion-clearfix\"><\/div>\n\n\t\t\t<\/div>\n\t\t<\/div><div  class=\"fusion-layout-column fusion_builder_column fusion_builder_column_1_2  fusion-one-half fusion-column-last 1_2\"  style='margin-top:0px;margin-bottom:0px;width:50%;width:calc(50% - ( ( 4% ) * 0.5 ) );'>\n\t\t\t<div class=\"fusion-column-wrapper\" style=\"background-position:left top;background-repeat:no-repeat;-webkit-background-size:cover;-moz-background-size:cover;-o-background-size:cover;background-size:cover;\"  data-bg-url=\"\">\n\t\t\t\t<div class=\"fusion-slider-sc flexslider flexslider-hover-type-none alignright\" style=\"max-width:450px;height:450px;\"><ul class=\"slides\"><li class=\"image\"><span class=\"hover-type-none\"><img decoding=\"async\" src=\"https:\/\/profloors.ee\/wp-content\/uploads\/2017\/03\/Tallink-Tennisekeskus-Casali-Confosport.jpg\" \/><\/span><\/li><li class=\"image\"><span class=\"hover-type-none\"><img decoding=\"async\" src=\"https:\/\/profloors.ee\/wp-content\/uploads\/2020\/12\/Elva-Spordihoone.jpg\" \/><\/span><\/li><li class=\"image\"><span class=\"hover-type-none\"><img decoding=\"async\" src=\"https:\/\/profloors.ee\/wp-content\/uploads\/2017\/10\/Lohkva-Spordihoone-3.jpg\" \/><\/span><\/li><li class=\"image\"><span class=\"hover-type-none\"><img decoding=\"async\" src=\"https:\/\/profloors.ee\/wp-content\/uploads\/2021\/10\/T\u00f5rva-staadion.jpg\" \/><\/span><\/li><li class=\"image\"><span class=\"hover-type-none\"><img decoding=\"async\" src=\"https:\/\/profloors.ee\/wp-content\/uploads\/2017\/03\/K\u00e4\u00e4riku-spordikeskuse-kergej\u00f5ustikustaadion.jpg\" \/><\/span><\/li><li class=\"image\"><span class=\"hover-type-none\"><img decoding=\"async\" src=\"https:\/\/profloors.ee\/wp-content\/uploads\/2020\/04\/Vilde-tee-120-staadioni-plastikkattega-korvpalliv\u00e4ljak.jpg\" \/><\/span><\/li><\/ul><\/div><div class=\"fusion-clearfix\"><\/div>\n\n\t\t\t<\/div>\n\t\t<\/div><\/div><\/div><div  class=\"fusion-fullwidth fullwidth-box nonhundred-percent-fullwidth\"  style='background-color: rgba(255,255,255,0);background-position: center center;background-repeat: no-repeat;padding-top:20px;padding-right:50px;padding-bottom:20px;padding-left:0px;'><div class=\"fusion-builder-row fusion-row \"><div  class=\"fusion-layout-column fusion_builder_column fusion_builder_column_1_1  fusion-one-full fusion-column-first fusion-column-last 1_1\"  style='margin-top:0px;margin-bottom:0px;'>\n\t\t\t<div class=\"fusion-column-wrapper\" style=\"background-position:left top;background-repeat:no-repeat;-webkit-background-size:cover;-moz-background-size:cover;-o-background-size:cover;background-size:cover;\"  data-bg-url=\"\">\n\t\t\t\t<p><strong>Profloors O\u00dc \u043f\u0440\u0435\u0434\u043b\u0430\u0433\u0430\u0435\u0442 \u0412\u0430\u043c \u0446\u0435\u043b\u043e\u0441\u0442\u043d\u044b\u0435 \u0440\u0435\u0448\u0435\u043d\u0438\u044f, \u043d\u0430\u0447\u0438\u043d\u0430\u044f \u043e\u0442 \u043a\u043e\u043d\u0441\u0443\u043b\u044c\u0442\u0430\u0446\u0438\u0438 \u0438 \u0434\u043e \u043f\u043e\u0441\u0442\u0430\u0432\u043a\u0438 \u043c\u0430\u0442\u0435\u0440\u0438\u0430\u043b\u043e\u0432 \u0438 \u0441\u043e\u043e\u0440\u0443\u0436\u0435\u043d\u0438\u044f \u043f\u043e\u043b\u0430 \u0438\u043b\u0438 \u0441\u043f\u043e\u0440\u0442\u0438\u0432\u043d\u043e\u0439 \u043f\u043b\u043e\u0449\u0430\u0434\u043a\u0438, \u0430 \u0442\u0430\u043a\u0436\u0435 \u043f\u043e\u0441\u043b\u0435\u0434\u0443\u044e\u0449\u0435\u0433\u043e \u0443\u0445\u043e\u0434\u0430 \u0437\u0430 \u043d\u0435\u0439<\/strong>. \u041d\u0430\u0448\u0430 \u0446\u0435\u043b\u044c \u0441\u043e\u0441\u0442\u043e\u0438\u0442 \u0432 \u043f\u0440\u0435\u0434\u043b\u043e\u0436\u0435\u043d\u0438\u0438 \u043a\u043b\u0438\u0435\u043d\u0442\u0443 \u043c\u0430\u043a\u0441\u0438\u043c\u0430\u043b\u044c\u043d\u043e \u0445\u043e\u0440\u043e\u0448\u0435\u0433\u043e \u0440\u0435\u0448\u0435\u043d\u0438\u044f, \u0443\u0434\u043e\u0432\u043b\u0435\u0442\u0432\u043e\u0440\u044f\u044e\u0449\u0435\u0433\u043e \u0435\u0433\u043e \u0436\u0435\u043b\u0430\u043d\u0438\u044f\u043c, \u043f\u043e\u0442\u0440\u0435\u0431\u043d\u043e\u0441\u0442\u044f\u043c \u0438 \u0432\u043e\u0437\u043c\u043e\u0436\u043d\u043e\u0441\u0442\u044f\u043c, \u0438 \u043f\u0440\u0438 \u044d\u0442\u043e\u043c \u043b\u0443\u0447\u0448\u0435 \u0432\u0441\u0435\u0433\u043e \u0443\u0447\u0438\u0442\u044b\u0432\u0430\u044e\u0449\u0435\u043c \u0435\u0433\u043e \u0442\u0440\u0435\u0431\u043e\u0432\u0430\u043d\u0438\u044f. \u041c\u044b \u043f\u043e\u043c\u043e\u0436\u0435\u043c \u0412\u0430\u043c \u043f\u0440\u0438\u043d\u044f\u0442\u044c \u0440\u0435\u0448\u0435\u043d\u0438\u0435 \u043e \u0442\u043e\u043c, \u043a\u0430\u043a\u043e\u0439 \u043f\u043e\u043b \u0438\u043b\u0438 \u0441\u043f\u043e\u0440\u0442\u0438\u0432\u043d\u0430\u044f \u043f\u043b\u043e\u0449\u0430\u0434\u043a\u0430 \u043f\u043e\u0434\u0445\u043e\u0434\u044f\u0442 \u0438\u043c\u0435\u043d\u043d\u043e \u0412\u0430\u0448\u0438 \u0442\u0440\u0435\u0431\u043e\u0432\u0430\u043d\u0438\u044f\u043c, \u0438 \u043f\u0440\u0438\u043b\u043e\u0436\u0438\u043c \u0432\u0441\u0435 \u0437\u0430\u0432\u0438\u0441\u044f\u0449\u0438\u0435 \u043e\u0442 \u043d\u0430\u0441 \u0443\u0441\u0438\u043b\u0438\u044f \u0434\u043b\u044f \u0435\u0435 \u0441\u043e\u043e\u0440\u0443\u0436\u0435\u043d\u0438\u0438, \u0441\u0442\u0430\u043d\u043e\u0432\u044f\u0441\u044c \u0412\u0430\u0448\u0438\u043c \u043f\u0430\u0440\u0442\u043d\u0435\u0440\u043e\u043c \u043d\u0430 \u0433\u043e\u0434\u044b.<\/p>\n<div class=\"fusion-clearfix\"><\/div>\n\n\t\t\t<\/div>\n\t\t<\/div><\/div><\/div><\/p>\n","protected":false},"excerpt":{"rendered":"","protected":false},"author":1,"featured_media":0,"parent":0,"menu_order":120,"comment_status":"closed","ping_status":"closed","template":"","meta":{"_acf_changed":false,"footnotes":""},"class_list":["post-3297","page","type-page","status-publish","hentry"],"acf":[],"_links":{"self":[{"href":"https:\/\/profloors.ee\/ru\/wp-json\/wp\/v2\/pages\/3297","targetHints":{"allow":["GET"]}}],"collection":[{"href":"https:\/\/profloors.ee\/ru\/wp-json\/wp\/v2\/pages"}],"about":[{"href":"https:\/\/profloors.ee\/ru\/wp-json\/wp\/v2\/types\/page"}],"author":[{"embeddable":true,"href":"https:\/\/profloors.ee\/ru\/wp-json\/wp\/v2\/users\/1"}],"replies":[{"embeddable":true,"href":"https:\/\/profloors.ee\/ru\/wp-json\/wp\/v2\/comments?post=3297"}],"version-history":[{"count":10,"href":"https:\/\/profloors.ee\/ru\/wp-json\/wp\/v2\/pages\/3297\/revisions"}],"predecessor-version":[{"id":12585,"href":"https:\/\/profloors.ee\/ru\/wp-json\/wp\/v2\/pages\/3297\/revisions\/12585"}],"wp:attachment":[{"href":"https:\/\/profloors.ee\/ru\/wp-json\/wp\/v2\/media?parent=3297"}],"curies":[{"name":"wp","href":"https:\/\/api.w.org\/{rel}","templated":true}]}}