{"id":3229,"date":"2017-03-02T11:18:36","date_gmt":"2017-03-02T09:18:36","guid":{"rendered":"http:\/\/test.artmedia.ee\/profloors\/?page_id=3229\/"},"modified":"2022-01-18T15:22:18","modified_gmt":"2022-01-18T13:22:18","slug":"avaleht","status":"publish","type":"page","link":"https:\/\/profloors.ee\/ru\/","title":{"rendered":"Home"},"content":{"rendered":"<p><div  class=\"fusion-fullwidth fullwidth-box hundred-percent-fullwidth fusion-equal-height-columns\"  style='background-color: rgba(255,255,255,0);background-position: left top;background-repeat: no-repeat;padding-top:0px;padding-right:0px;padding-bottom:0px;padding-left:0px;border-top-width:0px;border-bottom-width:0px;border-color:#eae9e9;border-top-style:solid;border-bottom-style:solid;'><div class=\"fusion-builder-row fusion-row \"><div  class=\"fusion-layout-column fusion_builder_column fusion_builder_column_1_4  fusion-one-fourth fusion-column-first fusion-column-inner-bg-wrapper 1_4\"  style='margin-top:0px;margin-bottom:0px;'>\n\t\t\t<div class=\"fusion-column-wrapper\" style=\"\" data-bg-url=\"https:\/\/profloors.ee\/wp-content\/uploads\/2015\/03\/Imperio-slaid2.jpg\">\n\t\t\t\t<div class=\"fusion-sep-clear\"><\/div><div class=\"fusion-separator fusion-full-width-sep sep-none mySep\" style=\"margin-left: auto;margin-right: auto;margin-top:550px;\"><\/div><div style=\"height: 125px; background: #6d4839; padding: 30px 50px; color: #ffffff; opacity: 0.95;\">\n<h3><a style=\"color: #ffffff; text-transform:uppercase;\" href=\"\/avada\/lifestyle\/yoga-fitness\/\">\u041d\u0430\u043f\u043e\u043b\u044c\u043d\u044b\u0435 \u043f\u043e\u043a\u0440\u044b\u0442\u0438\u044f<\/a><\/h3>\n<\/div>\n<div class=\"fusion-clearfix\"><\/div>\n\t\t\t<\/div>\n\t\t\t<span class=\"fusion-column-inner-bg hover-type-zoomin\">\n\t\t\t\t<a href=\"porandakatted\">\n\t\t\t\t\t<span class=\"fusion-column-inner-bg-image\" style=\"background-image: url('https:\/\/profloors.ee\/wp-content\/uploads\/2015\/03\/Imperio-slaid2.jpg');background-position:right top;background-repeat:no-repeat;-webkit-background-size:cover;-moz-background-size:cover;-o-background-size:cover;background-size:cover;\"><\/span><\/a>\n\t\t\t<\/span>\n\t\t<\/div><div  class=\"fusion-layout-column fusion_builder_column fusion_builder_column_1_4  fusion-one-fourth fusion-column-inner-bg-wrapper 1_4\"  style='margin-top:0px;margin-bottom:0px;'>\n\t\t\t<div class=\"fusion-column-wrapper\" style=\"\" data-bg-url=\"https:\/\/profloors.ee\/wp-content\/uploads\/2015\/03\/slaid-court3.jpg\">\n\t\t\t\t<div class=\"fusion-sep-clear\"><\/div><div class=\"fusion-separator fusion-full-width-sep sep-none mySep\" style=\"margin-left: auto;margin-right: auto;margin-top:550px;\"><\/div><div style=\"height: 125px; background: #363024; padding: 30px 50px; color: #ffffff; opacity: 0.95;\">\n<h3><a style=\"color: #ffffff;text-transform:uppercase;\" href=\"\/avada\/lifestyle\/home-garden\/\">\n\u0412\u043d\u0443\u0442\u0440\u0435\u043d\u043d\u0438\u0435 \u0441\u043f\u043e\u0440\u0442\u043f\u043b\u043e\u0449\u0430\u0434\u043a\u0438<\/a><\/h3>\n<\/div>\n<div class=\"fusion-clearfix\"><\/div>\n\t\t\t<\/div>\n\t\t\t<span class=\"fusion-column-inner-bg hover-type-zoomin\">\n\t\t\t\t<a href=\"sisespordivaljakud\">\n\t\t\t\t\t<span class=\"fusion-column-inner-bg-image\" style=\"background-image: url('https:\/\/profloors.ee\/wp-content\/uploads\/2015\/03\/slaid-court3.jpg');background-position:right top;background-repeat:no-repeat;-webkit-background-size:cover;-moz-background-size:cover;-o-background-size:cover;background-size:cover;\"><\/span><\/a>\n\t\t\t<\/span>\n\t\t<\/div><div  class=\"fusion-layout-column fusion_builder_column fusion_builder_column_1_4  fusion-one-fourth fusion-column-inner-bg-wrapper 1_4\"  style='margin-top:0px;margin-bottom:0px;'>\n\t\t\t<div class=\"fusion-column-wrapper\" style=\"\" data-bg-url=\"https:\/\/profloors.ee\/wp-content\/uploads\/2015\/03\/slaid-track3.jpg\">\n\t\t\t\t<div class=\"fusion-sep-clear\"><\/div><div class=\"fusion-separator fusion-full-width-sep sep-none mySep\" style=\"margin-left: auto;margin-right: auto;margin-top:550px;\"><\/div><div style=\"height: 125px; background: #531214; padding: 30px 50px; color: #ffffff; opacity: 0.95;\">\n<h3><a style=\"color: #ffffff;text-transform:uppercase;\" href=\"\/avada\/lifestyle\/health-wellbeing\/\">\n\u041e\u0442\u043a\u0440\u044b\u0442\u044b\u0435 \u0441\u043f\u043e\u0440\u0442\u043f\u043b\u043e\u0449\u0430\u0434\u043a\u0438<\/a><\/h3>\n<\/div>\n<div class=\"fusion-clearfix\"><\/div>\n\t\t\t<\/div>\n\t\t\t<span class=\"fusion-column-inner-bg hover-type-zoomin\">\n\t\t\t\t<a href=\"valisspordivaljakud\">\n\t\t\t\t\t<span class=\"fusion-column-inner-bg-image\" style=\"background-image: url('https:\/\/profloors.ee\/wp-content\/uploads\/2015\/03\/slaid-track3.jpg');background-position:right top;background-repeat:no-repeat;-webkit-background-size:cover;-moz-background-size:cover;-o-background-size:cover;background-size:cover;\"><\/span><\/a>\n\t\t\t<\/span>\n\t\t<\/div><div  class=\"fusion-layout-column fusion_builder_column fusion_builder_column_1_4  fusion-one-fourth fusion-column-last fusion-column-inner-bg-wrapper 1_4\"  style='margin-top:0px;margin-bottom:0px;'>\n\t\t\t<div class=\"fusion-column-wrapper\" style=\"\" data-bg-url=\"https:\/\/profloors.ee\/wp-content\/uploads\/2015\/03\/spordiinventar1.jpg\">\n\t\t\t\t<div class=\"fusion-sep-clear\"><\/div><div class=\"fusion-separator fusion-full-width-sep sep-none mySep\" style=\"margin-left: auto;margin-right: auto;margin-top:550px;\"><\/div><div style=\"height: 125px; background: #8a622b; padding: 30px 50px; color: #ffffff; opacity: 0.95;\">\n<h3><a style=\"color: #ffffff;text-transform:uppercase;\" href=\"spordiinventar\">C\u043f\u043e\u0440\u0442\u0438\u0432\u043d\u044b\u0439 \u0438\u043d\u0432\u0435\u043d\u0442\u0430\u0440\u044c<\/a><\/h3>\n<\/div>\n<div class=\"fusion-clearfix\"><\/div>\n\t\t\t<\/div>\n\t\t\t<span class=\"fusion-column-inner-bg hover-type-zoomin\">\n\t\t\t\t<a href=\"spordiinventar\">\n\t\t\t\t\t<span class=\"fusion-column-inner-bg-image\" style=\"background-image: url('https:\/\/profloors.ee\/wp-content\/uploads\/2015\/03\/spordiinventar1.jpg');background-position:right top;background-repeat:no-repeat;-webkit-background-size:cover;-moz-background-size:cover;-o-background-size:cover;background-size:cover;\"><\/span><\/a>\n\t\t\t<\/span>\n\t\t<\/div><\/div><\/div><div  class=\"fusion-fullwidth fullwidth-box nonhundred-percent-fullwidth\"  style='background-color: rgba(255,255,255,0);background-position: left top;background-repeat: no-repeat;padding-top:110px;padding-right:50px;padding-bottom:110px;padding-left:0px;border-top-width:0px;border-bottom-width:0px;border-color:#eae9e9;border-top-style:solid;border-bottom-style:solid;'><div class=\"fusion-builder-row fusion-row \"><div  class=\"fusion-layout-column fusion_builder_column fusion_builder_column_2_5  fusion-two-fifth fusion-column-first 2_5\"  style='margin-top:0px;margin-bottom:0px;width:37.6%; margin-right: 4%;'>\n\t\t\t<div class=\"fusion-column-wrapper\" style=\"background-position:left top;background-repeat:no-repeat;-webkit-background-size:cover;-moz-background-size:cover;-o-background-size:cover;background-size:cover;\"  data-bg-url=\"\">\n\t\t\t\t<div class=\"fusion-sep-clear\"><\/div><div class=\"fusion-separator fusion-full-width-sep sep-none\" style=\"margin-left: auto;margin-right: auto;margin-top:15px;\"><\/div><div class=\"fusion-slider-sc flexslider flexslider-hover-type-none\" style=\"max-width:100%;height:100%;\"><ul class=\"slides\"><li class=\"image\"><span class=\"hover-type-none\"><img decoding=\"async\" src=\"https:\/\/profloors.ee\/wp-content\/uploads\/2017\/02\/Tallink-Tennisekeskus.jpg\" \/><\/span><\/li><li class=\"image\"><span class=\"hover-type-none\"><img decoding=\"async\" src=\"https:\/\/profloors.ee\/wp-content\/uploads\/2017\/02\/Rakvere-staadion.jpg\" \/><\/span><\/li><li class=\"image\"><span class=\"hover-type-none\"><img decoding=\"async\" src=\"https:\/\/profloors.ee\/wp-content\/uploads\/2021\/10\/T\u00f5rva-staadion.jpg\" \/><\/span><\/li><li class=\"image\"><span class=\"hover-type-none\"><img decoding=\"async\" src=\"https:\/\/profloors.ee\/wp-content\/uploads\/2020\/12\/Elva-Spordihoone.jpg\" \/><\/span><\/li><li class=\"image\"><span class=\"hover-type-none\"><img decoding=\"async\" src=\"https:\/\/profloors.ee\/wp-content\/uploads\/2017\/10\/Lohkva-Spordihoone-3.jpg\" \/><\/span><\/li><li class=\"image\"><span class=\"hover-type-none\"><img decoding=\"async\" src=\"https:\/\/profloors.ee\/wp-content\/uploads\/2017\/03\/K\u00e4\u00e4riku-spordikeskuse-kergej\u00f5ustikustaadion.jpg\" \/><\/span><\/li><\/ul><\/div><div class=\"fusion-clearfix\"><\/div>\n\n\t\t\t<\/div>\n\t\t<\/div><div  class=\"fusion-layout-column fusion_builder_column fusion_builder_column_3_5  fusion-three-fifth fusion-column-last 3_5\"  style='margin-top:0px;margin-bottom:0px;width:58.4%'>\n\t\t\t<div class=\"fusion-column-wrapper\" style=\"background-position:left top;background-repeat:no-repeat;-webkit-background-size:cover;-moz-background-size:cover;-o-background-size:cover;background-size:cover;\"  data-bg-url=\"\">\n\t\t\t\t<h2>\u041f\u0440\u043e\u0434\u0430\u0436\u0430 \u0438 \u0443\u0441\u0442\u0430\u043d\u043e\u0432\u043a\u0430 \u043d\u0430\u043f\u043e\u043b\u044c\u043d\u044b\u0445 \u043f\u043e\u043a\u0440\u044b\u0442\u0438\u0439 \u0438 \u0434\u043b\u044f \u043f\u043e\u043c\u0435\u0449\u0435\u043d\u0438\u0439 \u0438 \u0441\u043f\u043e\u0440\u0442\u0438\u0432\u043d\u044b\u0445 \u043f\u043b\u043e\u0449\u0430\u0434\u043e\u043a.<\/h2>\n<h3>\u0421\u0442\u0440\u043e\u0438\u0442\u0435\u043b\u044c\u0441\u0442\u0432\u043e \u0431\u0430\u0441\u043a\u0435\u0442\u0431\u043e\u043b\u044c\u043d\u044b\u0445, \u0432\u043e\u043b\u0435\u0439\u0431\u043e\u043b\u044c\u043d\u044b\u0445, \u0433\u0430\u043d\u0434\u0431\u043e\u043b\u044c\u043d\u044b\u0445, \u0444\u0443\u0442\u0431\u043e\u043b\u044c\u043d\u044b\u0445 \u0438 \u0442\u0435\u043d\u043d\u0438\u0441\u043d\u044b\u0445 \u043f\u043b\u043e\u0449\u0430\u0434\u043e\u043a, \u0432\u043e\u0437\u0432\u0435\u0434\u0435\u043d\u0438\u0435 \u0441\u0442\u0430\u0434\u0438\u043e\u043d\u043e\u0432 \u0438 \u0434\u0440\u0443\u0433\u0438\u0445 \u0441\u043f\u043e\u0440\u0442\u0438\u0432\u043d\u044b\u0445 \u0441\u043e\u043e\u0440\u0443\u0436\u0435\u043d\u0438\u0439, \u0443\u0441\u0442\u0430\u043d\u043e\u0432\u043a\u0430 \u043d\u0430\u043f\u043e\u043b\u044c\u043d\u044b\u0445 \u043f\u043e\u043a\u0440\u044b\u0442\u0438\u0439 \u0432 \u043e\u0444\u0438\u0441\u0430\u0445 \u0438 \u0434\u0440\u0443\u0433\u0438\u0445 \u043a\u043e\u043c\u043c\u0435\u0440\u0447\u0435\u0441\u043a\u0438\u0445 \u043f\u043e\u043c\u0435\u0449\u0435\u043d\u0438\u044f\u0445.<\/h3>\n<p>\u041d\u0430\u0448 \u043f\u0435\u0440\u0441\u043e\u043d\u0430\u043b \u043e\u0431\u043b\u0430\u0434\u0430\u0435\u0442 27-\u043b\u0435\u0442\u043d\u0438\u043c \u043e\u043f\u044b\u0442\u043e\u043c \u043f\u043e \u0443\u043a\u043b\u0430\u0434\u043a\u0435 \u043f\u043e\u043b\u043e\u0432 \u0434\u043b\u044f \u043a\u043e\u043c\u043c\u0435\u0440\u0447\u0435\u0441\u043a\u0438\u0445 \u043f\u043b\u043e\u0449\u0430\u0434\u0435\u0439, \u0448\u043a\u043e\u043b, \u0434\u0435\u0442\u0441\u043a\u0438\u0445 \u0441\u0430\u0434\u043e\u0432, \u0431\u043e\u043b\u044c\u043d\u0438\u0446 \u0438 \u0442.\u043f. \u043f\u043e\u043b\u043e\u0432, \u0430 \u0442\u0430\u043a\u0436\u0435 \u043f\u043e \u0441\u0442\u0440\u043e\u0438\u0442\u0435\u043b\u044c\u0441\u0442\u0432\u0443 \u043e\u0442\u043a\u0440\u044b\u0442\u044b\u0445 \u0441\u043f\u043e\u0440\u0442\u0438\u0432\u043d\u044b\u0445 \u0441\u043e\u043e\u0440\u0443\u0436\u0435\u043d\u0438\u0439, \u0442\u0435\u043d\u043d\u0438\u0441\u043d\u044b\u0445 \u0438 \u0444\u0443\u0442\u0431\u043e\u043b\u044c\u043d\u044b\u0445 \u043f\u043b\u043e\u0449\u0430\u0434\u043e\u043a \u0438 \u043f\u0440\u043e\u0447\u0438\u0445 \u0430\u043d\u0430\u043b\u043e\u0433\u0438\u0447\u043d\u044b\u0445 \u043e\u0431\u044a\u0435\u043a\u0442\u043e\u0432.<\/p>\n<p>Profloors O\u00dc \u043f\u0440\u0435\u0434\u043b\u0430\u0433\u0430\u0435\u0442 \u0412\u0430\u043c \u0446\u0435\u043b\u043e\u0441\u0442\u043d\u044b\u0435 \u0440\u0435\u0448\u0435\u043d\u0438\u044f, \u043d\u0430\u0447\u0438\u043d\u0430\u044f \u043e\u0442 \u043a\u043e\u043d\u0441\u0443\u043b\u044c\u0442\u0430\u0446\u0438\u0438 \u0438 \u0434\u043e \u043f\u043e\u0441\u0442\u0430\u0432\u043a\u0438 \u043c\u0430\u0442\u0435\u0440\u0438\u0430\u043b\u043e\u0432 \u0438 \u0441\u043e\u043e\u0440\u0443\u0436\u0435\u043d\u0438\u044f \u043f\u043e\u043b\u0430 \u0438\u043b\u0438 \u0441\u043f\u043e\u0440\u0442\u0438\u0432\u043d\u043e\u0439 \u043f\u043b\u043e\u0449\u0430\u0434\u043a\u0438, \u0430 \u0442\u0430\u043a\u0436\u0435 \u043f\u043e\u0441\u043b\u0435\u0434\u0443\u044e\u0449\u0435\u0433\u043e \u0443\u0445\u043e\u0434\u0430 \u0437\u0430 \u043d\u0435\u0439.<\/p>\n<div class=\"fusion-sep-clear\"><\/div><div class=\"fusion-separator fusion-full-width-sep sep-none\" style=\"margin-left: auto;margin-right: auto;margin-top:15px;\"><\/div><div class=\"fusion-clearfix\"><\/div>\n\n\t\t\t<\/div>\n\t\t<\/div><\/div><\/div><\/p>\n","protected":false},"excerpt":{"rendered":"","protected":false},"author":1,"featured_media":0,"parent":0,"menu_order":0,"comment_status":"closed","ping_status":"open","template":"100-width.php","meta":{"_acf_changed":false,"footnotes":""},"class_list":["post-3229","page","type-page","status-publish","hentry"],"acf":[],"_links":{"self":[{"href":"https:\/\/profloors.ee\/ru\/wp-json\/wp\/v2\/pages\/3229","targetHints":{"allow":["GET"]}}],"collection":[{"href":"https:\/\/profloors.ee\/ru\/wp-json\/wp\/v2\/pages"}],"about":[{"href":"https:\/\/profloors.ee\/ru\/wp-json\/wp\/v2\/types\/page"}],"author":[{"embeddable":true,"href":"https:\/\/profloors.ee\/ru\/wp-json\/wp\/v2\/users\/1"}],"replies":[{"embeddable":true,"href":"https:\/\/profloors.ee\/ru\/wp-json\/wp\/v2\/comments?post=3229"}],"version-history":[{"count":12,"href":"https:\/\/profloors.ee\/ru\/wp-json\/wp\/v2\/pages\/3229\/revisions"}],"predecessor-version":[{"id":10510,"href":"https:\/\/profloors.ee\/ru\/wp-json\/wp\/v2\/pages\/3229\/revisions\/10510"}],"wp:attachment":[{"href":"https:\/\/profloors.ee\/ru\/wp-json\/wp\/v2\/media?parent=3229"}],"curies":[{"name":"wp","href":"https:\/\/api.w.org\/{rel}","templated":true}]}}