{"id":8944,"date":"2017-03-30T11:28:04","date_gmt":"2017-03-30T08:28:04","guid":{"rendered":"https:\/\/profloors.ee\/sport-extras\/istmedtribuunid\/teisaldatavad-valisspordivaljakute-tribuunid\/"},"modified":"2024-01-03T15:58:37","modified_gmt":"2024-01-03T13:58:37","slug":"teisaldatavad-valisspordivaljakute-tribuunid","status":"publish","type":"page","link":"https:\/\/profloors.ee\/en\/sport-extras\/istmedtribuunid\/teisaldatavad-valisspordivaljakute-tribuunid\/","title":{"rendered":"Teisaldatavad v\u00e4lisspordiv\u00e4ljakute trib\u00fc\u00fcnid"},"content":{"rendered":"<div  class=\"fusion-fullwidth fullwidth-box hundred-percent-fullwidth\"  style='background-color: rgba(255,255,255,0);background-position: center center;background-repeat: no-repeat;padding-top:0px;padding-right:40px;padding-bottom:0px;padding-left:40px;'><div class=\"fusion-builder-row fusion-row \"><div  class=\"fusion-layout-column fusion_builder_column fusion_builder_column_1_1  fusion-one-full fusion-column-first fusion-column-last fusion-column-no-min-height 1_1\"  style='margin-top:0px;margin-bottom:0px;'>\n\t\t\t<div class=\"fusion-column-wrapper\" style=\"background-position:left top;background-repeat:no-repeat;-webkit-background-size:cover;-moz-background-size:cover;-o-background-size:cover;background-size:cover;\"  data-bg-url=\"\">\n\t\t\t\t<div class=\"fusion-blog-shortcode fusion-blog-shortcode-1 fusion-blog-archive fusion-blog-layout-grid-wrapper fusion-blog-infinite\"><style type=\"text\/css\">.fusion-blog-shortcode-1 .fusion-blog-layout-grid .fusion-post-grid{padding:20px;}.fusion-blog-shortcode-1 .fusion-posts-container{margin-left: -20px !important; margin-right:-20px !important;}<\/style><div class=\"fusion-posts-container fusion-posts-container-infinite fusion-blog-layout-grid fusion-blog-layout-grid-3 isotope\" data-pages=\"0\" data-grid-col-space=\"40\" style=\"margin: -20px -20px 0;height:500px;\"><article id=\"post-12154\" class=\"fusion-post-grid post-12154 post type-post status-publish format-standard has-post-thumbnail hentry category-teisaldatavad-valisspordivaljakute-tribuunid-en\">\n<div class=\"fusion-post-wrapper\">                <!--<a class=\"link-to-blog\" href=\"https:\/\/profloors.ee\/en\/teisaldatavad-valisspordivaljakute-tribuunid-en\/portatiivsed-valistribuunid\/\">-->\n                    \n\n\n\t<div class=\"fusion-flexslider flexslider fusion-flexslider-loading fusion-post-slideshow\">\n\t\t<ul class=\"slides\">\n\t\t\t\n\t\t\t\t\t\t\t\t\t\t\t\t\t\t\t\t\t\t<li>\n<div class=\"fusion-image-wrapper\" aria-haspopup=\"true\">\n\n\t\n\t\t<a href=\"https:\/\/profloors.ee\/en\/teisaldatavad-valisspordivaljakute-tribuunid-en\/portatiivsed-valistribuunid\/\">\n\t\t\t\n\t\t\t\t\t<img loading=\"lazy\" decoding=\"async\" width=\"478\" height=\"476\" src=\"https:\/\/profloors.ee\/wp-content\/uploads\/2024\/01\/3-row-modular-mobile-tribunes-with-plastic-seats-400x398.jpg\" class=\"attachment-full size-full wp-post-image\" alt=\"\" srcset=\"https:\/\/profloors.ee\/wp-content\/uploads\/2024\/01\/3-row-modular-mobile-tribunes-with-plastic-seats-200x199.jpg 200w, https:\/\/profloors.ee\/wp-content\/uploads\/2024\/01\/3-row-modular-mobile-tribunes-with-plastic-seats-400x398.jpg 400w, https:\/\/profloors.ee\/wp-content\/uploads\/2024\/01\/3-row-modular-mobile-tribunes-with-plastic-seats.jpg 478w\" sizes=\"auto, (min-width: 824px) 363px, (min-width: 732px) 545px, (min-width: 640px) 732px, 100vw\" \/>\n\t\n\n\t\t<\/a>\n\n\t\n<\/div>\n<\/li>\n\t\t\t\n\t\t\t\t\t\t\t\t\t\t\t\t\t\t\t\t\t\t\t\t\t\t\t\t\t\t\t\t\t\t\t\t\t\t\t\t\t\t\t\t\t\t\t\t\t\t\t\t\t\t\t\t\t\t\t\t\t\t\t\t\t\t\t\t\t\t\t\t\t\t\t<\/ul>\n\t<\/div>\n<div class=\"fusion-post-content-wrapper\"><div class=\"fusion-post-content post-content\"><h2 class=\"blog-shortcode-post-title entry-title\"><a href=\"https:\/\/profloors.ee\/en\/teisaldatavad-valisspordivaljakute-tribuunid-en\/portatiivsed-valistribuunid\/\">Mobiilsed 2-3 realised v\u00e4litrib\u00fc\u00fcnid<\/a><\/h2>                <!--<\/a>-->\n                <div class=\"fusion-post-content-container\"><p><\/p><\/div>                        <div class=\"single-product-button\">\n                            <a class=\"fusion-button button-flat button-round button-large button-custom button-1 product-button\"\n                               href=\"https:\/\/profloors.ee\/en\/teisaldatavad-valisspordivaljakute-tribuunid-en\/portatiivsed-valistribuunid\/#color-card\">Galerii<\/a>\n                        <\/div>\n                    <\/div><\/div><div class=\"fusion-clearfix\"><\/div><\/div>\n<\/article>\n<article id=\"post-12199\" class=\"fusion-post-grid post-12199 post type-post status-publish format-standard has-post-thumbnail hentry category-teisaldatavad-valisspordivaljakute-tribuunid-en\">\n<div class=\"fusion-post-wrapper\">                <!--<a class=\"link-to-blog\" href=\"https:\/\/profloors.ee\/en\/teisaldatavad-valisspordivaljakute-tribuunid-en\/teisaldatavad-tribuunid\/\">-->\n                    \n\n\n\t<div class=\"fusion-flexslider flexslider fusion-flexslider-loading fusion-post-slideshow\">\n\t\t<ul class=\"slides\">\n\t\t\t\n\t\t\t\t\t\t\t\t\t\t\t\t\t\t\t\t\t\t<li>\n<div class=\"fusion-image-wrapper\" aria-haspopup=\"true\">\n\n\t\n\t\t<a href=\"https:\/\/profloors.ee\/en\/teisaldatavad-valisspordivaljakute-tribuunid-en\/teisaldatavad-tribuunid\/\">\n\t\t\t\n\t\t\t\t\t<img loading=\"lazy\" decoding=\"async\" width=\"800\" height=\"800\" src=\"https:\/\/profloors.ee\/wp-content\/uploads\/2024\/01\/Statsionaarne-mobiilne-trib\u00fc\u00fcn-Profloors-1-400x400.jpg\" class=\"attachment-full size-full wp-post-image\" alt=\"\" srcset=\"https:\/\/profloors.ee\/wp-content\/uploads\/2024\/01\/Statsionaarne-mobiilne-trib\u00fc\u00fcn-Profloors-1-200x200.jpg 200w, https:\/\/profloors.ee\/wp-content\/uploads\/2024\/01\/Statsionaarne-mobiilne-trib\u00fc\u00fcn-Profloors-1-400x400.jpg 400w, https:\/\/profloors.ee\/wp-content\/uploads\/2024\/01\/Statsionaarne-mobiilne-trib\u00fc\u00fcn-Profloors-1-600x600.jpg 600w, https:\/\/profloors.ee\/wp-content\/uploads\/2024\/01\/Statsionaarne-mobiilne-trib\u00fc\u00fcn-Profloors-1.jpg 800w\" sizes=\"auto, (min-width: 824px) 363px, (min-width: 732px) 545px, (min-width: 640px) 732px, 100vw\" \/>\n\t\n\n\t\t<\/a>\n\n\t\n<\/div>\n<\/li>\n\t\t\t\n\t\t\t\t\t\t\t\t\t\t\t\t\t\t\t\t\t\t\t\t\t\t\t\t\t\t\t\t\t\t\t\t\t\t\t\t\t\t\t\t\t\t\t\t\t\t\t\t\t\t\t\t\t\t\t\t\t\t\t\t\t\t\t\t\t\t\t\t\t\t\t<\/ul>\n\t<\/div>\n<div class=\"fusion-post-content-wrapper\"><div class=\"fusion-post-content post-content\"><h2 class=\"blog-shortcode-post-title entry-title\"><a href=\"https:\/\/profloors.ee\/en\/teisaldatavad-valisspordivaljakute-tribuunid-en\/teisaldatavad-tribuunid\/\">Teisaldatavad trib\u00fc\u00fcnid<\/a><\/h2>                <!--<\/a>-->\n                <div class=\"fusion-post-content-container\"><p><\/p><\/div>                        <div class=\"single-product-button\">\n                            <a class=\"fusion-button button-flat button-round button-large button-custom button-1 product-button\"\n                               href=\"https:\/\/profloors.ee\/en\/teisaldatavad-valisspordivaljakute-tribuunid-en\/teisaldatavad-tribuunid\/#color-card\">Galerii<\/a>\n                        <\/div>\n                    <\/div><\/div><div class=\"fusion-clearfix\"><\/div><\/div>\n<\/article>\n<div class=\"fusion-clearfix\"><\/div><\/div>\n\t\t\t\t\t\t\t\t\t<div class='pagination clearfix'>\n\t\t\t\n\t\t\t\n\t\t\t\n\t\t\t\n\t\t\t<\/div>\n\t\t\t\t\t<\/div><div class=\"fusion-clearfix\"><\/div>\n\n\t\t\t<\/div>\n\t\t<\/div><\/div><\/div>\n","protected":false},"excerpt":{"rendered":"","protected":false},"author":1,"featured_media":12174,"parent":3473,"menu_order":20,"comment_status":"closed","ping_status":"closed","template":"","meta":{"_acf_changed":false,"footnotes":""},"class_list":["post-8944","page","type-page","status-publish","has-post-thumbnail","hentry"],"acf":[],"_links":{"self":[{"href":"https:\/\/profloors.ee\/en\/wp-json\/wp\/v2\/pages\/8944","targetHints":{"allow":["GET"]}}],"collection":[{"href":"https:\/\/profloors.ee\/en\/wp-json\/wp\/v2\/pages"}],"about":[{"href":"https:\/\/profloors.ee\/en\/wp-json\/wp\/v2\/types\/page"}],"author":[{"embeddable":true,"href":"https:\/\/profloors.ee\/en\/wp-json\/wp\/v2\/users\/1"}],"replies":[{"embeddable":true,"href":"https:\/\/profloors.ee\/en\/wp-json\/wp\/v2\/comments?post=8944"}],"version-history":[{"count":1,"href":"https:\/\/profloors.ee\/en\/wp-json\/wp\/v2\/pages\/8944\/revisions"}],"predecessor-version":[{"id":12122,"href":"https:\/\/profloors.ee\/en\/wp-json\/wp\/v2\/pages\/8944\/revisions\/12122"}],"up":[{"embeddable":true,"href":"https:\/\/profloors.ee\/en\/wp-json\/wp\/v2\/pages\/3473"}],"wp:featuredmedia":[{"embeddable":true,"href":"https:\/\/profloors.ee\/en\/wp-json\/wp\/v2\/media\/12174"}],"wp:attachment":[{"href":"https:\/\/profloors.ee\/en\/wp-json\/wp\/v2\/media?parent=8944"}],"curies":[{"name":"wp","href":"https:\/\/api.w.org\/{rel}","templated":true}]}}