{"id":3504,"date":"2017-02-14T13:34:01","date_gmt":"2017-02-14T11:34:01","guid":{"rendered":"https:\/\/profloors.ee\/external-courts\/jalgpall\/"},"modified":"2017-10-24T12:24:07","modified_gmt":"2017-10-24T09:24:07","slug":"jalgpall","status":"publish","type":"page","link":"https:\/\/profloors.ee\/en\/external-courts\/jalgpall\/","title":{"rendered":"Football pitches"},"content":{"rendered":"<div  class=\"fusion-fullwidth fullwidth-box hundred-percent-fullwidth\"  style='background-color: rgba(255,255,255,0);background-position: center center;background-repeat: no-repeat;padding-top:0px;padding-right:40px;padding-bottom:0px;padding-left:40px;'><div class=\"fusion-builder-row fusion-row \"><div  class=\"fusion-layout-column fusion_builder_column fusion_builder_column_1_1  fusion-one-full fusion-column-first fusion-column-last fusion-column-no-min-height 1_1\"  style='margin-top:0px;margin-bottom:0px;'>\n\t\t\t<div class=\"fusion-column-wrapper\" style=\"background-position:left top;background-repeat:no-repeat;-webkit-background-size:cover;-moz-background-size:cover;-o-background-size:cover;background-size:cover;\"  data-bg-url=\"\">\n\t\t\t\t<div class=\"fusion-blog-shortcode fusion-blog-shortcode-1 fusion-blog-archive fusion-blog-layout-grid-wrapper fusion-blog-infinite\"><style type=\"text\/css\">.fusion-blog-shortcode-1 .fusion-blog-layout-grid .fusion-post-grid{padding:20px;}.fusion-blog-shortcode-1 .fusion-posts-container{margin-left: -20px !important; margin-right:-20px !important;}<\/style><div class=\"fusion-posts-container fusion-posts-container-infinite fusion-blog-layout-grid fusion-blog-layout-grid-3 isotope\" data-pages=\"0\" data-grid-col-space=\"40\" style=\"margin: -20px -20px 0;height:500px;\"><article id=\"post-13470\" class=\"fusion-post-grid post-13470 post type-post status-publish format-standard has-post-thumbnail hentry category-jalgpall-en\">\n<div class=\"fusion-post-wrapper\">                <!--<a class=\"link-to-blog\" href=\"https:\/\/profloors.ee\/en\/jalgpall-en\/lano-sports-profoot-champion\/\">-->\n                    \n\n\n\t<div class=\"fusion-flexslider flexslider fusion-flexslider-loading fusion-post-slideshow\">\n\t\t<ul class=\"slides\">\n\t\t\t\n\t\t\t\t\t\t\t\t\t\t\t\t\t\t\t\t\t\t<li>\n<div class=\"fusion-image-wrapper\" aria-haspopup=\"true\">\n\n\t\n\t\t<a href=\"https:\/\/profloors.ee\/en\/jalgpall-en\/lano-sports-profoot-champion\/\">\n\t\t\t\n\t\t\t\t\t<img loading=\"lazy\" decoding=\"async\" width=\"1024\" height=\"600\" src=\"https:\/\/profloors.ee\/wp-content\/uploads\/2017\/03\/Tartu-Coop-arena-5-pildi-autor-Maanus-Kullamaa.jpg\" class=\"attachment-full size-full wp-post-image\" alt=\"\" srcset=\"https:\/\/profloors.ee\/wp-content\/uploads\/2017\/03\/Tartu-Coop-arena-5-pildi-autor-Maanus-Kullamaa-200x117.jpg 200w, https:\/\/profloors.ee\/wp-content\/uploads\/2017\/03\/Tartu-Coop-arena-5-pildi-autor-Maanus-Kullamaa-400x234.jpg 400w, https:\/\/profloors.ee\/wp-content\/uploads\/2017\/03\/Tartu-Coop-arena-5-pildi-autor-Maanus-Kullamaa-600x352.jpg 600w, https:\/\/profloors.ee\/wp-content\/uploads\/2017\/03\/Tartu-Coop-arena-5-pildi-autor-Maanus-Kullamaa-800x469.jpg 800w, https:\/\/profloors.ee\/wp-content\/uploads\/2017\/03\/Tartu-Coop-arena-5-pildi-autor-Maanus-Kullamaa.jpg 1024w\" sizes=\"auto, (min-width: 824px) 363px, (min-width: 732px) 545px, (min-width: 640px) 732px, 100vw\" \/>\n\t\n\n\t\t<\/a>\n\n\t\n<\/div>\n<\/li>\n\t\t\t\n\t\t\t\t\t\t\t\t\t\t\t\t\t\t\t\t\t\t\t\t\t\t\t\t\t\t\t\t\t\t\t\t\t\t\t\t\t\t\t\t\t\t\t\t\t\t\t\t\t\t\t\t\t\t\t\t\t\t\t\t\t\t\t\t\t\t\t\t\t\t\t<\/ul>\n\t<\/div>\n<div class=\"fusion-post-content-wrapper\"><div class=\"fusion-post-content post-content\"><h2 class=\"blog-shortcode-post-title entry-title\"><a href=\"https:\/\/profloors.ee\/en\/jalgpall-en\/lano-sports-profoot-champion\/\">Lano Sports Profoot Champion<\/a><\/h2>                <!--<\/a>-->\n                <div class=\"fusion-post-content-container\"><p><\/p><\/div>                        <div class=\"single-product-button\">\n                            <a class=\"fusion-button button-flat button-round button-large button-custom button-1 product-button\"\n                               href=\"https:\/\/www.lanosports.com\/en\/sports\/football\" target=\"_blank\">Lisainfo Lano Sports kodulehelt<\/a>\n                        <\/div>\n                                            <div class=\"single-product-button\">\n                            <a class=\"fusion-button button-flat button-round button-large button-custom button-1 product-button\"\n                               href=\"https:\/\/profloors.ee\/en\/jalgpall-en\/lano-sports-profoot-champion\/#color-card\">Galerii<\/a>\n                        <\/div>\n                    <\/div><\/div><div class=\"fusion-clearfix\"><\/div><\/div>\n<\/article>\n<article id=\"post-6904\" class=\"fusion-post-grid post-6904 post type-post status-publish format-standard has-post-thumbnail hentry category-jalgpall-en category-valisspordivaljakud-en\">\n<div class=\"fusion-post-wrapper\">                <!--<a class=\"link-to-blog\" href=\"https:\/\/profloors.ee\/en\/valisspordivaljakud-en\/lano-sports-mastermax-kunstmuru\/\">-->\n                    \n\n\n\t<div class=\"fusion-flexslider flexslider fusion-flexslider-loading fusion-post-slideshow\">\n\t\t<ul class=\"slides\">\n\t\t\t\n\t\t\t\t\t\t\t\t\t\t\t\t\t\t\t\t\t\t<li>\n<div class=\"fusion-image-wrapper\" aria-haspopup=\"true\">\n\n\t\n\t\t<a href=\"https:\/\/profloors.ee\/en\/valisspordivaljakud-en\/lano-sports-mastermax-kunstmuru\/\">\n\t\t\t\n\t\t\t\t\t<img loading=\"lazy\" decoding=\"async\" width=\"1024\" height=\"683\" src=\"https:\/\/profloors.ee\/wp-content\/uploads\/2017\/03\/Tartu-Annemoisa-staadion-1-pilt-Tartu-Sport-.jpg\" class=\"attachment-full size-full wp-post-image\" alt=\"\" srcset=\"https:\/\/profloors.ee\/wp-content\/uploads\/2017\/03\/Tartu-Annemoisa-staadion-1-pilt-Tartu-Sport--200x133.jpg 200w, https:\/\/profloors.ee\/wp-content\/uploads\/2017\/03\/Tartu-Annemoisa-staadion-1-pilt-Tartu-Sport--400x267.jpg 400w, https:\/\/profloors.ee\/wp-content\/uploads\/2017\/03\/Tartu-Annemoisa-staadion-1-pilt-Tartu-Sport--600x400.jpg 600w, https:\/\/profloors.ee\/wp-content\/uploads\/2017\/03\/Tartu-Annemoisa-staadion-1-pilt-Tartu-Sport--800x534.jpg 800w, https:\/\/profloors.ee\/wp-content\/uploads\/2017\/03\/Tartu-Annemoisa-staadion-1-pilt-Tartu-Sport-.jpg 1024w\" sizes=\"auto, (min-width: 824px) 363px, (min-width: 732px) 545px, (min-width: 640px) 732px, 100vw\" \/>\n\t\n\n\t\t<\/a>\n\n\t\n<\/div>\n<\/li>\n\t\t\t\n\t\t\t\t\t\t\t\t\t\t\t\t\t\t\t\t\t\t\t\t\t\t\t\t\t\t\t\t\t\t\t\t\t\t\t\t\t\t\t\t\t\t\t\t\t\t\t\t\t\t\t\t\t\t\t\t\t\t\t\t\t\t\t\t\t\t\t\t\t\t\t<\/ul>\n\t<\/div>\n<div class=\"fusion-post-content-wrapper\"><div class=\"fusion-post-content post-content\"><h2 class=\"blog-shortcode-post-title entry-title\"><a href=\"https:\/\/profloors.ee\/en\/valisspordivaljakud-en\/lano-sports-mastermax-kunstmuru\/\">Lano Sports MasterMax kunstmuru<\/a><\/h2>                <!--<\/a>-->\n                <div class=\"fusion-post-content-container\"><p><\/p><\/div>                        <div class=\"single-product-button\">\n                            <a class=\"fusion-button button-flat button-round button-large button-custom button-1 product-button\"\n                               href=\"https:\/\/www.lanosports.com\/en\/sports\/football\" target=\"_blank\">Lisainfo Lano Sports kodulehelt<\/a>\n                        <\/div>\n                                            <div class=\"single-product-button\">\n                            <a class=\"fusion-button button-flat button-round button-large button-custom button-1 product-button\"\n                               href=\"https:\/\/profloors.ee\/en\/valisspordivaljakud-en\/lano-sports-mastermax-kunstmuru\/#color-card\">Galarii<\/a>\n                        <\/div>\n                    <\/div><\/div><div class=\"fusion-clearfix\"><\/div><\/div>\n<\/article>\n<article id=\"post-8235\" class=\"fusion-post-grid post-8235 post type-post status-publish format-standard has-post-thumbnail hentry category-valisspordivaljakud-en category-jalgpall-en\">\n<div class=\"fusion-post-wrapper\">                <!--<a class=\"link-to-blog\" href=\"https:\/\/profloors.ee\/en\/valisspordivaljakud-en\/lano-sports-profoot-premier-kunstmuru\/\">-->\n                    \n\n\n\t<div class=\"fusion-flexslider flexslider fusion-flexslider-loading fusion-post-slideshow\">\n\t\t<ul class=\"slides\">\n\t\t\t\n\t\t\t\t\t\t\t\t\t\t\t\t\t\t\t\t\t\t<li>\n<div class=\"fusion-image-wrapper\" aria-haspopup=\"true\">\n\n\t\n\t\t<a href=\"https:\/\/profloors.ee\/en\/valisspordivaljakud-en\/lano-sports-profoot-premier-kunstmuru\/\">\n\t\t\t\n\t\t\t\t\t<img loading=\"lazy\" decoding=\"async\" width=\"2560\" height=\"1277\" src=\"https:\/\/profloors.ee\/wp-content\/uploads\/2019\/09\/Torva-staadioni-jalgpallikunstmuru-Lano-Premier-60-Pro--scaled.jpg\" class=\"attachment-full size-full wp-post-image\" alt=\"\" srcset=\"https:\/\/profloors.ee\/wp-content\/uploads\/2019\/09\/Torva-staadioni-jalgpallikunstmuru-Lano-Premier-60-Pro--200x100.jpg 200w, https:\/\/profloors.ee\/wp-content\/uploads\/2019\/09\/Torva-staadioni-jalgpallikunstmuru-Lano-Premier-60-Pro--400x200.jpg 400w, https:\/\/profloors.ee\/wp-content\/uploads\/2019\/09\/Torva-staadioni-jalgpallikunstmuru-Lano-Premier-60-Pro--600x299.jpg 600w, https:\/\/profloors.ee\/wp-content\/uploads\/2019\/09\/Torva-staadioni-jalgpallikunstmuru-Lano-Premier-60-Pro--800x399.jpg 800w, https:\/\/profloors.ee\/wp-content\/uploads\/2019\/09\/Torva-staadioni-jalgpallikunstmuru-Lano-Premier-60-Pro--1200x599.jpg 1200w, https:\/\/profloors.ee\/wp-content\/uploads\/2019\/09\/Torva-staadioni-jalgpallikunstmuru-Lano-Premier-60-Pro--scaled.jpg 2560w\" sizes=\"auto, (min-width: 824px) 363px, (min-width: 732px) 545px, (min-width: 640px) 732px, 100vw\" \/>\n\t\n\n\t\t<\/a>\n\n\t\n<\/div>\n<\/li>\n\t\t\t\n\t\t\t\t\t\t\t\t\t\t\t\t\t\t\t\t\t\t\t\t\t\t\t\t\t\t\t\t\t\t\t\t\t\t\t\t\t\t\t\t\t\t\t\t\t\t\t\t\t\t\t\t\t\t\t\t\t\t\t\t\t\t\t\t\t\t\t\t\t\t\t<\/ul>\n\t<\/div>\n<div class=\"fusion-post-content-wrapper\"><div class=\"fusion-post-content post-content\"><h2 class=\"blog-shortcode-post-title entry-title\"><a href=\"https:\/\/profloors.ee\/en\/valisspordivaljakud-en\/lano-sports-profoot-premier-kunstmuru\/\">Lano Sports Profoot Premier kunstmuru<\/a><\/h2>                <!--<\/a>-->\n                <div class=\"fusion-post-content-container\"><p><\/p><\/div>                        <div class=\"single-product-button\">\n                            <a class=\"fusion-button button-flat button-round button-large button-custom button-1 product-button\"\n                               href=\"https:\/\/www.lanosports.com\/en\/sports\/football\" target=\"_blank\">Lisainfo Lano Sports kodulehelt<\/a>\n                        <\/div>\n                                            <div class=\"single-product-button\">\n                            <a class=\"fusion-button button-flat button-round button-large button-custom button-1 product-button\"\n                               href=\"https:\/\/profloors.ee\/en\/valisspordivaljakud-en\/lano-sports-profoot-premier-kunstmuru\/#color-card\">Galerii<\/a>\n                        <\/div>\n                    <\/div><\/div><div class=\"fusion-clearfix\"><\/div><\/div>\n<\/article>\n<article id=\"post-6908\" class=\"fusion-post-grid post-6908 post type-post status-publish format-standard has-post-thumbnail hentry category-valisspordivaljakud-en category-jalgpall-en\">\n<div class=\"fusion-post-wrapper\">                <!--<a class=\"link-to-blog\" href=\"https:\/\/profloors.ee\/en\/valisspordivaljakud-en\/lano-sports-profoot-club-50-gb\/\">-->\n                    \n\n\n\t<div class=\"fusion-flexslider flexslider fusion-flexslider-loading fusion-post-slideshow\">\n\t\t<ul class=\"slides\">\n\t\t\t\n\t\t\t\t\t\t\t\t\t\t\t\t\t\t\t\t\t\t<li>\n<div class=\"fusion-image-wrapper\" aria-haspopup=\"true\">\n\n\t\n\t\t<a href=\"https:\/\/profloors.ee\/en\/valisspordivaljakud-en\/lano-sports-profoot-club-50-gb\/\">\n\t\t\t\n\t\t\t\t\t<img loading=\"lazy\" decoding=\"async\" width=\"1024\" height=\"572\" src=\"https:\/\/profloors.ee\/wp-content\/uploads\/2017\/10\/Tallinna-Linnam\u00e4e-Vene-L\u00fctseumi-jalgpalliv\u00e4ljak-400x223.jpg\" class=\"attachment-full size-full wp-post-image\" alt=\"\" srcset=\"https:\/\/profloors.ee\/wp-content\/uploads\/2017\/10\/Tallinna-Linnam\u00e4e-Vene-L\u00fctseumi-jalgpalliv\u00e4ljak-200x112.jpg 200w, https:\/\/profloors.ee\/wp-content\/uploads\/2017\/10\/Tallinna-Linnam\u00e4e-Vene-L\u00fctseumi-jalgpalliv\u00e4ljak-400x223.jpg 400w, https:\/\/profloors.ee\/wp-content\/uploads\/2017\/10\/Tallinna-Linnam\u00e4e-Vene-L\u00fctseumi-jalgpalliv\u00e4ljak-600x335.jpg 600w, https:\/\/profloors.ee\/wp-content\/uploads\/2017\/10\/Tallinna-Linnam\u00e4e-Vene-L\u00fctseumi-jalgpalliv\u00e4ljak-800x447.jpg 800w, https:\/\/profloors.ee\/wp-content\/uploads\/2017\/10\/Tallinna-Linnam\u00e4e-Vene-L\u00fctseumi-jalgpalliv\u00e4ljak.jpg 1024w\" sizes=\"auto, (min-width: 824px) 363px, (min-width: 732px) 545px, (min-width: 640px) 732px, 100vw\" \/>\n\t\n\n\t\t<\/a>\n\n\t\n<\/div>\n<\/li>\n\t\t\t\n\t\t\t\t\t\t\t\t\t\t\t\t\t\t\t\t\t\t\t\t\t\t\t\t\t\t\t\t\t\t\t\t\t\t\t\t\t\t\t\t\t\t\t\t\t\t\t\t\t\t\t\t\t\t\t\t\t\t\t\t\t\t\t\t\t\t\t\t\t\t\t<\/ul>\n\t<\/div>\n<div class=\"fusion-post-content-wrapper\"><div class=\"fusion-post-content post-content\"><h2 class=\"blog-shortcode-post-title entry-title\"><a href=\"https:\/\/profloors.ee\/en\/valisspordivaljakud-en\/lano-sports-profoot-club-50-gb\/\">Lano Sports Profoot Club kunstmuru<\/a><\/h2>                <!--<\/a>-->\n                <div class=\"fusion-post-content-container\"><p><\/p><\/div>                        <div class=\"single-product-button\">\n                            <a class=\"fusion-button button-flat button-round button-large button-custom button-1 product-button\"\n                               href=\"https:\/\/www.lanosports.com\/en\/sports\/football\" target=\"_blank\">Lisainfo Lano Sports kodulehelt<\/a>\n                        <\/div>\n                                            <div class=\"single-product-button\">\n                            <a class=\"fusion-button button-flat button-round button-large button-custom button-1 product-button\"\n                               href=\"https:\/\/profloors.ee\/en\/valisspordivaljakud-en\/lano-sports-profoot-club-50-gb\/#color-card\">Galerii<\/a>\n                        <\/div>\n                    <\/div><\/div><div class=\"fusion-clearfix\"><\/div><\/div>\n<\/article>\n<div class=\"fusion-clearfix\"><\/div><\/div>\n\t\t\t\t\t\t\t\t\t<div class='pagination clearfix'>\n\t\t\t\n\t\t\t\n\t\t\t\n\t\t\t\n\t\t\t<\/div>\n\t\t\t\t\t<\/div><div class=\"fusion-clearfix\"><\/div>\n\n\t\t\t<\/div>\n\t\t<\/div><\/div><\/div>\n","protected":false},"excerpt":{"rendered":"","protected":false},"author":1,"featured_media":13117,"parent":3275,"menu_order":40,"comment_status":"closed","ping_status":"closed","template":"","meta":{"_acf_changed":false,"footnotes":""},"class_list":["post-3504","page","type-page","status-publish","has-post-thumbnail","hentry"],"acf":[],"_links":{"self":[{"href":"https:\/\/profloors.ee\/en\/wp-json\/wp\/v2\/pages\/3504","targetHints":{"allow":["GET"]}}],"collection":[{"href":"https:\/\/profloors.ee\/en\/wp-json\/wp\/v2\/pages"}],"about":[{"href":"https:\/\/profloors.ee\/en\/wp-json\/wp\/v2\/types\/page"}],"author":[{"embeddable":true,"href":"https:\/\/profloors.ee\/en\/wp-json\/wp\/v2\/users\/1"}],"replies":[{"embeddable":true,"href":"https:\/\/profloors.ee\/en\/wp-json\/wp\/v2\/comments?post=3504"}],"version-history":[{"count":4,"href":"https:\/\/profloors.ee\/en\/wp-json\/wp\/v2\/pages\/3504\/revisions"}],"predecessor-version":[{"id":7046,"href":"https:\/\/profloors.ee\/en\/wp-json\/wp\/v2\/pages\/3504\/revisions\/7046"}],"up":[{"embeddable":true,"href":"https:\/\/profloors.ee\/en\/wp-json\/wp\/v2\/pages\/3275"}],"wp:featuredmedia":[{"embeddable":true,"href":"https:\/\/profloors.ee\/en\/wp-json\/wp\/v2\/media\/13117"}],"wp:attachment":[{"href":"https:\/\/profloors.ee\/en\/wp-json\/wp\/v2\/media?parent=3504"}],"curies":[{"name":"wp","href":"https:\/\/api.w.org\/{rel}","templated":true}]}}