{"id":3497,"date":"2017-02-14T13:39:51","date_gmt":"2017-02-14T11:39:51","guid":{"rendered":"https:\/\/profloors.ee\/external-courts\/laste-manguvaljakud\/"},"modified":"2017-10-24T12:26:10","modified_gmt":"2017-10-24T09:26:10","slug":"laste-manguvaljakud","status":"publish","type":"page","link":"https:\/\/profloors.ee\/en\/external-courts\/laste-manguvaljakud\/","title":{"rendered":"Children&#8217;s playgrounds"},"content":{"rendered":"<div  class=\"fusion-fullwidth fullwidth-box hundred-percent-fullwidth\"  style='background-color: rgba(255,255,255,0);background-position: center center;background-repeat: no-repeat;padding-top:0px;padding-right:40px;padding-bottom:0px;padding-left:40px;'><div class=\"fusion-builder-row fusion-row \"><div  class=\"fusion-layout-column fusion_builder_column fusion_builder_column_1_1  fusion-one-full fusion-column-first fusion-column-last fusion-column-no-min-height 1_1\"  style='margin-top:0px;margin-bottom:0px;'>\n\t\t\t<div class=\"fusion-column-wrapper\" style=\"background-position:left top;background-repeat:no-repeat;-webkit-background-size:cover;-moz-background-size:cover;-o-background-size:cover;background-size:cover;\"  data-bg-url=\"\">\n\t\t\t\t<div class=\"fusion-blog-shortcode fusion-blog-shortcode-1 fusion-blog-archive fusion-blog-layout-grid-wrapper fusion-blog-infinite\"><style type=\"text\/css\">.fusion-blog-shortcode-1 .fusion-blog-layout-grid .fusion-post-grid{padding:20px;}.fusion-blog-shortcode-1 .fusion-posts-container{margin-left: -20px !important; margin-right:-20px !important;}<\/style><div class=\"fusion-posts-container fusion-posts-container-infinite fusion-blog-layout-grid fusion-blog-layout-grid-3 isotope\" data-pages=\"0\" data-grid-col-space=\"40\" style=\"margin: -20px -20px 0;height:500px;\"><article id=\"post-13267\" class=\"fusion-post-grid post-13267 post type-post status-publish format-standard has-post-thumbnail hentry category-laste-manguvaljakud-en\">\n<div class=\"fusion-post-wrapper\">                <!--<a class=\"link-to-blog\" href=\"https:\/\/profloors.ee\/en\/laste-manguvaljakud-en\/tartu-tahtvere-lasteaia-mini-jooksurada-2025\/\">-->\n                    \n\n\n\t<div class=\"fusion-flexslider flexslider fusion-flexslider-loading fusion-post-slideshow\">\n\t\t<ul class=\"slides\">\n\t\t\t\n\t\t\t\t\t\t\t\t\t\t\t\t\t\t\t\t\t\t<li>\n<div class=\"fusion-image-wrapper\" aria-haspopup=\"true\">\n\n\t\n\t\t<a href=\"https:\/\/profloors.ee\/en\/laste-manguvaljakud-en\/tartu-tahtvere-lasteaia-mini-jooksurada-2025\/\">\n\t\t\t\n\t\t\t\t\t<img loading=\"lazy\" decoding=\"async\" width=\"1024\" height=\"768\" src=\"https:\/\/profloors.ee\/wp-content\/uploads\/2017\/03\/Tahtvere-lasteaia-jooksurada-tartaanist-turvakate.jpg\" class=\"attachment-full size-full wp-post-image\" alt=\"\" srcset=\"https:\/\/profloors.ee\/wp-content\/uploads\/2017\/03\/Tahtvere-lasteaia-jooksurada-tartaanist-turvakate-200x150.jpg 200w, https:\/\/profloors.ee\/wp-content\/uploads\/2017\/03\/Tahtvere-lasteaia-jooksurada-tartaanist-turvakate-400x300.jpg 400w, https:\/\/profloors.ee\/wp-content\/uploads\/2017\/03\/Tahtvere-lasteaia-jooksurada-tartaanist-turvakate-600x450.jpg 600w, https:\/\/profloors.ee\/wp-content\/uploads\/2017\/03\/Tahtvere-lasteaia-jooksurada-tartaanist-turvakate-800x600.jpg 800w, https:\/\/profloors.ee\/wp-content\/uploads\/2017\/03\/Tahtvere-lasteaia-jooksurada-tartaanist-turvakate.jpg 1024w\" sizes=\"auto, (min-width: 824px) 363px, (min-width: 732px) 545px, (min-width: 640px) 732px, 100vw\" \/>\n\t\n\n\t\t<\/a>\n\n\t\n<\/div>\n<\/li>\n\t\t\t\n\t\t\t\t\t\t\t\t\t\t\t\t\t\t\t\t\t\t\t\t\t\t\t\t\t\t\t\t\t\t\t\t\t\t\t\t\t\t\t\t\t\t\t\t\t\t\t\t\t\t\t\t\t\t\t\t\t\t\t\t\t\t\t\t\t\t\t\t\t\t\t<\/ul>\n\t<\/div>\n<div class=\"fusion-post-content-wrapper\"><div class=\"fusion-post-content post-content\"><h2 class=\"blog-shortcode-post-title entry-title\"><a href=\"https:\/\/profloors.ee\/en\/laste-manguvaljakud-en\/tartu-tahtvere-lasteaia-mini-jooksurada-2025\/\">Tartu T\u00e4htvere lasteaia mini jooksurada 2025<\/a><\/h2>                <!--<\/a>-->\n                <div class=\"fusion-post-content-container\"><p>mudel : turvaalus tartaankattest Tetrapur PZ 40mm<\/p><\/div><\/div><\/div><div class=\"fusion-clearfix\"><\/div><\/div>\n<\/article>\n<article id=\"post-5997\" class=\"fusion-post-grid post-5997 post type-post status-publish format-standard has-post-thumbnail hentry category-laste-manguvaljakud-en\">\n<div class=\"fusion-post-wrapper\">                <!--<a class=\"link-to-blog\" href=\"https:\/\/profloors.ee\/en\/laste-manguvaljakud-en\/playground-epdm-tartaankate\/\">-->\n                    \n\n\n\t<div class=\"fusion-flexslider flexslider fusion-flexslider-loading fusion-post-slideshow\">\n\t\t<ul class=\"slides\">\n\t\t\t\n\t\t\t\t\t\t\t\t\t\t\t\t\t\t\t\t\t\t<li>\n<div class=\"fusion-image-wrapper\" aria-haspopup=\"true\">\n\n\t\n\t\t<a href=\"https:\/\/profloors.ee\/en\/laste-manguvaljakud-en\/playground-epdm-tartaankate\/\">\n\t\t\t\n\t\t\t\t\t<img loading=\"lazy\" decoding=\"async\" width=\"1024\" height=\"768\" src=\"https:\/\/profloors.ee\/wp-content\/uploads\/2020\/12\/Kindluse-Kool-v\u00e4lism\u00e4nguv\u00e4ljakud-400x300.jpg\" class=\"attachment-full size-full wp-post-image\" alt=\"\" srcset=\"https:\/\/profloors.ee\/wp-content\/uploads\/2020\/12\/Kindluse-Kool-v\u00e4lism\u00e4nguv\u00e4ljakud-200x150.jpg 200w, https:\/\/profloors.ee\/wp-content\/uploads\/2020\/12\/Kindluse-Kool-v\u00e4lism\u00e4nguv\u00e4ljakud-400x300.jpg 400w, https:\/\/profloors.ee\/wp-content\/uploads\/2020\/12\/Kindluse-Kool-v\u00e4lism\u00e4nguv\u00e4ljakud-600x450.jpg 600w, https:\/\/profloors.ee\/wp-content\/uploads\/2020\/12\/Kindluse-Kool-v\u00e4lism\u00e4nguv\u00e4ljakud-800x600.jpg 800w, https:\/\/profloors.ee\/wp-content\/uploads\/2020\/12\/Kindluse-Kool-v\u00e4lism\u00e4nguv\u00e4ljakud.jpg 1024w\" sizes=\"auto, (min-width: 824px) 363px, (min-width: 732px) 545px, (min-width: 640px) 732px, 100vw\" \/>\n\t\n\n\t\t<\/a>\n\n\t\n<\/div>\n<\/li>\n\t\t\t\n\t\t\t\t\t\t\t\t\t\t\t\t\t\t\t\t\t\t\t\t\t\t\t\t\t\t\t\t\t\t\t\t\t\t\t\t\t\t\t\t\t\t\t\t\t\t\t\t\t\t\t\t\t\t\t\t\t\t\t\t\t\t\t\t\t\t\t\t\t\t\t<\/ul>\n\t<\/div>\n<div class=\"fusion-post-content-wrapper\"><div class=\"fusion-post-content post-content\"><h2 class=\"blog-shortcode-post-title entry-title\"><a href=\"https:\/\/profloors.ee\/en\/laste-manguvaljakud-en\/playground-epdm-tartaankate\/\">PlayGround EPDM tartaankate<\/a><\/h2>                <!--<\/a>-->\n                <div class=\"fusion-post-content-container\"><p><\/p><\/div>                        <div class=\"single-product-button\">\n                            <a class=\"fusion-button button-flat button-round button-large button-custom button-1 product-button\"\n                               href=\"https:\/\/profloors.ee\/en\/laste-manguvaljakud-en\/playground-epdm-tartaankate\/#color-card\">Galerii<\/a>\n                        <\/div>\n                    <\/div><\/div><div class=\"fusion-clearfix\"><\/div><\/div>\n<\/article>\n<div class=\"fusion-clearfix\"><\/div><\/div>\n\t\t\t\t\t\t\t\t\t<div class='pagination clearfix'>\n\t\t\t\n\t\t\t\n\t\t\t\n\t\t\t\n\t\t\t<\/div>\n\t\t\t\t\t<\/div><div class=\"fusion-clearfix\"><\/div>\n\n\t\t\t<\/div>\n\t\t<\/div><\/div><\/div>\n","protected":false},"excerpt":{"rendered":"","protected":false},"author":1,"featured_media":12835,"parent":3275,"menu_order":50,"comment_status":"closed","ping_status":"closed","template":"","meta":{"_acf_changed":false,"footnotes":""},"class_list":["post-3497","page","type-page","status-publish","has-post-thumbnail","hentry"],"acf":[],"_links":{"self":[{"href":"https:\/\/profloors.ee\/en\/wp-json\/wp\/v2\/pages\/3497","targetHints":{"allow":["GET"]}}],"collection":[{"href":"https:\/\/profloors.ee\/en\/wp-json\/wp\/v2\/pages"}],"about":[{"href":"https:\/\/profloors.ee\/en\/wp-json\/wp\/v2\/types\/page"}],"author":[{"embeddable":true,"href":"https:\/\/profloors.ee\/en\/wp-json\/wp\/v2\/users\/1"}],"replies":[{"embeddable":true,"href":"https:\/\/profloors.ee\/en\/wp-json\/wp\/v2\/comments?post=3497"}],"version-history":[{"count":3,"href":"https:\/\/profloors.ee\/en\/wp-json\/wp\/v2\/pages\/3497\/revisions"}],"predecessor-version":[{"id":7047,"href":"https:\/\/profloors.ee\/en\/wp-json\/wp\/v2\/pages\/3497\/revisions\/7047"}],"up":[{"embeddable":true,"href":"https:\/\/profloors.ee\/en\/wp-json\/wp\/v2\/pages\/3275"}],"wp:featuredmedia":[{"embeddable":true,"href":"https:\/\/profloors.ee\/en\/wp-json\/wp\/v2\/media\/12835"}],"wp:attachment":[{"href":"https:\/\/profloors.ee\/en\/wp-json\/wp\/v2\/media?parent=3497"}],"curies":[{"name":"wp","href":"https:\/\/api.w.org\/{rel}","templated":true}]}}