{"id":3427,"date":"2017-02-21T12:23:59","date_gmt":"2017-02-21T10:23:59","guid":{"rendered":"https:\/\/profloors.ee\/porandakatted\/libisemiskindlad-porandakatted\/"},"modified":"2017-10-27T12:59:51","modified_gmt":"2017-10-27T09:59:51","slug":"libisemiskindlad-porandakatted","status":"publish","type":"page","link":"https:\/\/profloors.ee\/en\/porandakatted\/libisemiskindlad-porandakatted\/","title":{"rendered":"Safety flooring"},"content":{"rendered":"<div  class=\"fusion-fullwidth fullwidth-box hundred-percent-fullwidth\"  style='background-color: rgba(255,255,255,0);background-position: center center;background-repeat: no-repeat;padding-top:0px;padding-right:40px;padding-bottom:0px;padding-left:40px;'><div class=\"fusion-builder-row fusion-row \"><div  class=\"fusion-layout-column fusion_builder_column fusion_builder_column_1_1  fusion-one-full fusion-column-first fusion-column-last fusion-column-no-min-height 1_1\"  style='margin-top:0px;margin-bottom:0px;'>\n\t\t\t<div class=\"fusion-column-wrapper\" style=\"background-position:left top;background-repeat:no-repeat;-webkit-background-size:cover;-moz-background-size:cover;-o-background-size:cover;background-size:cover;\"  data-bg-url=\"\">\n\t\t\t\t<div class=\"fusion-blog-shortcode fusion-blog-shortcode-1 fusion-blog-archive fusion-blog-layout-grid-wrapper fusion-blog-infinite\"><style type=\"text\/css\">.fusion-blog-shortcode-1 .fusion-blog-layout-grid .fusion-post-grid{padding:20px;}.fusion-blog-shortcode-1 .fusion-posts-container{margin-left: -20px !important; margin-right:-20px !important;}<\/style><div class=\"fusion-posts-container fusion-posts-container-infinite fusion-blog-layout-grid fusion-blog-layout-grid-3 isotope\" data-pages=\"0\" data-grid-col-space=\"40\" style=\"margin: -20px -20px 0;height:500px;\"><article id=\"post-4994\" class=\"fusion-post-grid post-4994 post type-post status-publish format-standard has-post-thumbnail hentry category-libisemiskindlad-porandad-en\">\n<div class=\"fusion-post-wrapper\">                <!--<a class=\"link-to-blog\" href=\"https:\/\/profloors.ee\/en\/porandakatted-en\/libisemiskindlad-porandad-en\/fatra-dual-2\/\">-->\n                    \n\n\n\t<div class=\"fusion-flexslider flexslider fusion-flexslider-loading fusion-post-slideshow\">\n\t\t<ul class=\"slides\">\n\t\t\t\n\t\t\t\t\t\t\t\t\t\t\t\t\t\t\t\t\t\t<li>\n<div class=\"fusion-image-wrapper\" aria-haspopup=\"true\">\n\n\t\n\t\t<a href=\"https:\/\/profloors.ee\/en\/porandakatted-en\/libisemiskindlad-porandad-en\/fatra-dual-2\/\">\n\t\t\t\n\t\t\t\t\t<img loading=\"lazy\" decoding=\"async\" width=\"800\" height=\"530\" src=\"https:\/\/profloors.ee\/wp-content\/uploads\/2017\/02\/Dual-400x265.jpg\" class=\"attachment-full size-full wp-post-image\" alt=\"\" srcset=\"https:\/\/profloors.ee\/wp-content\/uploads\/2017\/02\/Dual-200x133.jpg 200w, https:\/\/profloors.ee\/wp-content\/uploads\/2017\/02\/Dual-400x265.jpg 400w, https:\/\/profloors.ee\/wp-content\/uploads\/2017\/02\/Dual-600x398.jpg 600w, https:\/\/profloors.ee\/wp-content\/uploads\/2017\/02\/Dual.jpg 800w\" sizes=\"auto, (min-width: 824px) 363px, (min-width: 732px) 545px, (min-width: 640px) 732px, 100vw\" \/>\n\t\n\n\t\t<\/a>\n\n\t\n<\/div>\n<\/li>\n\t\t\t\n\t\t\t\t\t\t\t\t\t\t\t\t\t\t\t\t\t\t\t\t\t\t\t\t\t\t\t\t\t\t\t\t\t\t\t\t\t\t\t\t\t\t\t\t\t\t\t\t\t\t\t\t\t\t\t\t\t\t\t\t\t\t\t\t\t\t\t\t\t\t\t<\/ul>\n\t<\/div>\n<div class=\"fusion-post-content-wrapper\"><div class=\"fusion-post-content post-content\"><h2 class=\"blog-shortcode-post-title entry-title\"><a href=\"https:\/\/profloors.ee\/en\/porandakatted-en\/libisemiskindlad-porandad-en\/fatra-dual-2\/\">Fatra Dual<\/a><\/h2>                <!--<\/a>-->\n                <div class=\"fusion-post-content-container\"><p><\/p><\/div>                            <div class=\"single-product-button\">\n                                <!--\n                                <a class=\"fusion-button button-flat button-round button-large button-custom button-1 product-button\"\n                                   href=\"\">                                <\/a>-->\n                                <a class=\"fusion-modal-text-link fusion-button button-flat button-round button-large button-custom button-1 product-button\" data-toggle=\"modal\" data-target=\".fusion-modal.toote-info4994\" href=\"#\">Toote info<\/a>                            <\/div>\n                            <div class=\"fusion-modal modal fade modal-1 toote-info4994\" tabindex=\"-1\" role=\"dialog\" aria-labelledby=\"modal-heading-1\" aria-hidden=\"true\" id=\"toote-info4994\"><style type=\"text\/css\">.modal-1 .modal-header, .modal-1 .modal-footer{border-color:#ebebeb;}<\/style><div class=\"modal-dialog modal-lg\"><div class=\"modal-content fusion-modal-content\" style=\"background-color:#f6f6f6\"><div class=\"modal-header\"><button class=\"close\" type=\"button\" data-dismiss=\"modal\" aria-hidden=\"true\">&times;<\/button><h3 class=\"modal-title\" id=\"modal-heading-1\" data-dismiss=\"modal\" aria-hidden=\"true\">Toote info<\/h3><a href=http:\/\/test.artmedia.ee\/profloors\/\" class=\"modal-link\">test.artmedia.ee\/profloors\/<\/a><img decoding=\"async\" src=\"http:\/\/test.artmedia.ee\/profloors\/wp-content\/uploads\/2017\/01\/logo.png\" class=\"modal-logo\" \/><\/div><div class=\"modal-body\"><div class=\"table-1 product-table\">\n<table style=\"height: 120px; width: 100%;\" width=\"100%\">\n<thead>\n<tr style=\"height: 24px;\">\n<th style=\"height: 24px;\">Spetsifikatsioon<\/th>\n<th style=\"height: 24px;\">Standard<\/th>\n<th style=\"height: 24px;\">Tulemus<\/th>\n<\/tr>\n<\/thead>\n<tbody>\n<tr style=\"height: 24px;\">\n<td style=\"height: 24px;\">P\u00f5randa t\u00fc\u00fcp<\/td>\n<td style=\"height: 24px;\">EN 14041<\/td>\n<td style=\"height: 24px;\">Mitmekihiline heterogeenne p\u00f5randakate PUR kaitsekihiga<\/td>\n<\/tr>\n<tr style=\"height: 24px;\">\n<td style=\"height: 24px;\">Materjal<\/td>\n<td style=\"height: 24px;\"><\/td>\n<td style=\"height: 24px;\">PVC rullis<\/td>\n<\/tr>\n<tr style=\"height: 24px;\">\n<td style=\"height: 24px;\">Muster<\/td>\n<td style=\"height: 24px;\"><\/td>\n<td style=\"height: 24px;\">\u00fchev\u00e4rvilised kerge triibuga<\/td>\n<\/tr>\n<tr style=\"height: 24px;\">\n<td style=\"height: 24px;\">V\u00e4rvi toone<\/td>\n<td style=\"height: 24px;\"><\/td>\n<td style=\"height: 24px;\">14<\/td>\n<\/tr>\n<\/tbody>\n<\/table>\n<\/div>\n<div class=\"table-1 product-table\">\n<table width=\"100%\">\n<thead>\n<tr style=\"height: 24px;\">\n<th style=\"height: 24px;\">Omadused<\/th>\n<th style=\"height: 24px;\">Standard<\/th>\n<th style=\"height: 24px;\">\u00dchik<\/th>\n<th style=\"height: 24px;\">Tulemus<\/th>\n<\/tr>\n<\/thead>\n<tbody>\n<tr style=\"height: 24px;\">\n<td style=\"height: 24px;\">Tulekindlus<\/td>\n<td style=\"height: 24px;\">EN13501-1<\/td>\n<td style=\"height: 24px;\">klass<\/td>\n<td style=\"height: 24px;\">Bfl-S1<\/td>\n<\/tr>\n<tr style=\"height: 24px;\">\n<td style=\"height: 24px;\">Libisemiskindlus<\/td>\n<td style=\"height: 24px;\">DIN 51130\/ EN 13893<\/td>\n<td style=\"height: 24px;\">grupp<\/td>\n<td style=\"height: 24px;\">R 11 \/DS<\/td>\n<\/tr>\n<tr style=\"height: 24px;\">\n<td style=\"height: 24px;\">L\u00f6\u00f6giheli summutamine<\/td>\n<td style=\"height: 24px;\">ISO 10140-8<\/td>\n<td style=\"height: 24px;\">dB<\/td>\n<td style=\"height: 24px;\">6<\/td>\n<\/tr>\n<\/tbody>\n<\/table>\n<\/div>\n<div class=\"table-1 product-table\">\n<table width=\"100%\">\n<thead>\n<tr style=\"height: 24px;\">\n<th style=\"height: 24px;\">Peamised parameetrid<\/th>\n<th style=\"height: 24px;\">Standard<\/th>\n<th style=\"height: 24px;\">\u00dchik<\/th>\n<th style=\"height: 24px;\">Tulemus<\/th>\n<\/tr>\n<\/thead>\n<tbody>\n<tr style=\"height: 27px;\">\n<td style=\"height: 27px;\">m<sup>2<\/sup>rullis<\/td>\n<td style=\"height: 27px;\">EN 24341<\/td>\n<td style=\"height: 27px;\">m<sup>2<\/sup><\/td>\n<td style=\"height: 27px;\">18<\/td>\n<\/tr>\n<tr style=\"height: 24px;\">\n<td style=\"height: 24px;\">Rulli pikkus<\/td>\n<td style=\"height: 24px;\">EN 24341<\/td>\n<td style=\"height: 24px;\">m<\/td>\n<td style=\"height: 24px;\">12<\/td>\n<\/tr>\n<tr style=\"height: 24px;\">\n<td style=\"height: 24px;\">Rulli laius<\/td>\n<td style=\"height: 24px;\">EN 24341<\/td>\n<td style=\"height: 24px;\">mm<\/td>\n<td style=\"height: 24px;\">1500<\/td>\n<\/tr>\n<tr style=\"height: 24px;\">\n<td style=\"height: 24px;\">Kogupaksus<\/td>\n<td style=\"height: 24px;\">EN ISO 24346<\/td>\n<td style=\"height: 24px;\">mm<\/td>\n<td style=\"height: 24px;\">2,0<\/td>\n<\/tr>\n<tr style=\"height: 24px;\">\n<td style=\"height: 24px;\">Kulutuskihi paksus<\/td>\n<td style=\"height: 24px;\">EN ISO 24340<\/td>\n<td style=\"height: 24px;\">mm<\/td>\n<td style=\"height: 24px;\">0,8<\/td>\n<\/tr>\n<tr style=\"height: 27px;\">\n<td style=\"height: 27px;\">Pinna\u00fchiku kaal<\/td>\n<td style=\"height: 27px;\">EN ISO 23997<\/td>\n<td style=\"height: 27px;\">g\/m<sup>2<\/sup><\/td>\n<td style=\"height: 27px;\">2890<\/td>\n<\/tr>\n<tr style=\"height: 24px;\">\n<td style=\"height: 24px;\">J\u00e4\u00e4v deformatsioon<\/td>\n<td style=\"height: 24px;\">EN ISO 24343-1<\/td>\n<td style=\"height: 24px;\">mm<\/td>\n<td style=\"height: 24px;\">\u2264 0,1<\/td>\n<\/tr>\n<tr style=\"height: 24px;\">\n<td style=\"height: 24px;\">M\u00f5\u00f5tmete stabiilsus<\/td>\n<td style=\"height: 24px;\">EN ISO 23999<\/td>\n<td style=\"height: 24px;\">%<\/td>\n<td style=\"height: 24px;\">\u2264 0,4<\/td>\n<\/tr>\n<tr style=\"height: 24px;\">\n<td style=\"height: 24px;\">V\u00e4rvikindlus<\/td>\n<td style=\"height: 24px;\">ISO 105-B02, 3 meetod<\/td>\n<td style=\"height: 24px;\">klass<\/td>\n<td style=\"height: 24px;\">min 6<\/td>\n<\/tr>\n<tr style=\"height: 24px;\">\n<td style=\"height: 24px;\">Formaldeh\u00fc\u00fcdi emissioon<\/td>\n<td style=\"height: 24px;\">EN 717-1<\/td>\n<td style=\"height: 24px;\">mm<\/td>\n<td style=\"height: 24px;\">E1<\/td>\n<\/tr>\n<tr style=\"height: 24px;\">\n<td style=\"height: 24px;\">VOC<\/td>\n<td style=\"height: 24px;\">EN ISO 16000-9<\/td>\n<td style=\"height: 24px;\">\u03bcg\/m3<\/td>\n<td style=\"height: 24px;\">\u2264 10 (peale 28 p\u00e4eva)<\/td>\n<\/tr>\n<tr style=\"height: 27px;\">\n<td style=\"height: 27px;\">M\u00f5ju keskkonnale<\/td>\n<td style=\"height: 27px;\">EN ISO 14025<\/td>\n<td style=\"height: 27px;\">&#8211;<\/td>\n<td style=\"height: 27px;\">keskkonnaaruanne EPD<\/td>\n<\/tr>\n<tr style=\"height: 27px;\">\n<td style=\"height: 27px;\">Elastsus<\/td>\n<td style=\"height: 27px;\">EN ISO 24344\u00a0 A meetod<\/td>\n<td style=\"height: 27px;\">&#8211;<\/td>\n<td style=\"height: 27px;\">vastab n\u00f5uetele<\/td>\n<\/tr>\n<tr style=\"height: 24px;\">\n<td style=\"height: 24px;\">Soojusjuhtivus<\/td>\n<td style=\"height: 24px;\">EN ISO 10456<\/td>\n<td style=\"height: 24px;\">W\/m.K<\/td>\n<td style=\"height: 24px;\">0,17<\/td>\n<\/tr>\n<tr style=\"height: 24px;\">\n<td style=\"height: 24px;\">Niiskuskindlus ja stabiilsus kuumuses<\/td>\n<td style=\"height: 24px;\"><\/td>\n<td style=\"height: 24px;\"><\/td>\n<td style=\"height: 24px;\">vastupidav<\/td>\n<\/tr>\n<tr style=\"height: 24px;\">\n<td style=\"height: 24px;\">Vastupidavus hallitusele<\/td>\n<td style=\"height: 24px;\"><\/td>\n<td style=\"height: 24px;\"><\/td>\n<td style=\"height: 24px;\">vastupidav<\/td>\n<\/tr>\n<tr style=\"height: 24px;\">\n<td style=\"height: 24px;\">Vastupidavus kemikaalidele<\/td>\n<td style=\"height: 24px;\">EN ISO 26987<\/td>\n<td style=\"height: 24px;\"><\/td>\n<td style=\"height: 24px;\">vastupidav<\/td>\n<\/tr>\n<tr style=\"height: 21px;\">\n<td style=\"height: 21px;\">Kuumkeevitus<\/td>\n<td style=\"height: 21px;\"><\/td>\n<td style=\"height: 21px;\"><\/td>\n<td style=\"height: 21px;\">jah<\/td>\n<\/tr>\n<\/tbody>\n<\/table>\n<table>\n<tbody>\n<tr>\n<td><\/td>\n<\/tr>\n<\/tbody>\n<\/table>\n<\/div>\n<\/div><div class=\"modal-footer\"><a href=\"#\" class=\"fusion-button button-default button-medium button default medium print-btn\">Print<\/a><a class=\"fusion-button button-default button-medium button default medium\" data-dismiss=\"modal\">Close<\/a><\/div><\/div><\/div><\/div>                                                    <div class=\"single-product-button\">\n                            <a class=\"fusion-button button-flat button-round button-large button-custom button-1 product-button\"\n                               href=\"http:\/\/www.fatrafloor.cz\/en\/products\/pvc-floor-coverings\/lino-pvc-in-rolls\/dual\/\" target=\"_blank\">Lisainfo Fatra kodulehelt<\/a>\n                        <\/div>\n                                            <div class=\"single-product-button\">\n                            <a class=\"fusion-button button-flat button-round button-large button-custom button-1 product-button\"\n                               href=\"https:\/\/profloors.ee\/en\/porandakatted-en\/libisemiskindlad-porandad-en\/fatra-dual-2\/#color-card\">V\u00e4rvikaart<\/a>\n                        <\/div>\n                    <\/div><\/div><div class=\"fusion-clearfix\"><\/div><\/div>\n<\/article>\n<article id=\"post-4990\" class=\"fusion-post-grid post-4990 post type-post status-publish format-standard has-post-thumbnail hentry category-libisemiskindlad-porandad-en\">\n<div class=\"fusion-post-wrapper\">                <!--<a class=\"link-to-blog\" href=\"https:\/\/profloors.ee\/en\/porandakatted-en\/libisemiskindlad-porandad-en\/fatra-novoflor-standard-kolor-2\/\">-->\n                    \n\n\n\t<div class=\"fusion-flexslider flexslider fusion-flexslider-loading fusion-post-slideshow\">\n\t\t<ul class=\"slides\">\n\t\t\t\n\t\t\t\t\t\t\t\t\t\t\t\t\t\t\t\t\t\t<li>\n<div class=\"fusion-image-wrapper\" aria-haspopup=\"true\">\n\n\t\n\t\t<a href=\"https:\/\/profloors.ee\/en\/porandakatted-en\/libisemiskindlad-porandad-en\/fatra-novoflor-standard-kolor-2\/\">\n\t\t\t\n\t\t\t\t\t<img loading=\"lazy\" decoding=\"async\" width=\"1152\" height=\"864\" src=\"https:\/\/profloors.ee\/wp-content\/uploads\/2017\/02\/Kuperjanovi-\u00dcJP-tehniline-ruum-400x300.jpg\" class=\"attachment-full size-full wp-post-image\" alt=\"\" srcset=\"https:\/\/profloors.ee\/wp-content\/uploads\/2017\/02\/Kuperjanovi-\u00dcJP-tehniline-ruum-200x150.jpg 200w, https:\/\/profloors.ee\/wp-content\/uploads\/2017\/02\/Kuperjanovi-\u00dcJP-tehniline-ruum-400x300.jpg 400w, https:\/\/profloors.ee\/wp-content\/uploads\/2017\/02\/Kuperjanovi-\u00dcJP-tehniline-ruum-600x450.jpg 600w, https:\/\/profloors.ee\/wp-content\/uploads\/2017\/02\/Kuperjanovi-\u00dcJP-tehniline-ruum-800x600.jpg 800w, https:\/\/profloors.ee\/wp-content\/uploads\/2017\/02\/Kuperjanovi-\u00dcJP-tehniline-ruum.jpg 1152w\" sizes=\"auto, (min-width: 824px) 363px, (min-width: 732px) 545px, (min-width: 640px) 732px, 100vw\" \/>\n\t\n\n\t\t<\/a>\n\n\t\n<\/div>\n<\/li>\n\t\t\t\n\t\t\t\t\t\t\t\t\t\t\t\t\t\t\t\t\t\t\t\t\t\t\t\t\t\t\t\t\t\t\t\t\t\t\t\t\t\t\t\t\t\t\t\t\t\t\t\t\t\t\t\t\t\t\t\t\t\t\t\t\t\t\t\t\t\t\t\t\t\t\t<\/ul>\n\t<\/div>\n<div class=\"fusion-post-content-wrapper\"><div class=\"fusion-post-content post-content\"><h2 class=\"blog-shortcode-post-title entry-title\"><a href=\"https:\/\/profloors.ee\/en\/porandakatted-en\/libisemiskindlad-porandad-en\/fatra-novoflor-standard-kolor-2\/\">Fatra Novoflor Standard Kolor<\/a><\/h2>                <!--<\/a>-->\n                <div class=\"fusion-post-content-container\"><p><\/p><\/div>                            <div class=\"single-product-button\">\n                                <!--\n                                <a class=\"fusion-button button-flat button-round button-large button-custom button-1 product-button\"\n                                   href=\"\">                                <\/a>-->\n                                <a class=\"fusion-modal-text-link fusion-button button-flat button-round button-large button-custom button-1 product-button\" data-toggle=\"modal\" data-target=\".fusion-modal.tooteinfo4990\" href=\"#\">Tooteinfo<\/a>                            <\/div>\n                            <div class=\"fusion-modal modal fade modal-2 tooteinfo4990\" tabindex=\"-1\" role=\"dialog\" aria-labelledby=\"modal-heading-2\" aria-hidden=\"true\" id=\"tooteinfo4990\"><style type=\"text\/css\">.modal-2 .modal-header, .modal-2 .modal-footer{border-color:#ebebeb;}<\/style><div class=\"modal-dialog modal-lg\"><div class=\"modal-content fusion-modal-content\" style=\"background-color:#f6f6f6\"><div class=\"modal-header\"><button class=\"close\" type=\"button\" data-dismiss=\"modal\" aria-hidden=\"true\">&times;<\/button><h3 class=\"modal-title\" id=\"modal-heading-2\" data-dismiss=\"modal\" aria-hidden=\"true\">Tooteinfo<\/h3><a href=http:\/\/test.artmedia.ee\/profloors\/\" class=\"modal-link\">test.artmedia.ee\/profloors\/<\/a><img decoding=\"async\" src=\"http:\/\/test.artmedia.ee\/profloors\/wp-content\/uploads\/2017\/01\/logo.png\" class=\"modal-logo\" \/><\/div><div class=\"modal-body\"><div class=\"table-1 product-table\">\n<table width=\"100%\">\n<thead>\n<tr>\n<th>Spetsifikatsioon<\/th>\n<th>Standard<\/th>\n<th>Tulemus<\/th>\n<\/tr>\n<\/thead>\n<tbody>\n<tr>\n<td>P\u00f5randa t\u00fc\u00fcp<\/td>\n<td>EN649<\/td>\n<td>Mitmekihiline heterogeenne p\u00f5randakate PUR kaitsekihiga<\/td>\n<\/tr>\n<tr>\n<td>Materjal<\/td>\n<td><\/td>\n<td>PVC rullis<\/td>\n<\/tr>\n<tr>\n<td>Muster<\/td>\n<td><\/td>\n<td>marmor<\/td>\n<\/tr>\n<tr>\n<td>V\u00e4rvi toone<\/td>\n<td><\/td>\n<td>14<\/td>\n<\/tr>\n<\/tbody>\n<\/table>\n<\/div>\n<div class=\"table-1 product-table\">\n<table width=\"100%\">\n<thead>\n<tr>\n<th>Omadused<\/th>\n<th>Standard<\/th>\n<th>\u00dchik<\/th>\n<th>Tulemus<\/th>\n<\/tr>\n<\/thead>\n<tbody>\n<tr>\n<td>Tulekindlus<\/td>\n<td>EN13501-1<\/td>\n<td>klass<\/td>\n<td>P (Eestis) Bfl-S1<\/td>\n<\/tr>\n<tr>\n<td>Libisemiskindlus<\/td>\n<td>BGR 181<\/td>\n<td>grupp<\/td>\n<td>R 11<\/td>\n<\/tr>\n<tr>\n<td>L\u00f6\u00f6giheli summutamine<\/td>\n<td>ISO140-8<\/td>\n<td>dB<\/td>\n<td>2<\/td>\n<\/tr>\n<\/tbody>\n<\/table>\n<\/div>\n<div class=\"table-1 product-table\">\n<table width=\"100%\">\n<thead>\n<tr style=\"height: 24px;\">\n<th style=\"height: 24px;\">Peamised parameetrid<\/th>\n<th style=\"height: 24px;\">Standard<\/th>\n<th style=\"height: 24px;\">\u00dchik<\/th>\n<th style=\"height: 24px;\">Tulemus<\/th>\n<\/tr>\n<\/thead>\n<tbody>\n<tr style=\"height: 27px;\">\n<td style=\"height: 27px;\">m<sup>2<\/sup>rullis<\/td>\n<td style=\"height: 27px;\">EN 426<\/td>\n<td style=\"height: 27px;\">m<sup>2<\/sup><\/td>\n<td style=\"height: 27px;\">18<\/td>\n<\/tr>\n<tr style=\"height: 24px;\">\n<td style=\"height: 24px;\">Rulli pikkus<\/td>\n<td style=\"height: 24px;\">EN 426<\/td>\n<td style=\"height: 24px;\">m<\/td>\n<td style=\"height: 24px;\">12<\/td>\n<\/tr>\n<tr style=\"height: 24px;\">\n<td style=\"height: 24px;\">Rulli laius<\/td>\n<td style=\"height: 24px;\">EN 426<\/td>\n<td style=\"height: 24px;\">mm<\/td>\n<td style=\"height: 24px;\">1500<\/td>\n<\/tr>\n<tr style=\"height: 24px;\">\n<td style=\"height: 24px;\">Kogupaksus<\/td>\n<td style=\"height: 24px;\">EN 428<\/td>\n<td style=\"height: 24px;\">mm<\/td>\n<td style=\"height: 24px;\">2,0<\/td>\n<\/tr>\n<tr style=\"height: 24px;\">\n<td style=\"height: 24px;\">Kulutuskihi paksus<\/td>\n<td style=\"height: 24px;\">EN 429<\/td>\n<td style=\"height: 24px;\">mm<\/td>\n<td style=\"height: 24px;\">0,4<\/td>\n<\/tr>\n<tr style=\"height: 27px;\">\n<td style=\"height: 27px;\">Pinna\u00fchiku kaal<\/td>\n<td style=\"height: 27px;\">EN 430<\/td>\n<td style=\"height: 27px;\">g\/m<sup>2<\/sup><\/td>\n<td style=\"height: 27px;\">3280<\/td>\n<\/tr>\n<tr style=\"height: 24px;\">\n<td style=\"height: 24px;\">J\u00e4\u00e4v deformatsioon<\/td>\n<td style=\"height: 24px;\">EN 433<\/td>\n<td style=\"height: 24px;\">mm<\/td>\n<td style=\"height: 24px;\">\u2264 0,1<\/td>\n<\/tr>\n<tr style=\"height: 24px;\">\n<td style=\"height: 24px;\">M\u00f5\u00f5tmete stabiilsus<\/td>\n<td style=\"height: 24px;\">EN 434<\/td>\n<td style=\"height: 24px;\">%<\/td>\n<td style=\"height: 24px;\">\u2264 0,4<\/td>\n<\/tr>\n<tr style=\"height: 24px;\">\n<td style=\"height: 24px;\">V\u00e4rvikindlus<\/td>\n<td style=\"height: 24px;\">ISO 105-B02<\/td>\n<td style=\"height: 24px;\">klass<\/td>\n<td style=\"height: 24px;\">min 6<\/td>\n<\/tr>\n<tr style=\"height: 24px;\">\n<td style=\"height: 24px;\">Paksuse kadu<\/td>\n<td style=\"height: 24px;\">EN 660 T1<\/td>\n<td style=\"height: 24px;\">mm<\/td>\n<td style=\"height: 24px;\">\u22640,06<\/td>\n<\/tr>\n<tr style=\"height: 24px;\">\n<td style=\"height: 24px;\">Kulutusgrupp<\/td>\n<td style=\"height: 24px;\">EN649<\/td>\n<td style=\"height: 24px;\">klass<\/td>\n<td style=\"height: 24px;\">T<\/td>\n<\/tr>\n<tr style=\"height: 27px;\">\n<td style=\"height: 27px;\">Soojusjuhtivus<\/td>\n<td style=\"height: 27px;\">DIN 52612 T1<\/td>\n<td style=\"height: 27px;\">m<sup>2<\/sup> K\/W<\/td>\n<td style=\"height: 27px;\">0,17<\/td>\n<\/tr>\n<tr style=\"height: 27px;\">\n<td style=\"height: 27px;\">Sisemine elektritakistus<\/td>\n<td style=\"height: 27px;\">EN 1081<\/td>\n<td style=\"height: 27px;\">\u2126<\/td>\n<td style=\"height: 27px;\">1\u202210<sup>9<\/sup><\/td>\n<\/tr>\n<tr style=\"height: 24px;\">\n<td style=\"height: 24px;\">Stabiilsus kuumuses<\/td>\n<td style=\"height: 24px;\"><\/td>\n<td style=\"height: 24px;\"><\/td>\n<td style=\"height: 24px;\">hea<\/td>\n<\/tr>\n<tr style=\"height: 24px;\">\n<td style=\"height: 24px;\">Niiskuskindlus<\/td>\n<td style=\"height: 24px;\"><\/td>\n<td style=\"height: 24px;\"><\/td>\n<td style=\"height: 24px;\">vastupidav<\/td>\n<\/tr>\n<tr style=\"height: 24px;\">\n<td style=\"height: 24px;\">Vastupidavus hallitusele<\/td>\n<td style=\"height: 24px;\"><\/td>\n<td style=\"height: 24px;\"><\/td>\n<td style=\"height: 24px;\">vastupidav<\/td>\n<\/tr>\n<tr style=\"height: 24px;\">\n<td style=\"height: 24px;\">Vastupidavus kemikaalidele<\/td>\n<td style=\"height: 24px;\">EN 423<\/td>\n<td style=\"height: 24px;\"><\/td>\n<td style=\"height: 24px;\">vastupidav<\/td>\n<\/tr>\n<tr style=\"height: 21px;\">\n<td style=\"height: 21px;\">Kuumkeevitus<\/td>\n<td style=\"height: 21px;\"><\/td>\n<td style=\"height: 21px;\"><\/td>\n<td style=\"height: 21px;\">jah<\/td>\n<\/tr>\n<\/tbody>\n<\/table>\n<table>\n<tbody>\n<tr>\n<td><strong>Klassifikatsioon \/ kasutusvaldkond<\/strong><\/td>\n<td><\/td>\n<td><\/td>\n<td><\/td>\n<\/tr>\n<tr>\n<td>\u00a0Eluruumid<\/td>\n<td>EN 685, 649<\/td>\n<td>\u00a0 klass<\/td>\n<td>\u00a0\u00a0\u00a0 21-23<\/td>\n<\/tr>\n<tr>\n<td>\u00a0\u00c4riruumid<\/td>\n<td>EN 685, 649<\/td>\n<td>\u00a0 klass<\/td>\n<td>\u00a0\u00a0\u00a0 31-32<\/td>\n<\/tr>\n<tr>\n<td>\u00a0T\u00f6\u00f6stusruumid<\/td>\n<td>EN 685, 649<\/td>\n<td>\u00a0 klass<\/td>\n<td>\u00a0\u00a0\u00a0 41<\/td>\n<\/tr>\n<tr>\n<td><\/td>\n<td><\/td>\n<td><\/td>\n<td><\/td>\n<\/tr>\n<\/tbody>\n<tbody>\n<tr>\n<td><strong>Lisa omadused<\/strong> :<\/td>\n<\/tr>\n<tr>\n<td>\u00a0 antibakteriaalne<\/td>\n<\/tr>\n<tr>\n<td>\u00a0 p\u00fcsivate staatiliste omadustega<\/td>\n<\/tr>\n<tr>\n<td>\u00a0 kontoritooli rataste taluvus EN 425<\/td>\n<\/tr>\n<tr>\n<td>\u00a0 talub &#8220;ratastransporti&#8221;<\/td>\n<\/tr>\n<tr>\n<td>\u00a0 sobiv p\u00f5randak\u00fctte jaoks<\/td>\n<\/tr>\n<\/tbody>\n<\/table>\n<\/div>\n<\/div><div class=\"modal-footer\"><a href=\"#\" class=\"fusion-button button-default button-medium button default medium print-btn\">Print<\/a><a class=\"fusion-button button-default button-medium button default medium\" data-dismiss=\"modal\">Close<\/a><\/div><\/div><\/div><\/div>                                                    <div class=\"single-product-button\">\n                            <a class=\"fusion-button button-flat button-round button-large button-custom button-1 product-button\"\n                               href=\"http:\/\/www.fatrafloor.cz\/en\/products\/pvc-floor-coverings\/lino-pvc-in-rolls\/novoflor-standard-kolor\/\" target=\"_blank\">Lisainfo Fatra kodulehelt<\/a>\n                        <\/div>\n                                            <div class=\"single-product-button\">\n                            <a class=\"fusion-button button-flat button-round button-large button-custom button-1 product-button\"\n                               href=\"https:\/\/profloors.ee\/en\/porandakatted-en\/libisemiskindlad-porandad-en\/fatra-novoflor-standard-kolor-2\/#color-card\">V\u00e4rvikaart<\/a>\n                        <\/div>\n                    <\/div><\/div><div class=\"fusion-clearfix\"><\/div><\/div>\n<\/article>\n<div class=\"fusion-clearfix\"><\/div><\/div>\n\t\t\t\t\t\t\t\t\t<div class='pagination clearfix'>\n\t\t\t\n\t\t\t\n\t\t\t\n\t\t\t\n\t\t\t<\/div>\n\t\t\t\t\t<\/div><div class=\"fusion-clearfix\"><\/div>\n\n\t\t\t<\/div>\n\t\t<\/div><\/div><\/div>\n","protected":false},"excerpt":{"rendered":"","protected":false},"author":1,"featured_media":4031,"parent":3256,"menu_order":60,"comment_status":"closed","ping_status":"closed","template":"","meta":{"_acf_changed":false,"footnotes":""},"class_list":["post-3427","page","type-page","status-publish","has-post-thumbnail","hentry"],"acf":[],"_links":{"self":[{"href":"https:\/\/profloors.ee\/en\/wp-json\/wp\/v2\/pages\/3427","targetHints":{"allow":["GET"]}}],"collection":[{"href":"https:\/\/profloors.ee\/en\/wp-json\/wp\/v2\/pages"}],"about":[{"href":"https:\/\/profloors.ee\/en\/wp-json\/wp\/v2\/types\/page"}],"author":[{"embeddable":true,"href":"https:\/\/profloors.ee\/en\/wp-json\/wp\/v2\/users\/1"}],"replies":[{"embeddable":true,"href":"https:\/\/profloors.ee\/en\/wp-json\/wp\/v2\/comments?post=3427"}],"version-history":[{"count":2,"href":"https:\/\/profloors.ee\/en\/wp-json\/wp\/v2\/pages\/3427\/revisions"}],"predecessor-version":[{"id":7240,"href":"https:\/\/profloors.ee\/en\/wp-json\/wp\/v2\/pages\/3427\/revisions\/7240"}],"up":[{"embeddable":true,"href":"https:\/\/profloors.ee\/en\/wp-json\/wp\/v2\/pages\/3256"}],"wp:featuredmedia":[{"embeddable":true,"href":"https:\/\/profloors.ee\/en\/wp-json\/wp\/v2\/media\/4031"}],"wp:attachment":[{"href":"https:\/\/profloors.ee\/en\/wp-json\/wp\/v2\/media?parent=3427"}],"curies":[{"name":"wp","href":"https:\/\/api.w.org\/{rel}","templated":true}]}}