{"id":3292,"date":"2017-03-02T14:33:21","date_gmt":"2017-03-02T12:33:21","guid":{"rendered":"http:\/\/test.artmedia.ee\/profloors\/?page_id=3292\/"},"modified":"2024-11-08T15:20:55","modified_gmt":"2024-11-08T13:20:55","slug":"about-us","status":"publish","type":"page","link":"https:\/\/profloors.ee\/en\/about-us\/","title":{"rendered":"About us"},"content":{"rendered":"<p><div  class=\"fusion-fullwidth fullwidth-box nonhundred-percent-fullwidth\"  style='background-color: rgba(255,255,255,0);background-position: center center;background-repeat: no-repeat;padding-top:0px;padding-right:50px;padding-bottom:0px;padding-left:0px;'><div class=\"fusion-builder-row fusion-row \"><div  class=\"fusion-layout-column fusion_builder_column fusion_builder_column_1_1  fusion-one-full fusion-column-first fusion-column-last 1_1\"  style='margin-top:0px;margin-bottom:0px;'>\n\t\t\t<div class=\"fusion-column-wrapper\" style=\"background-position:left top;background-repeat:no-repeat;-webkit-background-size:cover;-moz-background-size:cover;-o-background-size:cover;background-size:cover;\"  data-bg-url=\"\">\n\t\t\t\t<h3>Profloors O\u00dc is a company founded on Estonian private capital at the beginning of 2007. The company\u2019s area of activity is the sales and installation of flooring and sports flooring materials, as well as the construction of sport buildings.<\/h3>\n<div class=\"fusion-clearfix\"><\/div>\n\n\t\t\t<\/div>\n\t\t<\/div><\/div><\/div><div  class=\"fusion-fullwidth fullwidth-box nonhundred-percent-fullwidth\"  style='background-color: rgba(255,255,255,0);background-position: center center;background-repeat: no-repeat;padding-top:20px;padding-right:50px;padding-bottom:20px;padding-left:0px;'><div class=\"fusion-builder-row fusion-row \"><div  class=\"fusion-layout-column fusion_builder_column fusion_builder_column_1_2  fusion-one-half fusion-column-first 1_2\"  style='margin-top:0px;margin-bottom:0px;width:50%;width:calc(50% - ( ( 4% ) * 0.5 ) );margin-right: 4%;'>\n\t\t\t<div class=\"fusion-column-wrapper\" style=\"background-position:left top;background-repeat:no-repeat;-webkit-background-size:cover;-moz-background-size:cover;-o-background-size:cover;background-size:cover;\"  data-bg-url=\"\">\n\t\t\t\t<p>Profloors O\u00dc represents the following trademarks in Estonia:<\/p>\n<p><strong>Fatra<\/strong> (PVC floorings, electrostatic floors),<br \/>\n<strong>Haro Sports<\/strong>\u00a0(FIBA basketball courts),<br \/>\n<b>Conica<\/b> (running tracks WA),<br \/>\n<b>BSG<\/b>\u00a0(running tracks WA),<br \/>\n<strong>Robbins Sport Surfaces<\/strong> (FIBA basketball courts of strong maple)<br \/>\n<strong>Mondo<\/strong> (various sports covers for indoor and outdoor courts, sports inventory),<br \/>\n<strong>Lano Sports<\/strong> (artificial grass courts\u00a0 &#8211; for football FIFA, tennis ITF, golf putting green),<br \/>\n<strong>Casali Sport<\/strong>\u00a0 acrylic resin covers (ITF tennis courts, various ball game courts), tartan running tracks.<\/p>\n<p>We also sell and install sports inventory of <strong>Polsport, Pesmenpol, Nautronic, Dimasport<\/strong> and <strong>Benz-Sport<\/strong>.<\/p>\n<p>Our personnel has a 29-year experience in installing floors to office spaces, schools, nursery schools, hospitals, etc, and covers to ball game halls and tennis courts, also in building outdoor sports facilities, tennis and football courts and other similar objects.<\/p>\n<div class=\"fusion-clearfix\"><\/div>\n\n\t\t\t<\/div>\n\t\t<\/div><div  class=\"fusion-layout-column fusion_builder_column fusion_builder_column_1_2  fusion-one-half fusion-column-last 1_2\"  style='margin-top:0px;margin-bottom:0px;width:50%;width:calc(50% - ( ( 4% ) * 0.5 ) );'>\n\t\t\t<div class=\"fusion-column-wrapper\" style=\"background-position:left top;background-repeat:no-repeat;-webkit-background-size:cover;-moz-background-size:cover;-o-background-size:cover;background-size:cover;\"  data-bg-url=\"\">\n\t\t\t\t<div class=\"fusion-slider-sc flexslider flexslider-hover-type-none alignright\" style=\"max-width:450px;height:450px;\"><ul class=\"slides\"><li class=\"image\"><span class=\"hover-type-none\"><img decoding=\"async\" src=\"https:\/\/profloors.ee\/wp-content\/uploads\/2017\/03\/K\u00e4\u00e4riku-spordikeskuse-kergej\u00f5ustikustaadion.jpg\" \/><\/span><\/li><li class=\"image\"><span class=\"hover-type-none\"><img decoding=\"async\" src=\"https:\/\/profloors.ee\/wp-content\/uploads\/2020\/12\/Elva-Spordihoone.jpg\" \/><\/span><\/li><li class=\"image\"><span class=\"hover-type-none\"><img decoding=\"async\" src=\"https:\/\/profloors.ee\/wp-content\/uploads\/2021\/10\/T\u00f5rva-staadion.jpg\" \/><\/span><\/li><li class=\"image\"><span class=\"hover-type-none\"><img decoding=\"async\" src=\"https:\/\/profloors.ee\/wp-content\/uploads\/2017\/10\/Lohkva-Spordihoone-3.jpg\" \/><\/span><\/li><li class=\"image\"><span class=\"hover-type-none\"><img decoding=\"async\" src=\"https:\/\/profloors.ee\/wp-content\/uploads\/2021\/11\/Sillam\u00e4e-basketball-court-tiles-Enlio-SES.jpg\" \/><\/span><\/li><li class=\"image\"><span class=\"hover-type-none\"><img decoding=\"async\" src=\"https:\/\/profloors.ee\/wp-content\/uploads\/2017\/03\/Jaunmarupe-L\u00e4ti.jpg\" \/><\/span><\/li><\/ul><\/div><div class=\"fusion-clearfix\"><\/div>\n\n\t\t\t<\/div>\n\t\t<\/div><\/div><\/div><div  class=\"fusion-fullwidth fullwidth-box nonhundred-percent-fullwidth\"  style='background-color: rgba(255,255,255,0);background-position: center center;background-repeat: no-repeat;padding-top:20px;padding-right:50px;padding-bottom:20px;padding-left:0px;'><div class=\"fusion-builder-row fusion-row \"><div  class=\"fusion-layout-column fusion_builder_column fusion_builder_column_1_1  fusion-one-full fusion-column-first fusion-column-last 1_1\"  style='margin-top:0px;margin-bottom:0px;'>\n\t\t\t<div class=\"fusion-column-wrapper\" style=\"background-position:left top;background-repeat:no-repeat;-webkit-background-size:cover;-moz-background-size:cover;-o-background-size:cover;background-size:cover;\"  data-bg-url=\"\">\n\t\t\t\t<p><strong>Profloors O\u00dc offers you an integral solution starting from consultations up to supplying materials and establishing a floor or a sports court and later maintenance.<\/strong> Our goal is to guarantee that every client receives a maximum result by considering the client\u2019s wishes, needs and opportunities, at the same time meeting the client\u2019s requirements. We help you decide which floor or sports court is best suited to your needs, and do our best to construct it. We will stay your partner for years.<\/p>\n<div class=\"fusion-clearfix\"><\/div>\n\n\t\t\t<\/div>\n\t\t<\/div><\/div><\/div><\/p>\n","protected":false},"excerpt":{"rendered":"","protected":false},"author":1,"featured_media":0,"parent":0,"menu_order":120,"comment_status":"closed","ping_status":"closed","template":"","meta":{"_acf_changed":false,"footnotes":""},"class_list":["post-3292","page","type-page","status-publish","hentry"],"acf":[],"_links":{"self":[{"href":"https:\/\/profloors.ee\/en\/wp-json\/wp\/v2\/pages\/3292","targetHints":{"allow":["GET"]}}],"collection":[{"href":"https:\/\/profloors.ee\/en\/wp-json\/wp\/v2\/pages"}],"about":[{"href":"https:\/\/profloors.ee\/en\/wp-json\/wp\/v2\/types\/page"}],"author":[{"embeddable":true,"href":"https:\/\/profloors.ee\/en\/wp-json\/wp\/v2\/users\/1"}],"replies":[{"embeddable":true,"href":"https:\/\/profloors.ee\/en\/wp-json\/wp\/v2\/comments?post=3292"}],"version-history":[{"count":8,"href":"https:\/\/profloors.ee\/en\/wp-json\/wp\/v2\/pages\/3292\/revisions"}],"predecessor-version":[{"id":12586,"href":"https:\/\/profloors.ee\/en\/wp-json\/wp\/v2\/pages\/3292\/revisions\/12586"}],"wp:attachment":[{"href":"https:\/\/profloors.ee\/en\/wp-json\/wp\/v2\/media?parent=3292"}],"curies":[{"name":"wp","href":"https:\/\/api.w.org\/{rel}","templated":true}]}}