{"id":3226,"date":"2017-03-02T11:17:53","date_gmt":"2017-03-02T09:17:53","guid":{"rendered":"http:\/\/test.artmedia.ee\/profloors\/?page_id=3226\/"},"modified":"2022-01-18T15:20:01","modified_gmt":"2022-01-18T13:20:01","slug":"avaleht","status":"publish","type":"page","link":"https:\/\/profloors.ee\/en\/","title":{"rendered":"Home"},"content":{"rendered":"<p><div  class=\"fusion-fullwidth fullwidth-box hundred-percent-fullwidth fusion-equal-height-columns\"  style='background-color: rgba(255,255,255,0);background-position: left top;background-repeat: no-repeat;padding-top:0px;padding-right:0px;padding-bottom:0px;padding-left:0px;border-top-width:0px;border-bottom-width:0px;border-color:#eae9e9;border-top-style:solid;border-bottom-style:solid;'><div class=\"fusion-builder-row fusion-row \"><div  class=\"fusion-layout-column fusion_builder_column fusion_builder_column_1_4  fusion-one-fourth fusion-column-first fusion-column-inner-bg-wrapper 1_4\"  style='margin-top:0px;margin-bottom:0px;'>\n\t\t\t<div class=\"fusion-column-wrapper\" style=\"\" data-bg-url=\"https:\/\/profloors.ee\/wp-content\/uploads\/2015\/03\/Imperio-slaid2.jpg\">\n\t\t\t\t<div class=\"fusion-sep-clear\"><\/div><div class=\"fusion-separator fusion-full-width-sep sep-none mySep\" style=\"margin-left: auto;margin-right: auto;margin-top:550px;\"><\/div><div style=\"height: 125px; background: #6d4839; padding: 30px 50px; color: #ffffff; opacity: 0.95;\">\n<h3><a style=\"color: #ffffff;\" href=\"\/avada\/lifestyle\/yoga-fitness\/\">FLOORING<\/a><\/h3>\n<\/div>\n<div class=\"fusion-clearfix\"><\/div>\n\t\t\t<\/div>\n\t\t\t<span class=\"fusion-column-inner-bg hover-type-zoomin\">\n\t\t\t\t<a href=\"porandakatted\">\n\t\t\t\t\t<span class=\"fusion-column-inner-bg-image\" style=\"background-image: url('https:\/\/profloors.ee\/wp-content\/uploads\/2015\/03\/Imperio-slaid2.jpg');background-position:right top;background-repeat:no-repeat;-webkit-background-size:cover;-moz-background-size:cover;-o-background-size:cover;background-size:cover;\"><\/span><\/a>\n\t\t\t<\/span>\n\t\t<\/div><div  class=\"fusion-layout-column fusion_builder_column fusion_builder_column_1_4  fusion-one-fourth fusion-column-inner-bg-wrapper 1_4\"  style='margin-top:0px;margin-bottom:0px;'>\n\t\t\t<div class=\"fusion-column-wrapper\" style=\"\" data-bg-url=\"https:\/\/profloors.ee\/wp-content\/uploads\/2015\/03\/slaid-court3.jpg\">\n\t\t\t\t<div class=\"fusion-sep-clear\"><\/div><div class=\"fusion-separator fusion-full-width-sep sep-none mySep\" style=\"margin-left: auto;margin-right: auto;margin-top:550px;\"><\/div><div style=\"height: 125px; background: #363024; padding: 30px 50px; color: #ffffff; opacity: 0.95;\">\n<h3><a style=\"color: #ffffff;\" href=\"\/avada\/lifestyle\/home-garden\/\">INNER COURTS<\/a><\/h3>\n<\/div>\n<div class=\"fusion-clearfix\"><\/div>\n\t\t\t<\/div>\n\t\t\t<span class=\"fusion-column-inner-bg hover-type-zoomin\">\n\t\t\t\t<a href=\"sisespordivaljakud\">\n\t\t\t\t\t<span class=\"fusion-column-inner-bg-image\" style=\"background-image: url('https:\/\/profloors.ee\/wp-content\/uploads\/2015\/03\/slaid-court3.jpg');background-position:right top;background-repeat:no-repeat;-webkit-background-size:cover;-moz-background-size:cover;-o-background-size:cover;background-size:cover;\"><\/span><\/a>\n\t\t\t<\/span>\n\t\t<\/div><div  class=\"fusion-layout-column fusion_builder_column fusion_builder_column_1_4  fusion-one-fourth fusion-column-inner-bg-wrapper 1_4\"  style='margin-top:0px;margin-bottom:0px;'>\n\t\t\t<div class=\"fusion-column-wrapper\" style=\"\" data-bg-url=\"https:\/\/profloors.ee\/wp-content\/uploads\/2015\/03\/slaid-track3.jpg\">\n\t\t\t\t<div class=\"fusion-sep-clear\"><\/div><div class=\"fusion-separator fusion-full-width-sep sep-none mySep\" style=\"margin-left: auto;margin-right: auto;margin-top:550px;\"><\/div><div style=\"height: 125px; background: #531214; padding: 30px 50px; color: #ffffff; opacity: 0.95;\">\n<h3><a style=\"color: #ffffff;\" href=\"\/avada\/lifestyle\/health-wellbeing\/\">EXTERNAL COURTS<\/a><\/h3>\n<\/div>\n<div class=\"fusion-clearfix\"><\/div>\n\t\t\t<\/div>\n\t\t\t<span class=\"fusion-column-inner-bg hover-type-zoomin\">\n\t\t\t\t<a href=\"valisspordivaljakud\">\n\t\t\t\t\t<span class=\"fusion-column-inner-bg-image\" style=\"background-image: url('https:\/\/profloors.ee\/wp-content\/uploads\/2015\/03\/slaid-track3.jpg');background-position:right top;background-repeat:no-repeat;-webkit-background-size:cover;-moz-background-size:cover;-o-background-size:cover;background-size:cover;\"><\/span><\/a>\n\t\t\t<\/span>\n\t\t<\/div><div  class=\"fusion-layout-column fusion_builder_column fusion_builder_column_1_4  fusion-one-fourth fusion-column-last fusion-column-inner-bg-wrapper 1_4\"  style='margin-top:0px;margin-bottom:0px;'>\n\t\t\t<div class=\"fusion-column-wrapper\" style=\"\" data-bg-url=\"https:\/\/profloors.ee\/wp-content\/uploads\/2015\/03\/spordiinventar1.jpg\">\n\t\t\t\t<div class=\"fusion-sep-clear\"><\/div><div class=\"fusion-separator fusion-full-width-sep sep-none mySep\" style=\"margin-left: auto;margin-right: auto;margin-top:550px;\"><\/div><div style=\"height: 125px; background: #8a622b; padding: 30px 50px; color: #ffffff; opacity: 0.95;\">\n<h3><a style=\"color: #ffffff;\" href=\"spordiinventar\">SPORT EXTRAS<\/a><\/h3>\n<\/div>\n<div class=\"fusion-clearfix\"><\/div>\n\t\t\t<\/div>\n\t\t\t<span class=\"fusion-column-inner-bg hover-type-zoomin\">\n\t\t\t\t<a href=\"spordiinventar\">\n\t\t\t\t\t<span class=\"fusion-column-inner-bg-image\" style=\"background-image: url('https:\/\/profloors.ee\/wp-content\/uploads\/2015\/03\/spordiinventar1.jpg');background-position:right top;background-repeat:no-repeat;-webkit-background-size:cover;-moz-background-size:cover;-o-background-size:cover;background-size:cover;\"><\/span><\/a>\n\t\t\t<\/span>\n\t\t<\/div><\/div><\/div><div  class=\"fusion-fullwidth fullwidth-box nonhundred-percent-fullwidth\"  style='background-color: rgba(255,255,255,0);background-position: left top;background-repeat: no-repeat;padding-top:110px;padding-right:50px;padding-bottom:110px;padding-left:0px;border-top-width:0px;border-bottom-width:0px;border-color:#eae9e9;border-top-style:solid;border-bottom-style:solid;'><div class=\"fusion-builder-row fusion-row \"><div  class=\"fusion-layout-column fusion_builder_column fusion_builder_column_2_5  fusion-two-fifth fusion-column-first 2_5\"  style='margin-top:0px;margin-bottom:0px;width:37.6%; margin-right: 4%;'>\n\t\t\t<div class=\"fusion-column-wrapper\" style=\"background-position:left top;background-repeat:no-repeat;-webkit-background-size:cover;-moz-background-size:cover;-o-background-size:cover;background-size:cover;\"  data-bg-url=\"\">\n\t\t\t\t<div class=\"fusion-sep-clear\"><\/div><div class=\"fusion-separator fusion-full-width-sep sep-none\" style=\"margin-left: auto;margin-right: auto;margin-top:15px;\"><\/div><div class=\"fusion-slider-sc flexslider flexslider-hover-type-none\" style=\"max-width:100%;height:100%;\"><ul class=\"slides\"><li class=\"image\"><span class=\"hover-type-none\"><img decoding=\"async\" src=\"https:\/\/profloors.ee\/wp-content\/uploads\/2017\/02\/Tallink-Tennisekeskus.jpg\" \/><\/span><\/li><li class=\"image\"><span class=\"hover-type-none\"><img decoding=\"async\" src=\"https:\/\/profloors.ee\/wp-content\/uploads\/2017\/02\/Rakvere-staadion.jpg\" \/><\/span><\/li><li class=\"image\"><span class=\"hover-type-none\"><img decoding=\"async\" src=\"https:\/\/profloors.ee\/wp-content\/uploads\/2021\/10\/T\u00f5rva-staadion.jpg\" \/><\/span><\/li><li class=\"image\"><span class=\"hover-type-none\"><img decoding=\"async\" src=\"https:\/\/profloors.ee\/wp-content\/uploads\/2017\/10\/Lohkva-Spordihoone-3.jpg\" \/><\/span><\/li><li class=\"image\"><span class=\"hover-type-none\"><img decoding=\"async\" src=\"https:\/\/profloors.ee\/wp-content\/uploads\/2017\/03\/K\u00e4\u00e4riku-spordikeskuse-kergej\u00f5ustikustaadion.jpg\" \/><\/span><\/li><li class=\"image\"><span class=\"hover-type-none\"><img decoding=\"async\" src=\"https:\/\/profloors.ee\/wp-content\/uploads\/2020\/12\/Elva-Spordihoone.jpg\" \/><\/span><\/li><\/ul><\/div><div class=\"fusion-clearfix\"><\/div>\n\n\t\t\t<\/div>\n\t\t<\/div><div  class=\"fusion-layout-column fusion_builder_column fusion_builder_column_3_5  fusion-three-fifth fusion-column-last 3_5\"  style='margin-top:0px;margin-bottom:0px;width:58.4%'>\n\t\t\t<div class=\"fusion-column-wrapper\" style=\"background-position:left top;background-repeat:no-repeat;-webkit-background-size:cover;-moz-background-size:cover;-o-background-size:cover;background-size:cover;\"  data-bg-url=\"\">\n\t\t\t\t<h2>Flooring, inner and external courts sales and installation.<\/h2>\n<h3>Basketball, volleyball, handball, football and tennis courts and construction of stadiums and other sports facilities construction, commercial flooring installation.<\/h3>\n<div class=\"fusion-sep-clear\"><\/div><div class=\"fusion-separator fusion-full-width-sep sep-none\" style=\"margin-left: auto;margin-right: auto;margin-top:15px;\"><\/div><p>Our personnel has a 27-year experience in installing floors to office spaces, schools, nursery schools, hospitals, etc, and covers to ball game halls and tennis courts, also in building outdoor sports facilities, tennis and football courts and other similar objects.<\/p>\n<p>Profloors O\u00dc offers you an integral solution starting from consultations up to supplying materials and establishing a floor or a sports court and later maintenance.<\/p>\n<div class=\"fusion-sep-clear\"><\/div><div class=\"fusion-separator fusion-full-width-sep sep-none\" style=\"margin-left: auto;margin-right: auto;margin-top:15px;\"><\/div><div class=\"fusion-clearfix\"><\/div>\n\n\t\t\t<\/div>\n\t\t<\/div><\/div><\/div><\/p>\n","protected":false},"excerpt":{"rendered":"","protected":false},"author":1,"featured_media":0,"parent":0,"menu_order":0,"comment_status":"closed","ping_status":"open","template":"100-width.php","meta":{"_acf_changed":false,"footnotes":""},"class_list":["post-3226","page","type-page","status-publish","hentry"],"acf":[],"_links":{"self":[{"href":"https:\/\/profloors.ee\/en\/wp-json\/wp\/v2\/pages\/3226","targetHints":{"allow":["GET"]}}],"collection":[{"href":"https:\/\/profloors.ee\/en\/wp-json\/wp\/v2\/pages"}],"about":[{"href":"https:\/\/profloors.ee\/en\/wp-json\/wp\/v2\/types\/page"}],"author":[{"embeddable":true,"href":"https:\/\/profloors.ee\/en\/wp-json\/wp\/v2\/users\/1"}],"replies":[{"embeddable":true,"href":"https:\/\/profloors.ee\/en\/wp-json\/wp\/v2\/comments?post=3226"}],"version-history":[{"count":5,"href":"https:\/\/profloors.ee\/en\/wp-json\/wp\/v2\/pages\/3226\/revisions"}],"predecessor-version":[{"id":10509,"href":"https:\/\/profloors.ee\/en\/wp-json\/wp\/v2\/pages\/3226\/revisions\/10509"}],"wp:attachment":[{"href":"https:\/\/profloors.ee\/en\/wp-json\/wp\/v2\/media?parent=3226"}],"curies":[{"name":"wp","href":"https:\/\/api.w.org\/{rel}","templated":true}]}}